{"id":208,"date":"2020-05-12T14:16:04","date_gmt":"2020-05-12T18:16:04","guid":{"rendered":"https:\/\/giveplasma.ca\/?page_id=208"},"modified":"2025-12-23T10:12:21","modified_gmt":"2025-12-23T15:12:21","slug":"questions-frequentes","status":"publish","type":"page","link":"https:\/\/giveplasma.ca\/fr\/donneurs\/questions-frequentes\/","title":{"rendered":"Questions Fr\u00e9quentes"},"content":{"rendered":"\n<div class=\"wp-block-coblocks-accordion\">\n<div class=\"wp-block-coblocks-accordion-item\"><details><summary class=\"wp-block-coblocks-accordion-item__title\">Qu\u2019est-ce que le plasma-aph\u00e9r\u00e8se destin\u00e9 au fractionnement?<\/summary><div class=\"wp-block-coblocks-accordion-item__content\">\n<p>Le plasma-aph\u00e9r\u00e8se destin\u00e9 au fractionnement est recueilli aupr\u00e8s de donneurs.<\/p>\n\n\n\n<p>Le plasma-aph\u00e9r\u00e8se recueilli par Grifols est la mati\u00e8re premi\u00e8re qui sera transform\u00e9e en th\u00e9rapies vitales.<\/p>\n\n\n\n<p>Le plasma-aph\u00e9r\u00e8se recueilli par Grifols N\u2019EST PAS utilis\u00e9 pour des transfusions.<\/p>\n<\/div><\/details><\/div>\n\n\n\n<div class=\"wp-block-coblocks-accordion-item\"><details><summary class=\"wp-block-coblocks-accordion-item__title\">Qui a besoin de plasma-aph\u00e9r\u00e8se?<\/summary><div class=\"wp-block-coblocks-accordion-item__content\">\n<p>Des dizaines de milliers de patients canadiens et des millions de personnes du monde entier comptent sur des th\u00e9rapies \u00e9labor\u00e9es \u00e0 partir de plasma-aph\u00e9r\u00e8se. Sont ainsi vis\u00e9s :<\/p>\n\n\n\n<ul><li>Les d\u00e9ficiences immunitaires.<\/li><li>Les maladies auto-immunes.<\/li><li>Les troubles respiratoires.<\/li><li>L\u2019h\u00e9mophilie.<\/li><li>Les maladies du foie.<\/li><li>Les saignements pendant les chirurgies.<\/li><li>Les cas de br\u00fblures et de choc.<\/li><\/ul>\n\n\n\n<p>Certaines th\u00e9rapies ne peuvent \u00eatre d\u00e9riv\u00e9es que du plasma-aph\u00e9r\u00e8se humain.<\/p>\n<\/div><\/details><\/div>\n\n\n\n<div class=\"wp-block-coblocks-accordion-item\"><details><summary class=\"wp-block-coblocks-accordion-item__title\">Pourquoi faire un don de plasma?<\/summary><div class=\"wp-block-coblocks-accordion-item__content\">\n<p>Le plasma donn\u00e9 par des donneurs en sant\u00e9 peut aider des gens ayant de graves probl\u00e8mes m\u00e9dicaux.<\/p>\n\n\n\n<p>Le Canada compte sur d\u2019autres pays pour obtenir des produits de prot\u00e9ines plasmatiques. Ces produits proviennent de donneurs pay\u00e9s des \u00c9tats-Unis.<\/p>\n\n\n\n<p>\u00c9tant donn\u00e9 que le Canada d\u00e9pend de sources \u00e9trang\u00e8res, s\u2019il y avait une p\u00e9nurie mondiale de plasma ou de th\u00e9rapies de prot\u00e9ines plasmatiques, la sant\u00e9 et la qualit\u00e9 de vie de nombreux patients canadiens seraient compromises.<\/p>\n\n\n\n<p>En devenant un donneur de plasma, vous pouvez contribuer \u00e0 satisfaire les besoins du Canada en th\u00e9rapies d\u00e9riv\u00e9es du plasma.<\/p>\n<\/div><\/details><\/div>\n\n\n\n<div class=\"wp-block-coblocks-accordion-item\"><details><summary class=\"wp-block-coblocks-accordion-item__title\">Qui peut donner du plasma \u00e0 Grifols?<\/summary><div class=\"wp-block-coblocks-accordion-item__content\">\n<p>Grifols n\u2019accepte que les donneurs en sant\u00e9 qui satisfont aux conditions suivantes :<\/p>\n\n\n\n<ul><li>Sont \u00e2g\u00e9s entre 17 et 68 ans.<\/li><li>P\u00e8sent au moins 110 lb.<\/li><li>Ont une adresse permanente dans un rayon de moins de 100 kilom\u00e8tres d\u2019une installation de&nbsp;Grifols.<\/li><li>Doivent pr\u00e9senter une photo d\u2019identit\u00e9 en r\u00e8gle, une preuve d\u2019adresse et leur carte d\u2019assurance sociale.<\/li><\/ul>\n\n\n\n<p>L\u2019admissibilit\u00e9 \u00e0 faire un don est d\u00e9termin\u00e9e par un processus&nbsp;qui comprend un <a href=\"https:\/\/giveplasma.ca\/wp-content\/uploads\/2024\/02\/questionnaire-Grifols.pdf\" target=\"_blank\" rel=\"noreferrer noopener\">questionnaire<\/a>, une entrevue, un examen m\u00e9dical et des tests qui seront men\u00e9s deux fois dans une p\u00e9riode de 26 semaines.<\/p>\n<\/div><\/details><\/div>\n\n\n\n<div class=\"wp-block-coblocks-accordion-item\"><details><summary class=\"wp-block-coblocks-accordion-item__title\">\u00c0 quoi puis-je m\u2019attendre pendant une journ\u00e9e de don typique?<\/summary><div class=\"wp-block-coblocks-accordion-item__content\">\n<p>Pr\u00e9voyez deux heures pour votre premi\u00e8re visite. Votre prochaine visite ne devrait prendre qu\u2019environ une heure.<\/p>\n\n\n\n<p>Il y a quatre \u00e9tapes dans le processus de don.<\/p>\n\n\n\n<ul><li>Pendant l\u2019enregistrement, attendez-vous qu\u2019on vous demande :\n<ul><li>Une preuve d\u2019identit\u00e9 en r\u00e8gle<\/li><li>De lire et de remplir des questionnaires<\/li><li>De subir des v\u00e9rifications pr\u00e9liminaires de sant\u00e9 comme faire prendre votre tension art\u00e9rielle<\/li><\/ul>\n<\/li><li>Pendant le d\u00e9pistage, vous&nbsp;:\n<ul><li>Subirez un examen m\u00e9dical<\/li><li>Rencontrerez du personnel m\u00e9dical qui passera en revue avec vous la documentation<\/li><li>Pourrez poser des questions auxquelles on r\u00e9pondra<\/li><li>Confirmerez que vous consentez \u00e0 faire un don<\/li><\/ul>\n<\/li><li>Pendant le don, vous :\n<ul><li>Serez reli\u00e9 \u00e0 une machine de plasmaph\u00e9r\u00e8se<\/li><li>Pourrez passer le temps \u00e0 lire, \u00e0 \u00e9couter la t\u00e9l\u00e9 ou de la musique<\/li><li>Serez suivi par le personnel m\u00e9dical.<\/li><\/ul>\n<\/li><li>Apr\u00e8s le don, vous pourrez :\n<ul><li>Vous d\u00e9tendre dans la salle d\u2019attente<\/li><li>Prendre des rafra\u00eechissements<\/li><\/ul>\n<\/li><\/ul>\n<\/div><\/details><\/div>\n\n\n\n<div class=\"wp-block-coblocks-accordion-item\"><details><summary class=\"wp-block-coblocks-accordion-item__title\">Est-il s\u00e9curitaire de faire un don?<\/summary><div class=\"wp-block-coblocks-accordion-item__content\">\n<p>Oui!<\/p>\n\n\n\n<p>Comme toute autre proc\u00e9dure, la plasmaph\u00e9r\u00e8se comporte certains risques qui sont cependant faibles, et la proc\u00e9dure en soi comporte peu ou pas d\u2019effets secondaires.<\/p>\n\n\n\n<p>Le personnel m\u00e9dical form\u00e9 qui travaille \u00e0 notre installation est pr\u00e9sent \u00e0 chaque \u00e9tape du processus de don. Avant votre don, quelqu\u2019un vous expliquera les risques en cause ainsi que toute la proc\u00e9dure de don de plasma.<\/p>\n\n\n\n<p>L\u2019\u00e9quipement utilis\u00e9 est certifi\u00e9 et st\u00e9rilis\u00e9, si bien que votre sang n\u2019est jamais en contact avec un environnement non st\u00e9rilis\u00e9.<br>Grifols est autoris\u00e9 par licence par Sant\u00e9 Canada, le m\u00eame organisme qui r\u00e8glemente la Soci\u00e9t\u00e9 canadienne du sang. Sant\u00e9 Canada inspecte nos installations pour s\u2019assurer que nous nous conformons \u00e0 tous les r\u00e8glements nationaux et internationaux.<\/p>\n<\/div><\/details><\/div>\n\n\n\n<div class=\"wp-block-coblocks-accordion-item\"><details><summary class=\"wp-block-coblocks-accordion-item__title\">Qu\u2019est-ce que la plasmaph\u00e9r\u00e8se?<\/summary><div class=\"wp-block-coblocks-accordion-item__content\">\n<p>Pendant la plasmaph\u00e9r\u00e8se, le donneur est reli\u00e9 \u00e0 une machine sp\u00e9cialis\u00e9e. Son sang entre dans la machine o\u00f9 le plasma est s\u00e9par\u00e9 des autres composantes du sang qui sont ensuite retourn\u00e9es dans le corps du donneur.<\/p>\n\n\n\n<p>Le sang est toujours dans un environnement st\u00e9rile. Le volume de plasma retir\u00e9 pendant la plasmaph\u00e9r\u00e8se d\u00e9pend du poids de la personne.<\/p>\n\n\n\n<p>Des professionnels d\u00fbment form\u00e9s pour ce processus suivent les donneurs \u00e0 tout moment pour veiller \u00e0 leurs soins et confort.<\/p>\n<\/div><\/details><\/div>\n\n\n\n<div class=\"wp-block-coblocks-accordion-item\"><details><summary class=\"wp-block-coblocks-accordion-item__title\">Que faire si je ne me sens pas bien?<\/summary><div class=\"wp-block-coblocks-accordion-item__content\">\n<p>Avant le don, il importe de bien manger et d\u2019\u00eatre bien hydrat\u00e9. Buvez des boissons qui ne contiennent ni caf\u00e9ine ni alcool.<\/p>\n\n\n\n<p><strong>Venez faire un don lorsque vous :<\/strong><\/p>\n\n\n\n<ul><li>Vous sentez bien et repos\u00e9.<\/li><li>N&rsquo;avez pas consomm\u00e9 d\u2019alcool ni fum\u00e9 pendant huit heures.<\/li><li>N&rsquo;avez pris aucun m\u00e9dicament pour traiter une infection.<\/li><li>N&rsquo;avez pas subi de traitement dentaire dans les deux derniers jours.<\/li><li>Le personnel m\u00e9dical surveillera votre \u00e9tat tout au long du processus de don.<\/li><\/ul>\n\n\n\n<p>Si vous ne vous sentez pas bien pendant le don, avertissez-en le personnel imm\u00e9diatement pour qu\u2019on puisse cesser le processus.<\/p>\n\n\n\n<p>Grifols est \u00e9quip\u00e9 de trousses de premiers soins et de m\u00e9dicaments d\u2019urgence. Le personnel est aussi form\u00e9 en techniques de RCR (r\u00e9animation cardiorespiratoire). Nous sommes aussi situ\u00e9s \u00e0 proximit\u00e9 d\u2019un h\u00f4pital si une autre intervention s\u2019av\u00e9rait n\u00e9cessaire.<\/p>\n\n\n\n<p>Si vous ne vous sentez pas bien apr\u00e8s avoir fait un don, <a href=\"https:\/\/giveplasma.ca\/fr\/au-sujet-de\/contact\/\">communiquez avec Grifols<\/a> ou votre m\u00e9decin de famille. En cas d\u2019urgence, composez le 9-1-1.<\/p>\n<\/div><\/details><\/div>\n\n\n\n<div class=\"wp-block-coblocks-accordion-item\"><details><summary class=\"wp-block-coblocks-accordion-item__title\">\u00c0 quelle fr\u00e9quence puis-je faire un don?<\/summary><div class=\"wp-block-coblocks-accordion-item__content\">\n<p>Le plasma se r\u00e9g\u00e9n\u00e8re naturellement dans le corps humain en environ 48 heures.<\/p>\n\n\n\n<p>Chez Grifols, il est possible de donner du plasma jusqu\u2019\u00e0 deux fois au cours d\u2019une p\u00e9riode glissante de sept jours, \u00e0 condition de respecter un intervalle minimal de deux jours entre les dons. Par exemple, si vous donnez le mercredi et le vendredi d\u2019une m\u00eame semaine, votre prochain don admissible pourra avoir lieu le mercredi de la semaine suivante.<\/p>\n<\/div><\/details><\/div>\n\n\n\n<div class=\"wp-block-coblocks-accordion-item\"><details><summary class=\"wp-block-coblocks-accordion-item__title\">Comment puis-je faire un don?<\/summary><div class=\"wp-block-coblocks-accordion-item__content\">\n<p>Visitez l\u2019un de nos centres de don, appelez-nous, or fixez un rendez-vous en ligne.<\/p>\n<\/div><\/details><\/div>\n\n\n\n<div class=\"wp-block-coblocks-accordion-item\"><details><summary class=\"wp-block-coblocks-accordion-item__title\">Que se passe-t-il si mon test de d\u00e9pistage s\u2019av\u00e8re positif?<\/summary><div class=\"wp-block-coblocks-accordion-item__content\">\n<p>Votre plasma sera soumis au d\u00e9pistage pour le SIDA, l\u2019h\u00e9patite A, l\u2019h\u00e9patite B et l\u2019h\u00e9patite C ainsi que pour la syphilis et le parvovirus B19.<\/p>\n\n\n\n<p>Si votre test s\u2019av\u00e8re positif pour l\u2019une de ces infections, vous en serez inform\u00e9 de mani\u00e8re confidentielle par un m\u00e9decin ou un rempla\u00e7ant de m\u00e9decin. Il vous sera recommand\u00e9 de faire le suivi avec votre m\u00e9decin de famille.<\/p>\n\n\n\n<p>Quiconque a un test de d\u00e9pistage positif pour le SIDA, l\u2019h\u00e9patite A, l\u2019h\u00e9patite B ou l\u2019h\u00e9patite C ne peut donner de plasma \u00e0 Grifols.<\/p>\n\n\n\n<p>Aux termes de&nbsp;la r\u00e8glementation canadienne,&nbsp;les autorit\u00e9s de la sant\u00e9 publique en seront aussi inform\u00e9es. Votre nom sera alors inscrit au Registre national des donneurs exclus (NDDR) pour emp\u00eacher les dons de donneurs dont les r\u00e9sultats \u00e9taient positifs pour ces infections.<\/p>\n<\/div><\/details><\/div>\n\n\n\n<div class=\"wp-block-coblocks-accordion-item\"><details><summary class=\"wp-block-coblocks-accordion-item__title\">Le don de plasma est-il r\u00e8glement\u00e9?<\/summary><div class=\"wp-block-coblocks-accordion-item__content\">\n<p>Oui.<\/p>\n\n\n\n<p>Au Canada, le don de plasma est r\u00e8glement\u00e9 en vertu des r\u00e8glements sur les produits sanguins qui s\u2019appliquent \u00e0 la Soci\u00e9t\u00e9 canadienne du sang, H\u00e9ma-Qu\u00e9bec et aux entreprises priv\u00e9es qui recueillent du plasma comme Grifols.<\/p>\n\n\n\n<p>Grifols est autoris\u00e9 par licence par Sant\u00e9 Canada pour recueillir du plasma pour en faire des produits d\u00e9riv\u00e9s du plasma.<\/p>\n\n\n\n<p>S\u2019assurer que les Canadiens et les Canadiennes ont acc\u00e8s \u00e0 un approvisionnement s\u00e9curitaire en sang constitue la pierre angulaire de la r\u00e9ponse de Sant\u00e9 Canada \u00e0 la Commission Krever. Les r\u00e8glements pr\u00e9sentement en vigueur adopt\u00e9s le 23&nbsp;octobre&nbsp;2014 compl\u00e8tent la r\u00e9ponse du gouvernement \u00e0 la Commission Krever. Le Canada demeure un chef de file dans la s\u00e9curit\u00e9 des produits sanguins, comme le reconna\u00eet d\u2019ailleurs l\u2019Organisation mondiale de la Sant\u00e9.<\/p>\n<\/div><\/details><\/div>\n<\/div>\n","protected":false},"excerpt":{"rendered":"","protected":false},"author":1,"featured_media":0,"parent":188,"menu_order":9,"comment_status":"closed","ping_status":"closed","template":"","meta":{"_coblocks_attr":"","_coblocks_dimensions":"","_coblocks_responsive_height":"","_coblocks_accordion_ie_support":""},"acf":[],"yoast_head":"<!-- This site is optimized with the Yoast SEO plugin v19.4 - https:\/\/yoast.com\/wordpress\/plugins\/seo\/ -->\n<title>Questions Fr\u00e9quentes - Grifols<\/title>\n<meta name=\"robots\" content=\"index, follow, max-snippet:-1, max-image-preview:large, max-video-preview:-1\" \/>\n<link rel=\"canonical\" href=\"https:\/\/giveplasma.ca\/fr\/donneurs\/questions-frequentes\/\" \/>\n<meta property=\"og:locale\" content=\"fr_FR\" \/>\n<meta property=\"og:type\" content=\"article\" \/>\n<meta property=\"og:title\" content=\"Questions Fr\u00e9quentes - Grifols\" \/>\n<meta property=\"og:url\" content=\"https:\/\/giveplasma.ca\/fr\/donneurs\/questions-frequentes\/\" \/>\n<meta property=\"og:site_name\" content=\"Grifols\" \/>\n<meta property=\"article:publisher\" content=\"https:\/\/www.facebook.com\/giveplasma\" \/>\n<meta property=\"article:modified_time\" content=\"2025-12-23T15:12:21+00:00\" \/>\n<meta name=\"twitter:card\" content=\"summary_large_image\" \/>\n<meta name=\"twitter:site\" content=\"@giveplasma\" \/>\n<meta name=\"twitter:label1\" content=\"Dur\u00e9e de lecture estim\u00e9e\" \/>\n\t<meta name=\"twitter:data1\" content=\"6 minutes\" \/>\n<script type=\"application\/ld+json\" class=\"yoast-schema-graph\">{\"@context\":\"https:\/\/schema.org\",\"@graph\":[{\"@type\":\"Organization\",\"@id\":\"https:\/\/giveplasma.ca\/#organization\",\"name\":\"Grifols\",\"url\":\"https:\/\/giveplasma.ca\/\",\"sameAs\":[\"https:\/\/www.instagram.com\/giveplasma\/\",\"https:\/\/www.youtube.com\/channel\/UC-AZ6t3Ap4xP6C7JocUsnBA\",\"https:\/\/en.wikipedia.org\/wiki\/Canadian_Plasma_Resources\",\"https:\/\/www.facebook.com\/giveplasma\",\"https:\/\/twitter.com\/giveplasma\"],\"logo\":{\"@type\":\"ImageObject\",\"inLanguage\":\"fr-FR\",\"@id\":\"https:\/\/giveplasma.ca\/#\/schema\/logo\/image\/\",\"url\":\"https:\/\/giveplasma.ca\/wp-content\/uploads\/2024\/02\/Grifols-Plasma-Logo-High-Res-151.png\",\"contentUrl\":\"https:\/\/giveplasma.ca\/wp-content\/uploads\/2024\/02\/Grifols-Plasma-Logo-High-Res-151.png\",\"width\":151,\"height\":56,\"caption\":\"Grifols\"},\"image\":{\"@id\":\"https:\/\/giveplasma.ca\/#\/schema\/logo\/image\/\"}},{\"@type\":\"WebSite\",\"@id\":\"https:\/\/giveplasma.ca\/#website\",\"url\":\"https:\/\/giveplasma.ca\/\",\"name\":\"Grifols\",\"description\":\"Give Plasma, Give Life\",\"publisher\":{\"@id\":\"https:\/\/giveplasma.ca\/#organization\"},\"potentialAction\":[{\"@type\":\"SearchAction\",\"target\":{\"@type\":\"EntryPoint\",\"urlTemplate\":\"https:\/\/giveplasma.ca\/?s={search_term_string}\"},\"query-input\":\"required name=search_term_string\"}],\"inLanguage\":\"fr-FR\"},{\"@type\":\"WebPage\",\"@id\":\"https:\/\/giveplasma.ca\/fr\/donneurs\/questions-frequentes\/\",\"url\":\"https:\/\/giveplasma.ca\/fr\/donneurs\/questions-frequentes\/\",\"name\":\"Questions Fr\u00e9quentes - Grifols\",\"isPartOf\":{\"@id\":\"https:\/\/giveplasma.ca\/#website\"},\"datePublished\":\"2020-05-12T18:16:04+00:00\",\"dateModified\":\"2025-12-23T15:12:21+00:00\",\"breadcrumb\":{\"@id\":\"https:\/\/giveplasma.ca\/fr\/donneurs\/questions-frequentes\/#breadcrumb\"},\"inLanguage\":\"fr-FR\",\"potentialAction\":[{\"@type\":\"ReadAction\",\"target\":[\"https:\/\/giveplasma.ca\/fr\/donneurs\/questions-frequentes\/\"]}]},{\"@type\":\"BreadcrumbList\",\"@id\":\"https:\/\/giveplasma.ca\/fr\/donneurs\/questions-frequentes\/#breadcrumb\",\"itemListElement\":[{\"@type\":\"ListItem\",\"position\":1,\"name\":\"Home\",\"item\":\"https:\/\/giveplasma.ca\/fr\/\"},{\"@type\":\"ListItem\",\"position\":2,\"name\":\"Donneurs\",\"item\":\"https:\/\/giveplasma.ca\/fr\/donneurs\/\"},{\"@type\":\"ListItem\",\"position\":3,\"name\":\"Questions Fr\u00e9quentes\"}]}]}<\/script>\n<!-- \/ Yoast SEO plugin. -->","yoast_head_json":{"title":"Questions Fr\u00e9quentes - Grifols","robots":{"index":"index","follow":"follow","max-snippet":"max-snippet:-1","max-image-preview":"max-image-preview:large","max-video-preview":"max-video-preview:-1"},"canonical":"https:\/\/giveplasma.ca\/fr\/donneurs\/questions-frequentes\/","og_locale":"fr_FR","og_type":"article","og_title":"Questions Fr\u00e9quentes - Grifols","og_url":"https:\/\/giveplasma.ca\/fr\/donneurs\/questions-frequentes\/","og_site_name":"Grifols","article_publisher":"https:\/\/www.facebook.com\/giveplasma","article_modified_time":"2025-12-23T15:12:21+00:00","twitter_card":"summary_large_image","twitter_site":"@giveplasma","twitter_misc":{"Dur\u00e9e de lecture estim\u00e9e":"6 minutes"},"schema":{"@context":"https:\/\/schema.org","@graph":[{"@type":"Organization","@id":"https:\/\/giveplasma.ca\/#organization","name":"Grifols","url":"https:\/\/giveplasma.ca\/","sameAs":["https:\/\/www.instagram.com\/giveplasma\/","https:\/\/www.youtube.com\/channel\/UC-AZ6t3Ap4xP6C7JocUsnBA","https:\/\/en.wikipedia.org\/wiki\/Canadian_Plasma_Resources","https:\/\/www.facebook.com\/giveplasma","https:\/\/twitter.com\/giveplasma"],"logo":{"@type":"ImageObject","inLanguage":"fr-FR","@id":"https:\/\/giveplasma.ca\/#\/schema\/logo\/image\/","url":"https:\/\/giveplasma.ca\/wp-content\/uploads\/2024\/02\/Grifols-Plasma-Logo-High-Res-151.png","contentUrl":"https:\/\/giveplasma.ca\/wp-content\/uploads\/2024\/02\/Grifols-Plasma-Logo-High-Res-151.png","width":151,"height":56,"caption":"Grifols"},"image":{"@id":"https:\/\/giveplasma.ca\/#\/schema\/logo\/image\/"}},{"@type":"WebSite","@id":"https:\/\/giveplasma.ca\/#website","url":"https:\/\/giveplasma.ca\/","name":"Grifols","description":"Give Plasma, Give Life","publisher":{"@id":"https:\/\/giveplasma.ca\/#organization"},"potentialAction":[{"@type":"SearchAction","target":{"@type":"EntryPoint","urlTemplate":"https:\/\/giveplasma.ca\/?s={search_term_string}"},"query-input":"required name=search_term_string"}],"inLanguage":"fr-FR"},{"@type":"WebPage","@id":"https:\/\/giveplasma.ca\/fr\/donneurs\/questions-frequentes\/","url":"https:\/\/giveplasma.ca\/fr\/donneurs\/questions-frequentes\/","name":"Questions Fr\u00e9quentes - Grifols","isPartOf":{"@id":"https:\/\/giveplasma.ca\/#website"},"datePublished":"2020-05-12T18:16:04+00:00","dateModified":"2025-12-23T15:12:21+00:00","breadcrumb":{"@id":"https:\/\/giveplasma.ca\/fr\/donneurs\/questions-frequentes\/#breadcrumb"},"inLanguage":"fr-FR","potentialAction":[{"@type":"ReadAction","target":["https:\/\/giveplasma.ca\/fr\/donneurs\/questions-frequentes\/"]}]},{"@type":"BreadcrumbList","@id":"https:\/\/giveplasma.ca\/fr\/donneurs\/questions-frequentes\/#breadcrumb","itemListElement":[{"@type":"ListItem","position":1,"name":"Home","item":"https:\/\/giveplasma.ca\/fr\/"},{"@type":"ListItem","position":2,"name":"Donneurs","item":"https:\/\/giveplasma.ca\/fr\/donneurs\/"},{"@type":"ListItem","position":3,"name":"Questions Fr\u00e9quentes"}]}]}},"_links":{"self":[{"href":"https:\/\/giveplasma.ca\/fr\/wp-json\/wp\/v2\/pages\/208"}],"collection":[{"href":"https:\/\/giveplasma.ca\/fr\/wp-json\/wp\/v2\/pages"}],"about":[{"href":"https:\/\/giveplasma.ca\/fr\/wp-json\/wp\/v2\/types\/page"}],"author":[{"embeddable":true,"href":"https:\/\/giveplasma.ca\/fr\/wp-json\/wp\/v2\/users\/1"}],"replies":[{"embeddable":true,"href":"https:\/\/giveplasma.ca\/fr\/wp-json\/wp\/v2\/comments?post=208"}],"version-history":[{"count":6,"href":"https:\/\/giveplasma.ca\/fr\/wp-json\/wp\/v2\/pages\/208\/revisions"}],"predecessor-version":[{"id":4151,"href":"https:\/\/giveplasma.ca\/fr\/wp-json\/wp\/v2\/pages\/208\/revisions\/4151"}],"up":[{"embeddable":true,"href":"https:\/\/giveplasma.ca\/fr\/wp-json\/wp\/v2\/pages\/188"}],"wp:attachment":[{"href":"https:\/\/giveplasma.ca\/fr\/wp-json\/wp\/v2\/media?parent=208"}],"curies":[{"name":"wp","href":"https:\/\/api.w.org\/{rel}","templated":true}]}}