{"id":205,"date":"2020-05-12T14:10:40","date_gmt":"2020-05-12T18:10:40","guid":{"rendered":"https:\/\/giveplasma.ca\/?page_id=205"},"modified":"2024-02-21T10:04:49","modified_gmt":"2024-02-21T15:04:49","slug":"temoignages-de-patients","status":"publish","type":"page","link":"https:\/\/giveplasma.ca\/fr\/donateurs-actuels\/temoignages-de-patients\/","title":{"rendered":"T\u00e9moignages de patients"},"content":{"rendered":"\n<p><span style=\"font-weight: 400;\">La vie de nombreux patients au Canada et partout dans le monde d\u00e9pend de th\u00e9rapies d\u00e9riv\u00e9es des prot\u00e9ines plasmatiques. Parmi les maladies qui sont trait\u00e9es gr\u00e2ce \u00e0 des th\u00e9rapies d\u00e9riv\u00e9es des prot\u00e9ines plasmatiques, notons des d\u00e9ficiences primaires et secondaires du syst\u00e8me immunitaire, des maladies auto-immunes, des maladies inflammatoires d\u00e9my\u00e9linisantes du syst\u00e8me nerveux, des br\u00fblures et des chocs, des troubles li\u00e9s \u00e0 l\u2019h\u00e9mophilie et d\u2019autres troubles h\u00e9morragiques h\u00e9r\u00e9ditaires. Pour nombre de ces maladies, il y a peu ou pas d\u2019autre traitement que les th\u00e9rapies d\u00e9riv\u00e9es des prot\u00e9ines plasmatiques. <\/span><\/p>\n\n\n\n<p><span style=\"font-weight: 400;\">La seule mani\u00e8re de comprendre pleinement l\u2019importance des th\u00e9rapies plasmatiques, c\u2019est d\u2019\u00e9couter le t\u00e9moignage de personnes dont la vie en d\u00e9pend. Voici quelques liens vers des groupes ind\u00e9pendants et sans but lucratif ainsi que des organisations qui militent pour l\u2019am\u00e9lioration de la sant\u00e9 et de la qualit\u00e9 de vie de ces patients et qui pr\u00e9conisent des soins et des traitements optimaux pour ces patients. <\/span><\/p>\n\n\n\n<figure class=\"wp-block-embed is-type-video is-provider-youtube wp-block-embed-youtube wp-embed-aspect-4-3 wp-has-aspect-ratio\"><div class=\"wp-block-embed__wrapper\">\n<div class=\"embed-responsive embed-responsive-16by9 mb-3\"><iframe loading=\"lazy\" title=\"Patients Using Plasma Therapies Share Their Stories\" width=\"500\" height=\"375\" src=\"https:\/\/www.youtube.com\/embed\/N1xK41MiLrg?feature=oembed\" frameborder=\"0\" allow=\"accelerometer; autoplay; encrypted-media; gyroscope; picture-in-picture\" allowfullscreen><\/iframe><\/div>\n<\/div><\/figure>\n\n\n\n<figure class=\"wp-block-embed is-type-video is-provider-youtube wp-block-embed-youtube wp-embed-aspect-16-9 wp-has-aspect-ratio\"><div class=\"wp-block-embed__wrapper\">\n<div class=\"embed-responsive embed-responsive-16by9 mb-3\"><iframe loading=\"lazy\" title=\"&quot;How Is Your Day?&quot; | &quot;We continue to have hope. Not only for us, but for the next generation.&quot;\" width=\"500\" height=\"281\" src=\"https:\/\/www.youtube.com\/embed\/n8nJFp5Ulng?feature=oembed\" frameborder=\"0\" allow=\"accelerometer; autoplay; encrypted-media; gyroscope; picture-in-picture\" allowfullscreen><\/iframe><\/div>\n<\/div><\/figure>\n\n\n\n<figure class=\"wp-block-embed is-type-video is-provider-youtube wp-block-embed-youtube wp-embed-aspect-16-9 wp-has-aspect-ratio\"><div class=\"wp-block-embed__wrapper\">\n<div class=\"embed-responsive embed-responsive-16by9 mb-3\"><iframe loading=\"lazy\" title=\"&quot;How Is Your Day?&quot; | &quot;Plasma protein therapies changed my entire life.&quot;\" width=\"500\" height=\"281\" src=\"https:\/\/www.youtube.com\/embed\/Vu62qda6eqY?feature=oembed\" frameborder=\"0\" allow=\"accelerometer; autoplay; encrypted-media; gyroscope; picture-in-picture\" allowfullscreen><\/iframe><\/div>\n<\/div><\/figure>\n\n\n\n<p><a rel=\"noopener noreferrer\" href=\"https:\/\/www.raredisorders.ca\/\" target=\"_blank\"><span style=\"font-weight: 400;\">Canadian Organization for Rare Disorders<\/span><\/a><span style=\"font-weight: 400;\"> (organisme canadien pour les maladies rares)<\/span><\/p>\n\n\n\n<p><a rel=\"noopener noreferrer\" href=\"http:\/\/www.cdnaids.ca\/\" target=\"_blank\"><span style=\"font-weight: 400;\">Soci\u00e9t\u00e9 canadienne du SIDA<\/span><\/a><\/p>\n\n\n\n<p><a rel=\"noopener noreferrer\" href=\"http:\/\/www.hemophilia.ca\/\" target=\"_blank\"><span style=\"font-weight: 400;\">Soci\u00e9t\u00e9 canadienne de l\u2019h\u00e9mophilie<\/span><\/a><\/p>\n\n\n\n<p><a rel=\"noopener noreferrer\" href=\"http:\/\/www.cipo.ca\/\" target=\"_blank\"><span style=\"font-weight: 400;\">Organisation canadienne des personnes immunod\u00e9ficientes<\/span><\/a><\/p>\n\n\n\n<p><a rel=\"noopener noreferrer\" href=\"https:\/\/alpha1canada.ca\/\" target=\"_blank\"><span style=\"font-weight: 400;\">D\u00e9ficit en alpha-1 antitrypsine Canada Inc. (Alpha-1 Canada)<\/span><\/a><\/p>\n\n\n\n<p><a rel=\"noopener noreferrer\" href=\"http:\/\/www.haecanada.org\/\" target=\"_blank\"><span style=\"font-weight: 400;\">Angi\u0153d\u00e8me H\u00e9r\u00e9ditaire Canada<\/span><\/a><\/p>\n\n\n\n<p><a rel=\"noopener noreferrer\" href=\"http:\/\/www.donatingplasma.org\/plasma-protein-therapies\/patient-stories\" target=\"_blank\"><span style=\"font-weight: 400;\">Don de plasma<\/span><\/a><\/p>\n","protected":false},"excerpt":{"rendered":"<p>La vie de nombreux patients au Canada et partout dans le monde d\u00e9pend de th\u00e9rapies d\u00e9riv\u00e9es des prot\u00e9ines plasmatiques. Parmi les maladies qui sont trait\u00e9es gr\u00e2ce \u00e0 des th\u00e9rapies d\u00e9riv\u00e9es des prot\u00e9ines plasmatiques, notons des d\u00e9ficiences primaires et secondaires du syst\u00e8me immunitaire, des maladies auto-immunes, des maladies inflammatoires d\u00e9my\u00e9linisantes du syst\u00e8me nerveux, des br\u00fblures et&hellip; <a class=\"text-nowrap\" href=\"https:\/\/giveplasma.ca\/fr\/donateurs-actuels\/temoignages-de-patients\/\">Continue reading<span class=\"sr-only\"> T\u00e9moignages de patients<\/span><\/a><\/p>\n","protected":false},"author":1,"featured_media":0,"parent":3083,"menu_order":31,"comment_status":"closed","ping_status":"closed","template":"","meta":{"_coblocks_attr":"","_coblocks_dimensions":"","_coblocks_responsive_height":"","_coblocks_accordion_ie_support":""},"acf":[],"yoast_head":"<!-- This site is optimized with the Yoast SEO plugin v19.4 - https:\/\/yoast.com\/wordpress\/plugins\/seo\/ -->\n<title>T\u00e9moignages de patients - Grifols<\/title>\n<meta name=\"robots\" content=\"index, follow, max-snippet:-1, max-image-preview:large, max-video-preview:-1\" \/>\n<link rel=\"canonical\" href=\"https:\/\/giveplasma.ca\/fr\/donateurs-actuels\/temoignages-de-patients\/\" \/>\n<meta property=\"og:locale\" content=\"fr_FR\" \/>\n<meta property=\"og:type\" content=\"article\" \/>\n<meta property=\"og:title\" content=\"T\u00e9moignages de patients - Grifols\" \/>\n<meta property=\"og:description\" content=\"La vie de nombreux patients au Canada et partout dans le monde d\u00e9pend de th\u00e9rapies d\u00e9riv\u00e9es des prot\u00e9ines plasmatiques. Parmi les maladies qui sont trait\u00e9es gr\u00e2ce \u00e0 des th\u00e9rapies d\u00e9riv\u00e9es des prot\u00e9ines plasmatiques, notons des d\u00e9ficiences primaires et secondaires du syst\u00e8me immunitaire, des maladies auto-immunes, des maladies inflammatoires d\u00e9my\u00e9linisantes du syst\u00e8me nerveux, des br\u00fblures et&hellip; Continue reading T\u00e9moignages de patients\" \/>\n<meta property=\"og:url\" content=\"https:\/\/giveplasma.ca\/fr\/donateurs-actuels\/temoignages-de-patients\/\" \/>\n<meta property=\"og:site_name\" content=\"Grifols\" \/>\n<meta property=\"article:publisher\" content=\"https:\/\/www.facebook.com\/giveplasma\" \/>\n<meta property=\"article:modified_time\" content=\"2024-02-21T15:04:49+00:00\" \/>\n<meta name=\"twitter:card\" content=\"summary_large_image\" \/>\n<meta name=\"twitter:site\" content=\"@giveplasma\" \/>\n<meta name=\"twitter:label1\" content=\"Dur\u00e9e de lecture estim\u00e9e\" \/>\n\t<meta name=\"twitter:data1\" content=\"1 minute\" \/>\n<script type=\"application\/ld+json\" class=\"yoast-schema-graph\">{\"@context\":\"https:\/\/schema.org\",\"@graph\":[{\"@type\":\"Organization\",\"@id\":\"https:\/\/giveplasma.ca\/#organization\",\"name\":\"Grifols\",\"url\":\"https:\/\/giveplasma.ca\/\",\"sameAs\":[\"https:\/\/www.instagram.com\/giveplasma\/\",\"https:\/\/www.youtube.com\/channel\/UC-AZ6t3Ap4xP6C7JocUsnBA\",\"https:\/\/en.wikipedia.org\/wiki\/Canadian_Plasma_Resources\",\"https:\/\/www.facebook.com\/giveplasma\",\"https:\/\/twitter.com\/giveplasma\"],\"logo\":{\"@type\":\"ImageObject\",\"inLanguage\":\"fr-FR\",\"@id\":\"https:\/\/giveplasma.ca\/#\/schema\/logo\/image\/\",\"url\":\"https:\/\/giveplasma.ca\/wp-content\/uploads\/2024\/02\/Grifols-Plasma-Logo-High-Res-151.png\",\"contentUrl\":\"https:\/\/giveplasma.ca\/wp-content\/uploads\/2024\/02\/Grifols-Plasma-Logo-High-Res-151.png\",\"width\":151,\"height\":56,\"caption\":\"Grifols\"},\"image\":{\"@id\":\"https:\/\/giveplasma.ca\/#\/schema\/logo\/image\/\"}},{\"@type\":\"WebSite\",\"@id\":\"https:\/\/giveplasma.ca\/#website\",\"url\":\"https:\/\/giveplasma.ca\/\",\"name\":\"Grifols\",\"description\":\"Give Plasma, Give Life\",\"publisher\":{\"@id\":\"https:\/\/giveplasma.ca\/#organization\"},\"potentialAction\":[{\"@type\":\"SearchAction\",\"target\":{\"@type\":\"EntryPoint\",\"urlTemplate\":\"https:\/\/giveplasma.ca\/?s={search_term_string}\"},\"query-input\":\"required name=search_term_string\"}],\"inLanguage\":\"fr-FR\"},{\"@type\":\"WebPage\",\"@id\":\"https:\/\/giveplasma.ca\/fr\/donateurs-actuels\/temoignages-de-patients\/\",\"url\":\"https:\/\/giveplasma.ca\/fr\/donateurs-actuels\/temoignages-de-patients\/\",\"name\":\"T\u00e9moignages de patients - Grifols\",\"isPartOf\":{\"@id\":\"https:\/\/giveplasma.ca\/#website\"},\"datePublished\":\"2020-05-12T18:10:40+00:00\",\"dateModified\":\"2024-02-21T15:04:49+00:00\",\"breadcrumb\":{\"@id\":\"https:\/\/giveplasma.ca\/fr\/donateurs-actuels\/temoignages-de-patients\/#breadcrumb\"},\"inLanguage\":\"fr-FR\",\"potentialAction\":[{\"@type\":\"ReadAction\",\"target\":[\"https:\/\/giveplasma.ca\/fr\/donateurs-actuels\/temoignages-de-patients\/\"]}]},{\"@type\":\"BreadcrumbList\",\"@id\":\"https:\/\/giveplasma.ca\/fr\/donateurs-actuels\/temoignages-de-patients\/#breadcrumb\",\"itemListElement\":[{\"@type\":\"ListItem\",\"position\":1,\"name\":\"Home\",\"item\":\"https:\/\/giveplasma.ca\/fr\/\"},{\"@type\":\"ListItem\",\"position\":2,\"name\":\"Donateurs actuels\",\"item\":\"https:\/\/giveplasma.ca\/fr\/donateurs-actuels\/\"},{\"@type\":\"ListItem\",\"position\":3,\"name\":\"T\u00e9moignages de patients\"}]}]}<\/script>\n<!-- \/ Yoast SEO plugin. -->","yoast_head_json":{"title":"T\u00e9moignages de patients - Grifols","robots":{"index":"index","follow":"follow","max-snippet":"max-snippet:-1","max-image-preview":"max-image-preview:large","max-video-preview":"max-video-preview:-1"},"canonical":"https:\/\/giveplasma.ca\/fr\/donateurs-actuels\/temoignages-de-patients\/","og_locale":"fr_FR","og_type":"article","og_title":"T\u00e9moignages de patients - Grifols","og_description":"La vie de nombreux patients au Canada et partout dans le monde d\u00e9pend de th\u00e9rapies d\u00e9riv\u00e9es des prot\u00e9ines plasmatiques. Parmi les maladies qui sont trait\u00e9es gr\u00e2ce \u00e0 des th\u00e9rapies d\u00e9riv\u00e9es des prot\u00e9ines plasmatiques, notons des d\u00e9ficiences primaires et secondaires du syst\u00e8me immunitaire, des maladies auto-immunes, des maladies inflammatoires d\u00e9my\u00e9linisantes du syst\u00e8me nerveux, des br\u00fblures et&hellip; Continue reading T\u00e9moignages de patients","og_url":"https:\/\/giveplasma.ca\/fr\/donateurs-actuels\/temoignages-de-patients\/","og_site_name":"Grifols","article_publisher":"https:\/\/www.facebook.com\/giveplasma","article_modified_time":"2024-02-21T15:04:49+00:00","twitter_card":"summary_large_image","twitter_site":"@giveplasma","twitter_misc":{"Dur\u00e9e de lecture estim\u00e9e":"1 minute"},"schema":{"@context":"https:\/\/schema.org","@graph":[{"@type":"Organization","@id":"https:\/\/giveplasma.ca\/#organization","name":"Grifols","url":"https:\/\/giveplasma.ca\/","sameAs":["https:\/\/www.instagram.com\/giveplasma\/","https:\/\/www.youtube.com\/channel\/UC-AZ6t3Ap4xP6C7JocUsnBA","https:\/\/en.wikipedia.org\/wiki\/Canadian_Plasma_Resources","https:\/\/www.facebook.com\/giveplasma","https:\/\/twitter.com\/giveplasma"],"logo":{"@type":"ImageObject","inLanguage":"fr-FR","@id":"https:\/\/giveplasma.ca\/#\/schema\/logo\/image\/","url":"https:\/\/giveplasma.ca\/wp-content\/uploads\/2024\/02\/Grifols-Plasma-Logo-High-Res-151.png","contentUrl":"https:\/\/giveplasma.ca\/wp-content\/uploads\/2024\/02\/Grifols-Plasma-Logo-High-Res-151.png","width":151,"height":56,"caption":"Grifols"},"image":{"@id":"https:\/\/giveplasma.ca\/#\/schema\/logo\/image\/"}},{"@type":"WebSite","@id":"https:\/\/giveplasma.ca\/#website","url":"https:\/\/giveplasma.ca\/","name":"Grifols","description":"Give Plasma, Give Life","publisher":{"@id":"https:\/\/giveplasma.ca\/#organization"},"potentialAction":[{"@type":"SearchAction","target":{"@type":"EntryPoint","urlTemplate":"https:\/\/giveplasma.ca\/?s={search_term_string}"},"query-input":"required name=search_term_string"}],"inLanguage":"fr-FR"},{"@type":"WebPage","@id":"https:\/\/giveplasma.ca\/fr\/donateurs-actuels\/temoignages-de-patients\/","url":"https:\/\/giveplasma.ca\/fr\/donateurs-actuels\/temoignages-de-patients\/","name":"T\u00e9moignages de patients - Grifols","isPartOf":{"@id":"https:\/\/giveplasma.ca\/#website"},"datePublished":"2020-05-12T18:10:40+00:00","dateModified":"2024-02-21T15:04:49+00:00","breadcrumb":{"@id":"https:\/\/giveplasma.ca\/fr\/donateurs-actuels\/temoignages-de-patients\/#breadcrumb"},"inLanguage":"fr-FR","potentialAction":[{"@type":"ReadAction","target":["https:\/\/giveplasma.ca\/fr\/donateurs-actuels\/temoignages-de-patients\/"]}]},{"@type":"BreadcrumbList","@id":"https:\/\/giveplasma.ca\/fr\/donateurs-actuels\/temoignages-de-patients\/#breadcrumb","itemListElement":[{"@type":"ListItem","position":1,"name":"Home","item":"https:\/\/giveplasma.ca\/fr\/"},{"@type":"ListItem","position":2,"name":"Donateurs actuels","item":"https:\/\/giveplasma.ca\/fr\/donateurs-actuels\/"},{"@type":"ListItem","position":3,"name":"T\u00e9moignages de patients"}]}]}},"_links":{"self":[{"href":"https:\/\/giveplasma.ca\/fr\/wp-json\/wp\/v2\/pages\/205"}],"collection":[{"href":"https:\/\/giveplasma.ca\/fr\/wp-json\/wp\/v2\/pages"}],"about":[{"href":"https:\/\/giveplasma.ca\/fr\/wp-json\/wp\/v2\/types\/page"}],"author":[{"embeddable":true,"href":"https:\/\/giveplasma.ca\/fr\/wp-json\/wp\/v2\/users\/1"}],"replies":[{"embeddable":true,"href":"https:\/\/giveplasma.ca\/fr\/wp-json\/wp\/v2\/comments?post=205"}],"version-history":[{"count":2,"href":"https:\/\/giveplasma.ca\/fr\/wp-json\/wp\/v2\/pages\/205\/revisions"}],"predecessor-version":[{"id":3598,"href":"https:\/\/giveplasma.ca\/fr\/wp-json\/wp\/v2\/pages\/205\/revisions\/3598"}],"up":[{"embeddable":true,"href":"https:\/\/giveplasma.ca\/fr\/wp-json\/wp\/v2\/pages\/3083"}],"wp:attachment":[{"href":"https:\/\/giveplasma.ca\/fr\/wp-json\/wp\/v2\/media?parent=205"}],"curies":[{"name":"wp","href":"https:\/\/api.w.org\/{rel}","templated":true}]}}