{"id":203,"date":"2020-05-12T14:09:22","date_gmt":"2020-05-12T18:09:22","guid":{"rendered":"https:\/\/giveplasma.ca\/?page_id=203"},"modified":"2025-10-14T14:00:14","modified_gmt":"2025-10-14T18:00:14","slug":"indemnisation","status":"publish","type":"page","link":"https:\/\/giveplasma.ca\/fr\/donneurs\/indemnisation\/","title":{"rendered":"Honoraires"},"content":{"rendered":"\n<p>Chez Grifols, nous tenons \u00e0 d\u00e9montrer que nous appr\u00e9cions le temps, l\u2019engagement et les d\u00e9penses qu\u2019encourent nos donneurs pour aider les autres. Tous les donateurs seront inscrits \u00e0 notre programme de fid\u00e9lisation R\u00e9compenses pour les superh\u00e9ros et pourraient recevoir de pr\u00e9cieux cadeaux et prix chaque ann\u00e9e.<\/p>\n\n\n\n<p>La plupart des gens qui satisfont aux <a href=\"https:\/\/giveplasma.ca\/fr\/donneurs\/admissibilite\/\">crit\u00e8res d\u2019admissibilit\u00e9<\/a> de base peuvent devenir un donneur qualifi\u00e9.<\/p>\n\n\n\n<p>Votre r\u00e9mun\u00e9ration vous sera envoy\u00e9e apr\u00e8s chaque don. Un donneur qualifi\u00e9 peut donner du plasma deux fois par p\u00e9riode de 7 jours. <strong>Vous recevrez jusqu\u2019\u00e0 100$ par don<\/strong>.<\/p>\n\n\n\n<p>Nous appr\u00e9cions votre engagement et le soutien constant dont vous faites preuve par vos dons r\u00e9guliers chez Grifols. Rappelez-vous que, par-dessus tout, chaque don que vous faites permettra d\u2019\u00e9laborer des th\u00e9rapies pour des patients dans le besoin.<\/p>\n\n\n\n<p><\/p>\n\n\n\n<h3 class=\"has-text-align-center\">\u00c0 Partir du 2 Juin 2025<\/h3>\n\n\n\n<figure class=\"wp-block-image size-large\"><img loading=\"lazy\" loading=\"lazy\" width=\"1024\" height=\"935\" src=\"https:\/\/giveplasma.ca\/wp-content\/uploads\/2025\/10\/Grifols-New-Compensation-Poster_Website_2025_R1-03-1024x935.png\" alt=\"\" class=\"wp-image-4117\" srcset=\"https:\/\/giveplasma.ca\/wp-content\/uploads\/2025\/10\/Grifols-New-Compensation-Poster_Website_2025_R1-03-1024x935.png 1024w, https:\/\/giveplasma.ca\/wp-content\/uploads\/2025\/10\/Grifols-New-Compensation-Poster_Website_2025_R1-03-300x274.png 300w, https:\/\/giveplasma.ca\/wp-content\/uploads\/2025\/10\/Grifols-New-Compensation-Poster_Website_2025_R1-03-768x702.png 768w, https:\/\/giveplasma.ca\/wp-content\/uploads\/2025\/10\/Grifols-New-Compensation-Poster_Website_2025_R1-03-1536x1403.png 1536w, https:\/\/giveplasma.ca\/wp-content\/uploads\/2025\/10\/Grifols-New-Compensation-Poster_Website_2025_R1-03.png 2000w\" sizes=\"(max-width: 1024px) 100vw, 1024px\" \/><\/figure>\n\n\n\n<div class=\"wp-block-image\"><figure class=\"aligncenter size-large\"><img loading=\"lazy\" loading=\"lazy\" width=\"930\" height=\"1024\" src=\"https:\/\/giveplasma.ca\/wp-content\/uploads\/2025\/10\/Grifols-New-Compensation-Poster_Website_2025R2_R1-04-3-930x1024.png\" alt=\"\" class=\"wp-image-4111\" srcset=\"https:\/\/giveplasma.ca\/wp-content\/uploads\/2025\/10\/Grifols-New-Compensation-Poster_Website_2025R2_R1-04-3-930x1024.png 930w, https:\/\/giveplasma.ca\/wp-content\/uploads\/2025\/10\/Grifols-New-Compensation-Poster_Website_2025R2_R1-04-3-272x300.png 272w, https:\/\/giveplasma.ca\/wp-content\/uploads\/2025\/10\/Grifols-New-Compensation-Poster_Website_2025R2_R1-04-3-768x846.png 768w, https:\/\/giveplasma.ca\/wp-content\/uploads\/2025\/10\/Grifols-New-Compensation-Poster_Website_2025R2_R1-04-3-1394x1536.png 1394w, https:\/\/giveplasma.ca\/wp-content\/uploads\/2025\/10\/Grifols-New-Compensation-Poster_Website_2025R2_R1-04-3-1859x2048.png 1859w, https:\/\/giveplasma.ca\/wp-content\/uploads\/2025\/10\/Grifols-New-Compensation-Poster_Website_2025R2_R1-04-3.png 2000w\" sizes=\"(max-width: 930px) 100vw, 930px\" \/><\/figure><\/div>\n\n\n\n<figure class=\"wp-block-image size-large\"><img loading=\"lazy\" loading=\"lazy\" width=\"1020\" height=\"1024\" src=\"https:\/\/giveplasma.ca\/wp-content\/uploads\/2025\/10\/Grifols-New-Compensation-Poster_Website_2025R2_R1-05-2-1020x1024.png\" alt=\"\" class=\"wp-image-4113\" srcset=\"https:\/\/giveplasma.ca\/wp-content\/uploads\/2025\/10\/Grifols-New-Compensation-Poster_Website_2025R2_R1-05-2-1020x1024.png 1020w, https:\/\/giveplasma.ca\/wp-content\/uploads\/2025\/10\/Grifols-New-Compensation-Poster_Website_2025R2_R1-05-2-300x300.png 300w, https:\/\/giveplasma.ca\/wp-content\/uploads\/2025\/10\/Grifols-New-Compensation-Poster_Website_2025R2_R1-05-2-150x150.png 150w, https:\/\/giveplasma.ca\/wp-content\/uploads\/2025\/10\/Grifols-New-Compensation-Poster_Website_2025R2_R1-05-2-768x771.png 768w, https:\/\/giveplasma.ca\/wp-content\/uploads\/2025\/10\/Grifols-New-Compensation-Poster_Website_2025R2_R1-05-2-1530x1536.png 1530w, https:\/\/giveplasma.ca\/wp-content\/uploads\/2025\/10\/Grifols-New-Compensation-Poster_Website_2025R2_R1-05-2.png 2000w\" sizes=\"(max-width: 1020px) 100vw, 1020px\" \/><\/figure>\n\n\n\n<h2>FAQ<\/h2>\n\n\n\n<div class=\"wp-block-coblocks-accordion\">\n<div class=\"wp-block-coblocks-accordion-item\"><details><summary class=\"wp-block-coblocks-accordion-item__title has-background has-light-background-color has-text-color has-secondary-color\"><strong>Q : Comment puis-je atteindre le niveau Or des honoraires ?<\/strong><\/summary><div class=\"wp-block-coblocks-accordion-item__content\" style=\"border-color:#f8f9fa\">\n<p>R : Pour atteindre le niveau Or, vous devez faire un don deux fois par semaine pendant au moins cinq semaines cons\u00e9cutives. (Deux semaines au niveau Orange, deux semaines au niveau Argent, puis vous passez au niveau Or.)<\/p>\n<\/div><\/details><\/div>\n\n\n\n<div class=\"wp-block-coblocks-accordion-item\"><details><summary class=\"wp-block-coblocks-accordion-item__title has-background has-light-background-color has-text-color has-dark-color\"><strong><strong>Q : Que se passe-t-il si je fais seulement un don par semaine?<\/strong><\/strong><\/summary><div class=\"wp-block-coblocks-accordion-item__content\" style=\"border-color:#f8f9fa\">\n<p>R : Si vous ne faites qu\u2019un don par semaine, vous demeurez \u00e0 votre niveau de r\u00e9compense. Ainsi si vous ne faites qu\u2019un don par semaine et que vous \u00eates au niveau Argent, vous demeurez \u00e0 ce m\u00eame niveau Argent pour la semaine suivante.<\/p>\n<\/div><\/details><\/div>\n\n\n\n<div class=\"wp-block-coblocks-accordion-item\"><details><summary class=\"wp-block-coblocks-accordion-item__title has-background has-light-background-color has-text-color has-secondary-color\"><strong>Q : J\u2019ai fait deux dons sur une p\u00e9riode de sept jours, alors pourquoi n\u2019ai-je pas re\u00e7u des honoraires en surplus ?<\/strong><\/summary><div class=\"wp-block-coblocks-accordion-item__content\" style=\"border-color:#f8f9fa\">\n<p>R : Pour avoir droit aux honoraires en surplus, vous devez faire deux dons au cours d\u2019une m\u00eame semaine civile. Cela signifie que les deux dons doivent \u00eatre effectu\u00e9s entre le lundi et le dimanche pour pouvoir b\u00e9n\u00e9ficier des honoraires en surplus lors de la deuxi\u00e8me visite de la semaine.<\/p>\n<\/div><\/details><\/div>\n\n\n\n<div class=\"wp-block-coblocks-accordion-item\"><details><summary class=\"wp-block-coblocks-accordion-item__title has-background has-light-background-color has-text-color has-dark-color\"><strong>Q : J\u2019ai fait un don mais je n\u2019ai pas encore re\u00e7u mes honoraires. Que dois-je faire ?<\/strong><\/summary><div class=\"wp-block-coblocks-accordion-item__content\" style=\"border-color:#f8f9fa\">\n<p>R : En g\u00e9n\u00e9ral, les honoraires sont envoy\u00e9s \u00e0 nos donateurs dans les deux jours ouvrables suivant le don. Si deux jours ouvrables se sont \u00e9coul\u00e9s et que vous n\u2019avez pas re\u00e7u de courriel concernant vos honoraires, veuillez appeler votre centre local ou envoyer un courriel \u00e0 <a class=\"\">info@giveplasma.ca<\/a> pour vous renseigner.<\/p>\n<\/div><\/details><\/div>\n\n\n\n<div class=\"wp-block-coblocks-accordion-item\"><details><summary class=\"wp-block-coblocks-accordion-item__title has-background has-light-background-color has-text-color has-secondary-color\"><strong>Q : On m\u2019a inform\u00e9 que mon don \u00e9tait inutilisable. Qu\u2019est-ce que cela implique quant aux honoraires ?<\/strong><\/summary><div class=\"wp-block-coblocks-accordion-item__content\" style=\"border-color:#f8f9fa\">\n<p>R : Si nous ne pouvons pas utiliser votre don, vous recevrez 10 $. Cela peut \u00eatre d\u00fb au fait que le don est inf\u00e9rieur \u00e0 notre niveau de volume minimum, qu\u2019il est hyperlipidique ou qu\u2019il contient trop de globules rouges (GR). Votre niveau d\u2019honoraires sera maintenu m\u00eame si nous ne pouvons pas utiliser votre don pour une transformation ult\u00e9rieure.<\/p>\n<\/div><\/details><\/div>\n<\/div>\n","protected":false},"excerpt":{"rendered":"<p>Chez Grifols, nous tenons \u00e0 d\u00e9montrer que nous appr\u00e9cions le temps, l\u2019engagement et les d\u00e9penses qu\u2019encourent nos donneurs pour aider les autres. Tous les donateurs seront inscrits \u00e0 notre programme de fid\u00e9lisation R\u00e9compenses pour les superh\u00e9ros et pourraient recevoir de pr\u00e9cieux cadeaux et prix chaque ann\u00e9e. La plupart des gens qui satisfont aux crit\u00e8res d\u2019admissibilit\u00e9&hellip; <a class=\"text-nowrap\" href=\"https:\/\/giveplasma.ca\/fr\/donneurs\/indemnisation\/\">Continue reading<span class=\"sr-only\"> Honoraires<\/span><\/a><\/p>\n","protected":false},"author":1,"featured_media":0,"parent":188,"menu_order":11,"comment_status":"closed","ping_status":"closed","template":"","meta":{"_coblocks_attr":"","_coblocks_dimensions":"","_coblocks_responsive_height":"","_coblocks_accordion_ie_support":""},"acf":[],"yoast_head":"<!-- This site is optimized with the Yoast SEO plugin v19.4 - https:\/\/yoast.com\/wordpress\/plugins\/seo\/ -->\n<title>Honoraires - Grifols<\/title>\n<meta name=\"robots\" content=\"index, follow, max-snippet:-1, max-image-preview:large, max-video-preview:-1\" \/>\n<link rel=\"canonical\" href=\"https:\/\/giveplasma.ca\/fr\/donneurs\/indemnisation\/\" \/>\n<meta property=\"og:locale\" content=\"fr_FR\" \/>\n<meta property=\"og:type\" content=\"article\" \/>\n<meta property=\"og:title\" content=\"Honoraires - Grifols\" \/>\n<meta property=\"og:description\" content=\"Chez Grifols, nous tenons \u00e0 d\u00e9montrer que nous appr\u00e9cions le temps, l\u2019engagement et les d\u00e9penses qu\u2019encourent nos donneurs pour aider les autres. Tous les donateurs seront inscrits \u00e0 notre programme de fid\u00e9lisation R\u00e9compenses pour les superh\u00e9ros et pourraient recevoir de pr\u00e9cieux cadeaux et prix chaque ann\u00e9e. La plupart des gens qui satisfont aux crit\u00e8res d\u2019admissibilit\u00e9&hellip; Continue reading Honoraires\" \/>\n<meta property=\"og:url\" content=\"https:\/\/giveplasma.ca\/fr\/donneurs\/indemnisation\/\" \/>\n<meta property=\"og:site_name\" content=\"Grifols\" \/>\n<meta property=\"article:publisher\" content=\"https:\/\/www.facebook.com\/giveplasma\" \/>\n<meta property=\"article:modified_time\" content=\"2025-10-14T18:00:14+00:00\" \/>\n<meta property=\"og:image\" content=\"https:\/\/giveplasma.ca\/wp-content\/uploads\/2025\/10\/Grifols-New-Compensation-Poster_Website_2025_R1-03-1024x935.png\" \/>\n<meta name=\"twitter:card\" content=\"summary_large_image\" \/>\n<meta name=\"twitter:site\" content=\"@giveplasma\" \/>\n<meta name=\"twitter:label1\" content=\"Dur\u00e9e de lecture estim\u00e9e\" \/>\n\t<meta name=\"twitter:data1\" content=\"3 minutes\" \/>\n<script type=\"application\/ld+json\" class=\"yoast-schema-graph\">{\"@context\":\"https:\/\/schema.org\",\"@graph\":[{\"@type\":\"Organization\",\"@id\":\"https:\/\/giveplasma.ca\/#organization\",\"name\":\"Grifols\",\"url\":\"https:\/\/giveplasma.ca\/\",\"sameAs\":[\"https:\/\/www.instagram.com\/giveplasma\/\",\"https:\/\/www.youtube.com\/channel\/UC-AZ6t3Ap4xP6C7JocUsnBA\",\"https:\/\/en.wikipedia.org\/wiki\/Canadian_Plasma_Resources\",\"https:\/\/www.facebook.com\/giveplasma\",\"https:\/\/twitter.com\/giveplasma\"],\"logo\":{\"@type\":\"ImageObject\",\"inLanguage\":\"fr-FR\",\"@id\":\"https:\/\/giveplasma.ca\/#\/schema\/logo\/image\/\",\"url\":\"https:\/\/giveplasma.ca\/wp-content\/uploads\/2024\/02\/Grifols-Plasma-Logo-High-Res-151.png\",\"contentUrl\":\"https:\/\/giveplasma.ca\/wp-content\/uploads\/2024\/02\/Grifols-Plasma-Logo-High-Res-151.png\",\"width\":151,\"height\":56,\"caption\":\"Grifols\"},\"image\":{\"@id\":\"https:\/\/giveplasma.ca\/#\/schema\/logo\/image\/\"}},{\"@type\":\"WebSite\",\"@id\":\"https:\/\/giveplasma.ca\/#website\",\"url\":\"https:\/\/giveplasma.ca\/\",\"name\":\"Grifols\",\"description\":\"Give Plasma, Give Life\",\"publisher\":{\"@id\":\"https:\/\/giveplasma.ca\/#organization\"},\"potentialAction\":[{\"@type\":\"SearchAction\",\"target\":{\"@type\":\"EntryPoint\",\"urlTemplate\":\"https:\/\/giveplasma.ca\/?s={search_term_string}\"},\"query-input\":\"required name=search_term_string\"}],\"inLanguage\":\"fr-FR\"},{\"@type\":\"WebPage\",\"@id\":\"https:\/\/giveplasma.ca\/fr\/donneurs\/indemnisation\/\",\"url\":\"https:\/\/giveplasma.ca\/fr\/donneurs\/indemnisation\/\",\"name\":\"Honoraires - Grifols\",\"isPartOf\":{\"@id\":\"https:\/\/giveplasma.ca\/#website\"},\"datePublished\":\"2020-05-12T18:09:22+00:00\",\"dateModified\":\"2025-10-14T18:00:14+00:00\",\"breadcrumb\":{\"@id\":\"https:\/\/giveplasma.ca\/fr\/donneurs\/indemnisation\/#breadcrumb\"},\"inLanguage\":\"fr-FR\",\"potentialAction\":[{\"@type\":\"ReadAction\",\"target\":[\"https:\/\/giveplasma.ca\/fr\/donneurs\/indemnisation\/\"]}]},{\"@type\":\"BreadcrumbList\",\"@id\":\"https:\/\/giveplasma.ca\/fr\/donneurs\/indemnisation\/#breadcrumb\",\"itemListElement\":[{\"@type\":\"ListItem\",\"position\":1,\"name\":\"Home\",\"item\":\"https:\/\/giveplasma.ca\/fr\/\"},{\"@type\":\"ListItem\",\"position\":2,\"name\":\"Donneurs\",\"item\":\"https:\/\/giveplasma.ca\/fr\/donneurs\/\"},{\"@type\":\"ListItem\",\"position\":3,\"name\":\"Honoraires\"}]}]}<\/script>\n<!-- \/ Yoast SEO plugin. -->","yoast_head_json":{"title":"Honoraires - Grifols","robots":{"index":"index","follow":"follow","max-snippet":"max-snippet:-1","max-image-preview":"max-image-preview:large","max-video-preview":"max-video-preview:-1"},"canonical":"https:\/\/giveplasma.ca\/fr\/donneurs\/indemnisation\/","og_locale":"fr_FR","og_type":"article","og_title":"Honoraires - Grifols","og_description":"Chez Grifols, nous tenons \u00e0 d\u00e9montrer que nous appr\u00e9cions le temps, l\u2019engagement et les d\u00e9penses qu\u2019encourent nos donneurs pour aider les autres. Tous les donateurs seront inscrits \u00e0 notre programme de fid\u00e9lisation R\u00e9compenses pour les superh\u00e9ros et pourraient recevoir de pr\u00e9cieux cadeaux et prix chaque ann\u00e9e. La plupart des gens qui satisfont aux crit\u00e8res d\u2019admissibilit\u00e9&hellip; Continue reading Honoraires","og_url":"https:\/\/giveplasma.ca\/fr\/donneurs\/indemnisation\/","og_site_name":"Grifols","article_publisher":"https:\/\/www.facebook.com\/giveplasma","article_modified_time":"2025-10-14T18:00:14+00:00","og_image":[{"url":"https:\/\/giveplasma.ca\/wp-content\/uploads\/2025\/10\/Grifols-New-Compensation-Poster_Website_2025_R1-03-1024x935.png"}],"twitter_card":"summary_large_image","twitter_site":"@giveplasma","twitter_misc":{"Dur\u00e9e de lecture estim\u00e9e":"3 minutes"},"schema":{"@context":"https:\/\/schema.org","@graph":[{"@type":"Organization","@id":"https:\/\/giveplasma.ca\/#organization","name":"Grifols","url":"https:\/\/giveplasma.ca\/","sameAs":["https:\/\/www.instagram.com\/giveplasma\/","https:\/\/www.youtube.com\/channel\/UC-AZ6t3Ap4xP6C7JocUsnBA","https:\/\/en.wikipedia.org\/wiki\/Canadian_Plasma_Resources","https:\/\/www.facebook.com\/giveplasma","https:\/\/twitter.com\/giveplasma"],"logo":{"@type":"ImageObject","inLanguage":"fr-FR","@id":"https:\/\/giveplasma.ca\/#\/schema\/logo\/image\/","url":"https:\/\/giveplasma.ca\/wp-content\/uploads\/2024\/02\/Grifols-Plasma-Logo-High-Res-151.png","contentUrl":"https:\/\/giveplasma.ca\/wp-content\/uploads\/2024\/02\/Grifols-Plasma-Logo-High-Res-151.png","width":151,"height":56,"caption":"Grifols"},"image":{"@id":"https:\/\/giveplasma.ca\/#\/schema\/logo\/image\/"}},{"@type":"WebSite","@id":"https:\/\/giveplasma.ca\/#website","url":"https:\/\/giveplasma.ca\/","name":"Grifols","description":"Give Plasma, Give Life","publisher":{"@id":"https:\/\/giveplasma.ca\/#organization"},"potentialAction":[{"@type":"SearchAction","target":{"@type":"EntryPoint","urlTemplate":"https:\/\/giveplasma.ca\/?s={search_term_string}"},"query-input":"required name=search_term_string"}],"inLanguage":"fr-FR"},{"@type":"WebPage","@id":"https:\/\/giveplasma.ca\/fr\/donneurs\/indemnisation\/","url":"https:\/\/giveplasma.ca\/fr\/donneurs\/indemnisation\/","name":"Honoraires - Grifols","isPartOf":{"@id":"https:\/\/giveplasma.ca\/#website"},"datePublished":"2020-05-12T18:09:22+00:00","dateModified":"2025-10-14T18:00:14+00:00","breadcrumb":{"@id":"https:\/\/giveplasma.ca\/fr\/donneurs\/indemnisation\/#breadcrumb"},"inLanguage":"fr-FR","potentialAction":[{"@type":"ReadAction","target":["https:\/\/giveplasma.ca\/fr\/donneurs\/indemnisation\/"]}]},{"@type":"BreadcrumbList","@id":"https:\/\/giveplasma.ca\/fr\/donneurs\/indemnisation\/#breadcrumb","itemListElement":[{"@type":"ListItem","position":1,"name":"Home","item":"https:\/\/giveplasma.ca\/fr\/"},{"@type":"ListItem","position":2,"name":"Donneurs","item":"https:\/\/giveplasma.ca\/fr\/donneurs\/"},{"@type":"ListItem","position":3,"name":"Honoraires"}]}]}},"_links":{"self":[{"href":"https:\/\/giveplasma.ca\/fr\/wp-json\/wp\/v2\/pages\/203"}],"collection":[{"href":"https:\/\/giveplasma.ca\/fr\/wp-json\/wp\/v2\/pages"}],"about":[{"href":"https:\/\/giveplasma.ca\/fr\/wp-json\/wp\/v2\/types\/page"}],"author":[{"embeddable":true,"href":"https:\/\/giveplasma.ca\/fr\/wp-json\/wp\/v2\/users\/1"}],"replies":[{"embeddable":true,"href":"https:\/\/giveplasma.ca\/fr\/wp-json\/wp\/v2\/comments?post=203"}],"version-history":[{"count":55,"href":"https:\/\/giveplasma.ca\/fr\/wp-json\/wp\/v2\/pages\/203\/revisions"}],"predecessor-version":[{"id":4119,"href":"https:\/\/giveplasma.ca\/fr\/wp-json\/wp\/v2\/pages\/203\/revisions\/4119"}],"up":[{"embeddable":true,"href":"https:\/\/giveplasma.ca\/fr\/wp-json\/wp\/v2\/pages\/188"}],"wp:attachment":[{"href":"https:\/\/giveplasma.ca\/fr\/wp-json\/wp\/v2\/media?parent=203"}],"curies":[{"name":"wp","href":"https:\/\/api.w.org\/{rel}","templated":true}]}}