{"id":200,"date":"2020-05-12T14:08:18","date_gmt":"2020-05-12T18:08:18","guid":{"rendered":"https:\/\/giveplasma.ca\/?page_id=200"},"modified":"2024-01-03T16:34:25","modified_gmt":"2024-01-03T21:34:25","slug":"sante-et-nutrition","status":"publish","type":"page","link":"https:\/\/giveplasma.ca\/fr\/donneurs\/sante-et-nutrition\/","title":{"rendered":"Sant\u00e9 et Nutrition"},"content":{"rendered":"\n<p>Voici quelques conseils de base en mati\u00e8re de sant\u00e9 et de nutrition \u00e0 l\u2019intention des donneurs \u00e9ventuels de plasma :<\/p>\n\n\n\n<p class=\"has-large-font-size\">Prenez un repas sant\u00e9 et \u00e9quilibr\u00e9 avant de faire un don.<\/p>\n\n\n\n<p>Le fait de bien manger permet de minimiser l\u2019impact qu\u2019aura le don de plasma sur votre corps. Le fait de manger accro\u00eet aussi la circulation du sang et il est alors plus facile pour les phl\u00e9botomistes de trouver vos veines.<\/p>\n\n\n\n<p class=\"has-large-font-size\">Mangez des aliments qui ont une teneur \u00e9lev\u00e9e en prot\u00e9ines et en fer.<\/p>\n\n\n\n<p>\u00c9tant donn\u00e9 que le plasma contient des prot\u00e9ines, le fait d\u2019avoir un r\u00e9gime alimentaire \u00e9quilibr\u00e9 mettant l\u2019accent sur les prot\u00e9ines fait en sorte que vous serez dans le meilleur \u00e9tat possible \u00e0 chaque fois que vous ferez un don de plasma. Des aliments riches en fer (comme des viandes maigres, ou des l\u00e9gumes verts \u00e0 feuilles) sont aussi importants puisqu\u2019ils vous permettront de maintenir votre niveau d\u2019h\u00e9moglobine qui est un des crit\u00e8res d\u2019\u00e9valuation dont Grifols se sert pour \u00e9valuer ses donneurs. Si votre niveau d\u2019h\u00e9moglobine est trop faible, nous devrons reporter votre rendez-vous.<\/p>\n\n\n\n<p class=\"has-large-font-size\">\u00c9vitez la caf\u00e9ine, l\u2019alcool et les aliments gras avant de faire un don.<\/p>\n\n\n\n<p>Avant un don, la caf\u00e9ine et l\u2019alcool peuvent vous d\u00e9shydrater. Le gras contenu dans les aliments riches en gras sont transport\u00e9s dans votre plasma. Si vous prenez un repas tr\u00e8s gras avant votre don, le gras se verra dans le plasma. Ce gras plasmatique peut nuire \u00e0 certains tests effectu\u00e9s en laboratoire et rendre votre plasma inutilisable. Il importe d\u2019\u00e9viter les aliments gras dans les six heures pr\u00e9c\u00e9dant votre don.<\/p>\n\n\n\n<p class=\"has-large-font-size\">\u00c9vitez de fumer avant de faire un don.<\/p>\n\n\n\n<p>Le tabagisme entra\u00eene la constriction des vaisseaux sanguins, ce qui r\u00e9duit la circulation sanguine et complique la t\u00e2che des phl\u00e9botomistes pour trouver une veine pendant le don de plasma. Le tabagisme peut aussi vous donner le vertige apr\u00e8s votre don.<\/p>\n\n\n\n<p class=\"has-large-font-size\">Sachez quand consulter votre m\u00e9decin.<\/p>\n\n\n\n<p>La plasmaph\u00e9r\u00e8se est une proc\u00e9dure qui comporte de faibles risques et qui a peu ou pas d\u2019effets secondaires. Cependant si vous ne vous sentez pas bien, ou que vous vous sentez malade pendant le processus de don, vous devez en avertir un membre de notre personnel sur-le-champ. Le m\u00e9decin ou l\u2019infirmi\u00e8re sur place vous examinera. Si vous avez la t\u00eate qui tourne tout de suite apr\u00e8s la proc\u00e9dure, recouchez-vous et reposez-vous pendant quelques minutes. Assurez-vous de boire des liquides pendant ce temps. Si vous ne vous sentez pas bien apr\u00e8s le processus de don et que vous \u00eates de retour \u00e0 la maison, nous vous encourageons \u00e0 appeler votre m\u00e9decin de famille. Si vous pensez que c\u2019est une urgence, composez le 9-1-1.<\/p>\n","protected":false},"excerpt":{"rendered":"<p>Voici quelques conseils de base en mati\u00e8re de sant\u00e9 et de nutrition \u00e0 l\u2019intention des donneurs \u00e9ventuels de plasma : Prenez un repas sant\u00e9 et \u00e9quilibr\u00e9 avant de faire un don. Le fait de bien manger permet de minimiser l\u2019impact qu\u2019aura le don de plasma sur votre corps. Le fait de manger accro\u00eet aussi la&hellip; <a class=\"text-nowrap\" href=\"https:\/\/giveplasma.ca\/fr\/donneurs\/sante-et-nutrition\/\">Continue reading<span class=\"sr-only\"> Sant\u00e9 et Nutrition<\/span><\/a><\/p>\n","protected":false},"author":1,"featured_media":0,"parent":188,"menu_order":10,"comment_status":"closed","ping_status":"closed","template":"","meta":{"_coblocks_attr":"","_coblocks_dimensions":"","_coblocks_responsive_height":"","_coblocks_accordion_ie_support":""},"acf":[],"yoast_head":"<!-- This site is optimized with the Yoast SEO plugin v19.4 - https:\/\/yoast.com\/wordpress\/plugins\/seo\/ -->\n<title>Sant\u00e9 et Nutrition - Grifols<\/title>\n<meta name=\"robots\" content=\"index, follow, max-snippet:-1, max-image-preview:large, max-video-preview:-1\" \/>\n<link rel=\"canonical\" href=\"https:\/\/giveplasma.ca\/fr\/donneurs\/sante-et-nutrition\/\" \/>\n<meta property=\"og:locale\" content=\"fr_FR\" \/>\n<meta property=\"og:type\" content=\"article\" \/>\n<meta property=\"og:title\" content=\"Sant\u00e9 et Nutrition - Grifols\" \/>\n<meta property=\"og:description\" content=\"Voici quelques conseils de base en mati\u00e8re de sant\u00e9 et de nutrition \u00e0 l\u2019intention des donneurs \u00e9ventuels de plasma : Prenez un repas sant\u00e9 et \u00e9quilibr\u00e9 avant de faire un don. Le fait de bien manger permet de minimiser l\u2019impact qu\u2019aura le don de plasma sur votre corps. Le fait de manger accro\u00eet aussi la&hellip; Continue reading Sant\u00e9 et Nutrition\" \/>\n<meta property=\"og:url\" content=\"https:\/\/giveplasma.ca\/fr\/donneurs\/sante-et-nutrition\/\" \/>\n<meta property=\"og:site_name\" content=\"Grifols\" \/>\n<meta property=\"article:publisher\" content=\"https:\/\/www.facebook.com\/giveplasma\" \/>\n<meta property=\"article:modified_time\" content=\"2024-01-03T21:34:25+00:00\" \/>\n<meta name=\"twitter:card\" content=\"summary_large_image\" \/>\n<meta name=\"twitter:site\" content=\"@giveplasma\" \/>\n<meta name=\"twitter:label1\" content=\"Dur\u00e9e de lecture estim\u00e9e\" \/>\n\t<meta name=\"twitter:data1\" content=\"2 minutes\" \/>\n<script type=\"application\/ld+json\" class=\"yoast-schema-graph\">{\"@context\":\"https:\/\/schema.org\",\"@graph\":[{\"@type\":\"Organization\",\"@id\":\"https:\/\/giveplasma.ca\/#organization\",\"name\":\"Grifols\",\"url\":\"https:\/\/giveplasma.ca\/\",\"sameAs\":[\"https:\/\/www.instagram.com\/giveplasma\/\",\"https:\/\/www.youtube.com\/channel\/UC-AZ6t3Ap4xP6C7JocUsnBA\",\"https:\/\/en.wikipedia.org\/wiki\/Canadian_Plasma_Resources\",\"https:\/\/www.facebook.com\/giveplasma\",\"https:\/\/twitter.com\/giveplasma\"],\"logo\":{\"@type\":\"ImageObject\",\"inLanguage\":\"fr-FR\",\"@id\":\"https:\/\/giveplasma.ca\/#\/schema\/logo\/image\/\",\"url\":\"https:\/\/giveplasma.ca\/wp-content\/uploads\/2024\/02\/Grifols-Plasma-Logo-High-Res-151.png\",\"contentUrl\":\"https:\/\/giveplasma.ca\/wp-content\/uploads\/2024\/02\/Grifols-Plasma-Logo-High-Res-151.png\",\"width\":151,\"height\":56,\"caption\":\"Grifols\"},\"image\":{\"@id\":\"https:\/\/giveplasma.ca\/#\/schema\/logo\/image\/\"}},{\"@type\":\"WebSite\",\"@id\":\"https:\/\/giveplasma.ca\/#website\",\"url\":\"https:\/\/giveplasma.ca\/\",\"name\":\"Grifols\",\"description\":\"Give Plasma, Give Life\",\"publisher\":{\"@id\":\"https:\/\/giveplasma.ca\/#organization\"},\"potentialAction\":[{\"@type\":\"SearchAction\",\"target\":{\"@type\":\"EntryPoint\",\"urlTemplate\":\"https:\/\/giveplasma.ca\/?s={search_term_string}\"},\"query-input\":\"required name=search_term_string\"}],\"inLanguage\":\"fr-FR\"},{\"@type\":\"WebPage\",\"@id\":\"https:\/\/giveplasma.ca\/fr\/donneurs\/sante-et-nutrition\/\",\"url\":\"https:\/\/giveplasma.ca\/fr\/donneurs\/sante-et-nutrition\/\",\"name\":\"Sant\u00e9 et Nutrition - Grifols\",\"isPartOf\":{\"@id\":\"https:\/\/giveplasma.ca\/#website\"},\"datePublished\":\"2020-05-12T18:08:18+00:00\",\"dateModified\":\"2024-01-03T21:34:25+00:00\",\"breadcrumb\":{\"@id\":\"https:\/\/giveplasma.ca\/fr\/donneurs\/sante-et-nutrition\/#breadcrumb\"},\"inLanguage\":\"fr-FR\",\"potentialAction\":[{\"@type\":\"ReadAction\",\"target\":[\"https:\/\/giveplasma.ca\/fr\/donneurs\/sante-et-nutrition\/\"]}]},{\"@type\":\"BreadcrumbList\",\"@id\":\"https:\/\/giveplasma.ca\/fr\/donneurs\/sante-et-nutrition\/#breadcrumb\",\"itemListElement\":[{\"@type\":\"ListItem\",\"position\":1,\"name\":\"Home\",\"item\":\"https:\/\/giveplasma.ca\/fr\/\"},{\"@type\":\"ListItem\",\"position\":2,\"name\":\"Donneurs\",\"item\":\"https:\/\/giveplasma.ca\/fr\/donneurs\/\"},{\"@type\":\"ListItem\",\"position\":3,\"name\":\"Sant\u00e9 et Nutrition\"}]}]}<\/script>\n<!-- \/ Yoast SEO plugin. -->","yoast_head_json":{"title":"Sant\u00e9 et Nutrition - Grifols","robots":{"index":"index","follow":"follow","max-snippet":"max-snippet:-1","max-image-preview":"max-image-preview:large","max-video-preview":"max-video-preview:-1"},"canonical":"https:\/\/giveplasma.ca\/fr\/donneurs\/sante-et-nutrition\/","og_locale":"fr_FR","og_type":"article","og_title":"Sant\u00e9 et Nutrition - Grifols","og_description":"Voici quelques conseils de base en mati\u00e8re de sant\u00e9 et de nutrition \u00e0 l\u2019intention des donneurs \u00e9ventuels de plasma : Prenez un repas sant\u00e9 et \u00e9quilibr\u00e9 avant de faire un don. Le fait de bien manger permet de minimiser l\u2019impact qu\u2019aura le don de plasma sur votre corps. Le fait de manger accro\u00eet aussi la&hellip; Continue reading Sant\u00e9 et Nutrition","og_url":"https:\/\/giveplasma.ca\/fr\/donneurs\/sante-et-nutrition\/","og_site_name":"Grifols","article_publisher":"https:\/\/www.facebook.com\/giveplasma","article_modified_time":"2024-01-03T21:34:25+00:00","twitter_card":"summary_large_image","twitter_site":"@giveplasma","twitter_misc":{"Dur\u00e9e de lecture estim\u00e9e":"2 minutes"},"schema":{"@context":"https:\/\/schema.org","@graph":[{"@type":"Organization","@id":"https:\/\/giveplasma.ca\/#organization","name":"Grifols","url":"https:\/\/giveplasma.ca\/","sameAs":["https:\/\/www.instagram.com\/giveplasma\/","https:\/\/www.youtube.com\/channel\/UC-AZ6t3Ap4xP6C7JocUsnBA","https:\/\/en.wikipedia.org\/wiki\/Canadian_Plasma_Resources","https:\/\/www.facebook.com\/giveplasma","https:\/\/twitter.com\/giveplasma"],"logo":{"@type":"ImageObject","inLanguage":"fr-FR","@id":"https:\/\/giveplasma.ca\/#\/schema\/logo\/image\/","url":"https:\/\/giveplasma.ca\/wp-content\/uploads\/2024\/02\/Grifols-Plasma-Logo-High-Res-151.png","contentUrl":"https:\/\/giveplasma.ca\/wp-content\/uploads\/2024\/02\/Grifols-Plasma-Logo-High-Res-151.png","width":151,"height":56,"caption":"Grifols"},"image":{"@id":"https:\/\/giveplasma.ca\/#\/schema\/logo\/image\/"}},{"@type":"WebSite","@id":"https:\/\/giveplasma.ca\/#website","url":"https:\/\/giveplasma.ca\/","name":"Grifols","description":"Give Plasma, Give Life","publisher":{"@id":"https:\/\/giveplasma.ca\/#organization"},"potentialAction":[{"@type":"SearchAction","target":{"@type":"EntryPoint","urlTemplate":"https:\/\/giveplasma.ca\/?s={search_term_string}"},"query-input":"required name=search_term_string"}],"inLanguage":"fr-FR"},{"@type":"WebPage","@id":"https:\/\/giveplasma.ca\/fr\/donneurs\/sante-et-nutrition\/","url":"https:\/\/giveplasma.ca\/fr\/donneurs\/sante-et-nutrition\/","name":"Sant\u00e9 et Nutrition - Grifols","isPartOf":{"@id":"https:\/\/giveplasma.ca\/#website"},"datePublished":"2020-05-12T18:08:18+00:00","dateModified":"2024-01-03T21:34:25+00:00","breadcrumb":{"@id":"https:\/\/giveplasma.ca\/fr\/donneurs\/sante-et-nutrition\/#breadcrumb"},"inLanguage":"fr-FR","potentialAction":[{"@type":"ReadAction","target":["https:\/\/giveplasma.ca\/fr\/donneurs\/sante-et-nutrition\/"]}]},{"@type":"BreadcrumbList","@id":"https:\/\/giveplasma.ca\/fr\/donneurs\/sante-et-nutrition\/#breadcrumb","itemListElement":[{"@type":"ListItem","position":1,"name":"Home","item":"https:\/\/giveplasma.ca\/fr\/"},{"@type":"ListItem","position":2,"name":"Donneurs","item":"https:\/\/giveplasma.ca\/fr\/donneurs\/"},{"@type":"ListItem","position":3,"name":"Sant\u00e9 et Nutrition"}]}]}},"_links":{"self":[{"href":"https:\/\/giveplasma.ca\/fr\/wp-json\/wp\/v2\/pages\/200"}],"collection":[{"href":"https:\/\/giveplasma.ca\/fr\/wp-json\/wp\/v2\/pages"}],"about":[{"href":"https:\/\/giveplasma.ca\/fr\/wp-json\/wp\/v2\/types\/page"}],"author":[{"embeddable":true,"href":"https:\/\/giveplasma.ca\/fr\/wp-json\/wp\/v2\/users\/1"}],"replies":[{"embeddable":true,"href":"https:\/\/giveplasma.ca\/fr\/wp-json\/wp\/v2\/comments?post=200"}],"version-history":[{"count":1,"href":"https:\/\/giveplasma.ca\/fr\/wp-json\/wp\/v2\/pages\/200\/revisions"}],"predecessor-version":[{"id":3367,"href":"https:\/\/giveplasma.ca\/fr\/wp-json\/wp\/v2\/pages\/200\/revisions\/3367"}],"up":[{"embeddable":true,"href":"https:\/\/giveplasma.ca\/fr\/wp-json\/wp\/v2\/pages\/188"}],"wp:attachment":[{"href":"https:\/\/giveplasma.ca\/fr\/wp-json\/wp\/v2\/media?parent=200"}],"curies":[{"name":"wp","href":"https:\/\/api.w.org\/{rel}","templated":true}]}}