{"id":195,"date":"2020-05-12T14:05:42","date_gmt":"2020-05-12T18:05:42","guid":{"rendered":"https:\/\/giveplasma.ca\/?page_id=195"},"modified":"2024-02-21T10:17:20","modified_gmt":"2024-02-21T15:17:20","slug":"processus-de-don","status":"publish","type":"page","link":"https:\/\/giveplasma.ca\/fr\/donneurs\/processus-de-don\/","title":{"rendered":"Processus de don"},"content":{"rendered":"\n<p>Grifols veille \u00e0 votre confort pendant que vous faites votre don. Permettez-nous de vous expliquer ce \u00e0 quoi vous pouvez vous attendre lors de votre visite.<\/p>\n\n\n\n<p>Vous devriez pr\u00e9voir environ 2<sup>1\/2<\/sup> &#8211; 3 heures pour votre premi\u00e8re visite de don. C\u2019est le temps qu\u2019il faudra pour faire toutes les v\u00e9rifications de sant\u00e9 et de s\u00e9curit\u00e9 et pour faire votre premier don. La prochaine visite devrait prendre environ  1<sup>1\/2<\/sup> to 2  heures pour le don.<\/p>\n\n\n\n<div class=\"wp-block-image\"><figure class=\"aligncenter size-large\"><img loading=\"lazy\" loading=\"lazy\" width=\"1024\" height=\"651\" src=\"https:\/\/giveplasma.ca\/wp-content\/uploads\/2024\/02\/timefinal_Grifols-1024x651.png\" alt=\"\" class=\"wp-image-3609\" srcset=\"https:\/\/giveplasma.ca\/wp-content\/uploads\/2024\/02\/timefinal_Grifols-1024x651.png 1024w, https:\/\/giveplasma.ca\/wp-content\/uploads\/2024\/02\/timefinal_Grifols-300x191.png 300w, https:\/\/giveplasma.ca\/wp-content\/uploads\/2024\/02\/timefinal_Grifols-768x488.png 768w, https:\/\/giveplasma.ca\/wp-content\/uploads\/2024\/02\/timefinal_Grifols-1536x977.png 1536w, https:\/\/giveplasma.ca\/wp-content\/uploads\/2024\/02\/timefinal_Grifols-2048x1302.png 2048w\" sizes=\"(max-width: 1024px) 100vw, 1024px\" \/><\/figure><\/div>\n\n\n\n<h2>Enregistrement<\/h2>\n\n\n\n<ul><li>Pr\u00e9senter les pi\u00e8ces d\u2019identit\u00e9 en r\u00e8gle<\/li><li>Remplir le questionnaire<\/li><li>Passer en revue la documentation<\/li><li>Passer en revue le formulaire de consentement<\/li><li>Subir les examens de sant\u00e9 pr\u00e9liminaires y compris la prise de la tension art\u00e9rielle et de la temp\u00e9rature<\/li><\/ul>\n\n\n\n<h2>D\u00e9pistage<\/h2>\n\n\n\n<ul><li>Subir l\u2019examen m\u00e9dical<\/li><li>Passer en revue avec un professionnel de la sant\u00e9 les renseignements fournis lors de l\u2019enregistrement<\/li><li>Subir l\u2019entrevue et la s\u00e9ance de questions et r\u00e9ponses<\/li><li>Confirmer le consentement<\/li><\/ul>\n\n\n\n<h2>Don<\/h2>\n\n\n\n<ul><li>Vous serez escort\u00e9 \u00e0 un lit<\/li><li>Vous serez pr\u00e9par\u00e9 pour le don<\/li><li>Vous serez reli\u00e9 \u00e0 la machine de plasmaph\u00e9r\u00e8se<\/li><li>Vous passerez le temps \u00e0 lire, \u00e0 \u00e9couter la t\u00e9l\u00e9 ou de la musique<\/li><li>Vous serez suivi par le personnel<\/li><\/ul>\n\n\n\n<h2>D\u00e9tente<\/h2>\n\n\n\n<ul><li>Des rafra\u00eechissements seront servis dans la salle d\u2019attente o\u00f9 vous passerez dix minutes<\/li><li>On fixera la date de votre prochain don<\/li><\/ul>\n\n\n\n<figure class=\"wp-block-embed is-type-video is-provider-youtube wp-block-embed-youtube wp-embed-aspect-16-9 wp-has-aspect-ratio\"><div class=\"wp-block-embed__wrapper\">\n<div class=\"embed-responsive embed-responsive-16by9 mb-3\"><iframe loading=\"lazy\" title=\"The Power of Plasma Donation Animation\" width=\"500\" height=\"281\" src=\"https:\/\/www.youtube.com\/embed\/08Pb-UZPLiU?feature=oembed\" frameborder=\"0\" allow=\"accelerometer; autoplay; clipboard-write; encrypted-media; gyroscope; picture-in-picture; web-share\" allowfullscreen><\/iframe><\/div>\n<\/div><\/figure>\n","protected":false},"excerpt":{"rendered":"<p>Grifols veille \u00e0 votre confort pendant que vous faites votre don. Permettez-nous de vous expliquer ce \u00e0 quoi vous pouvez vous attendre lors de votre visite. Vous devriez pr\u00e9voir environ 21\/2 &#8211; 3 heures pour votre premi\u00e8re visite de don. C\u2019est le temps qu\u2019il faudra pour faire toutes les v\u00e9rifications de sant\u00e9 et de s\u00e9curit\u00e9&hellip; <a class=\"text-nowrap\" href=\"https:\/\/giveplasma.ca\/fr\/donneurs\/processus-de-don\/\">Continue reading<span class=\"sr-only\"> Processus de don<\/span><\/a><\/p>\n","protected":false},"author":1,"featured_media":0,"parent":188,"menu_order":7,"comment_status":"closed","ping_status":"closed","template":"","meta":{"_coblocks_attr":"","_coblocks_dimensions":"","_coblocks_responsive_height":"","_coblocks_accordion_ie_support":""},"acf":[],"yoast_head":"<!-- This site is optimized with the Yoast SEO plugin v19.4 - https:\/\/yoast.com\/wordpress\/plugins\/seo\/ -->\n<title>Processus de don - Grifols<\/title>\n<meta name=\"robots\" content=\"index, follow, max-snippet:-1, max-image-preview:large, max-video-preview:-1\" \/>\n<link rel=\"canonical\" href=\"https:\/\/giveplasma.ca\/fr\/donneurs\/processus-de-don\/\" \/>\n<meta property=\"og:locale\" content=\"fr_FR\" \/>\n<meta property=\"og:type\" content=\"article\" \/>\n<meta property=\"og:title\" content=\"Processus de don - Grifols\" \/>\n<meta property=\"og:description\" content=\"Grifols veille \u00e0 votre confort pendant que vous faites votre don. Permettez-nous de vous expliquer ce \u00e0 quoi vous pouvez vous attendre lors de votre visite. Vous devriez pr\u00e9voir environ 21\/2 &#8211; 3 heures pour votre premi\u00e8re visite de don. C\u2019est le temps qu\u2019il faudra pour faire toutes les v\u00e9rifications de sant\u00e9 et de s\u00e9curit\u00e9&hellip; Continue reading Processus de don\" \/>\n<meta property=\"og:url\" content=\"https:\/\/giveplasma.ca\/fr\/donneurs\/processus-de-don\/\" \/>\n<meta property=\"og:site_name\" content=\"Grifols\" \/>\n<meta property=\"article:publisher\" content=\"https:\/\/www.facebook.com\/giveplasma\" \/>\n<meta property=\"article:modified_time\" content=\"2024-02-21T15:17:20+00:00\" \/>\n<meta property=\"og:image\" content=\"https:\/\/giveplasma.ca\/wp-content\/uploads\/2024\/02\/timefinal_Grifols-1024x651.png\" \/>\n<meta name=\"twitter:card\" content=\"summary_large_image\" \/>\n<meta name=\"twitter:site\" content=\"@giveplasma\" \/>\n<meta name=\"twitter:label1\" content=\"Dur\u00e9e de lecture estim\u00e9e\" \/>\n\t<meta name=\"twitter:data1\" content=\"2 minutes\" \/>\n<script type=\"application\/ld+json\" class=\"yoast-schema-graph\">{\"@context\":\"https:\/\/schema.org\",\"@graph\":[{\"@type\":\"Organization\",\"@id\":\"https:\/\/giveplasma.ca\/#organization\",\"name\":\"Grifols\",\"url\":\"https:\/\/giveplasma.ca\/\",\"sameAs\":[\"https:\/\/www.instagram.com\/giveplasma\/\",\"https:\/\/www.youtube.com\/channel\/UC-AZ6t3Ap4xP6C7JocUsnBA\",\"https:\/\/en.wikipedia.org\/wiki\/Canadian_Plasma_Resources\",\"https:\/\/www.facebook.com\/giveplasma\",\"https:\/\/twitter.com\/giveplasma\"],\"logo\":{\"@type\":\"ImageObject\",\"inLanguage\":\"fr-FR\",\"@id\":\"https:\/\/giveplasma.ca\/#\/schema\/logo\/image\/\",\"url\":\"https:\/\/giveplasma.ca\/wp-content\/uploads\/2024\/02\/Grifols-Plasma-Logo-High-Res-151.png\",\"contentUrl\":\"https:\/\/giveplasma.ca\/wp-content\/uploads\/2024\/02\/Grifols-Plasma-Logo-High-Res-151.png\",\"width\":151,\"height\":56,\"caption\":\"Grifols\"},\"image\":{\"@id\":\"https:\/\/giveplasma.ca\/#\/schema\/logo\/image\/\"}},{\"@type\":\"WebSite\",\"@id\":\"https:\/\/giveplasma.ca\/#website\",\"url\":\"https:\/\/giveplasma.ca\/\",\"name\":\"Grifols\",\"description\":\"Give Plasma, Give Life\",\"publisher\":{\"@id\":\"https:\/\/giveplasma.ca\/#organization\"},\"potentialAction\":[{\"@type\":\"SearchAction\",\"target\":{\"@type\":\"EntryPoint\",\"urlTemplate\":\"https:\/\/giveplasma.ca\/?s={search_term_string}\"},\"query-input\":\"required name=search_term_string\"}],\"inLanguage\":\"fr-FR\"},{\"@type\":\"WebPage\",\"@id\":\"https:\/\/giveplasma.ca\/fr\/donneurs\/processus-de-don\/\",\"url\":\"https:\/\/giveplasma.ca\/fr\/donneurs\/processus-de-don\/\",\"name\":\"Processus de don - Grifols\",\"isPartOf\":{\"@id\":\"https:\/\/giveplasma.ca\/#website\"},\"datePublished\":\"2020-05-12T18:05:42+00:00\",\"dateModified\":\"2024-02-21T15:17:20+00:00\",\"breadcrumb\":{\"@id\":\"https:\/\/giveplasma.ca\/fr\/donneurs\/processus-de-don\/#breadcrumb\"},\"inLanguage\":\"fr-FR\",\"potentialAction\":[{\"@type\":\"ReadAction\",\"target\":[\"https:\/\/giveplasma.ca\/fr\/donneurs\/processus-de-don\/\"]}]},{\"@type\":\"BreadcrumbList\",\"@id\":\"https:\/\/giveplasma.ca\/fr\/donneurs\/processus-de-don\/#breadcrumb\",\"itemListElement\":[{\"@type\":\"ListItem\",\"position\":1,\"name\":\"Home\",\"item\":\"https:\/\/giveplasma.ca\/fr\/\"},{\"@type\":\"ListItem\",\"position\":2,\"name\":\"Donneurs\",\"item\":\"https:\/\/giveplasma.ca\/fr\/donneurs\/\"},{\"@type\":\"ListItem\",\"position\":3,\"name\":\"Processus de don\"}]}]}<\/script>\n<!-- \/ Yoast SEO plugin. -->","yoast_head_json":{"title":"Processus de don - Grifols","robots":{"index":"index","follow":"follow","max-snippet":"max-snippet:-1","max-image-preview":"max-image-preview:large","max-video-preview":"max-video-preview:-1"},"canonical":"https:\/\/giveplasma.ca\/fr\/donneurs\/processus-de-don\/","og_locale":"fr_FR","og_type":"article","og_title":"Processus de don - Grifols","og_description":"Grifols veille \u00e0 votre confort pendant que vous faites votre don. Permettez-nous de vous expliquer ce \u00e0 quoi vous pouvez vous attendre lors de votre visite. Vous devriez pr\u00e9voir environ 21\/2 &#8211; 3 heures pour votre premi\u00e8re visite de don. C\u2019est le temps qu\u2019il faudra pour faire toutes les v\u00e9rifications de sant\u00e9 et de s\u00e9curit\u00e9&hellip; Continue reading Processus de don","og_url":"https:\/\/giveplasma.ca\/fr\/donneurs\/processus-de-don\/","og_site_name":"Grifols","article_publisher":"https:\/\/www.facebook.com\/giveplasma","article_modified_time":"2024-02-21T15:17:20+00:00","og_image":[{"url":"https:\/\/giveplasma.ca\/wp-content\/uploads\/2024\/02\/timefinal_Grifols-1024x651.png"}],"twitter_card":"summary_large_image","twitter_site":"@giveplasma","twitter_misc":{"Dur\u00e9e de lecture estim\u00e9e":"2 minutes"},"schema":{"@context":"https:\/\/schema.org","@graph":[{"@type":"Organization","@id":"https:\/\/giveplasma.ca\/#organization","name":"Grifols","url":"https:\/\/giveplasma.ca\/","sameAs":["https:\/\/www.instagram.com\/giveplasma\/","https:\/\/www.youtube.com\/channel\/UC-AZ6t3Ap4xP6C7JocUsnBA","https:\/\/en.wikipedia.org\/wiki\/Canadian_Plasma_Resources","https:\/\/www.facebook.com\/giveplasma","https:\/\/twitter.com\/giveplasma"],"logo":{"@type":"ImageObject","inLanguage":"fr-FR","@id":"https:\/\/giveplasma.ca\/#\/schema\/logo\/image\/","url":"https:\/\/giveplasma.ca\/wp-content\/uploads\/2024\/02\/Grifols-Plasma-Logo-High-Res-151.png","contentUrl":"https:\/\/giveplasma.ca\/wp-content\/uploads\/2024\/02\/Grifols-Plasma-Logo-High-Res-151.png","width":151,"height":56,"caption":"Grifols"},"image":{"@id":"https:\/\/giveplasma.ca\/#\/schema\/logo\/image\/"}},{"@type":"WebSite","@id":"https:\/\/giveplasma.ca\/#website","url":"https:\/\/giveplasma.ca\/","name":"Grifols","description":"Give Plasma, Give Life","publisher":{"@id":"https:\/\/giveplasma.ca\/#organization"},"potentialAction":[{"@type":"SearchAction","target":{"@type":"EntryPoint","urlTemplate":"https:\/\/giveplasma.ca\/?s={search_term_string}"},"query-input":"required name=search_term_string"}],"inLanguage":"fr-FR"},{"@type":"WebPage","@id":"https:\/\/giveplasma.ca\/fr\/donneurs\/processus-de-don\/","url":"https:\/\/giveplasma.ca\/fr\/donneurs\/processus-de-don\/","name":"Processus de don - Grifols","isPartOf":{"@id":"https:\/\/giveplasma.ca\/#website"},"datePublished":"2020-05-12T18:05:42+00:00","dateModified":"2024-02-21T15:17:20+00:00","breadcrumb":{"@id":"https:\/\/giveplasma.ca\/fr\/donneurs\/processus-de-don\/#breadcrumb"},"inLanguage":"fr-FR","potentialAction":[{"@type":"ReadAction","target":["https:\/\/giveplasma.ca\/fr\/donneurs\/processus-de-don\/"]}]},{"@type":"BreadcrumbList","@id":"https:\/\/giveplasma.ca\/fr\/donneurs\/processus-de-don\/#breadcrumb","itemListElement":[{"@type":"ListItem","position":1,"name":"Home","item":"https:\/\/giveplasma.ca\/fr\/"},{"@type":"ListItem","position":2,"name":"Donneurs","item":"https:\/\/giveplasma.ca\/fr\/donneurs\/"},{"@type":"ListItem","position":3,"name":"Processus de don"}]}]}},"_links":{"self":[{"href":"https:\/\/giveplasma.ca\/fr\/wp-json\/wp\/v2\/pages\/195"}],"collection":[{"href":"https:\/\/giveplasma.ca\/fr\/wp-json\/wp\/v2\/pages"}],"about":[{"href":"https:\/\/giveplasma.ca\/fr\/wp-json\/wp\/v2\/types\/page"}],"author":[{"embeddable":true,"href":"https:\/\/giveplasma.ca\/fr\/wp-json\/wp\/v2\/users\/1"}],"replies":[{"embeddable":true,"href":"https:\/\/giveplasma.ca\/fr\/wp-json\/wp\/v2\/comments?post=195"}],"version-history":[{"count":7,"href":"https:\/\/giveplasma.ca\/fr\/wp-json\/wp\/v2\/pages\/195\/revisions"}],"predecessor-version":[{"id":3610,"href":"https:\/\/giveplasma.ca\/fr\/wp-json\/wp\/v2\/pages\/195\/revisions\/3610"}],"up":[{"embeddable":true,"href":"https:\/\/giveplasma.ca\/fr\/wp-json\/wp\/v2\/pages\/188"}],"wp:attachment":[{"href":"https:\/\/giveplasma.ca\/fr\/wp-json\/wp\/v2\/media?parent=195"}],"curies":[{"name":"wp","href":"https:\/\/api.w.org\/{rel}","templated":true}]}}