{"id":193,"date":"2020-05-12T14:04:43","date_gmt":"2020-05-12T18:04:43","guid":{"rendered":"https:\/\/giveplasma.ca\/?page_id=193"},"modified":"2025-12-23T10:19:34","modified_gmt":"2025-12-23T15:19:34","slug":"devenez-donneur-de-plasma","status":"publish","type":"page","link":"https:\/\/giveplasma.ca\/fr\/donneurs\/devenez-donneur-de-plasma\/","title":{"rendered":"Devenez donneur de plasma"},"content":{"rendered":"\n<p>Merci de l\u2019int\u00e9r\u00eat que vous portez au don de plasma avec Grifols. Nous vous remercions sinc\u00e8rement pour votre temps et pour votre volont\u00e9 de contribuer \u00e0 am\u00e9liorer la vie des personnes dans le besoin.<\/p>\n\n\n\n<p>Veuillez utiliser le lien ci-dessous pour choisir une date et une heure qui vous conviennent pour votre rendez-vous de don. Veuillez noter que la prise de rendez-vous ne garantit pas l\u2019admissibilit\u00e9 au don de plasma. <\/p>\n\n\n\n<p>Les donneurs peuvent \u00eatre jug\u00e9s non admissibles \u00e0 toute \u00e9tape du processus de don, conform\u00e9ment aux crit\u00e8res d\u2019admissibilit\u00e9 approuv\u00e9s par Sant\u00e9 Canada.aquelle vous aimeriez faire votre don.<\/p>\n","protected":false},"excerpt":{"rendered":"<p>Merci de l\u2019int\u00e9r\u00eat que vous portez au don de plasma avec Grifols. Nous vous remercions sinc\u00e8rement pour votre temps et pour votre volont\u00e9 de contribuer \u00e0 am\u00e9liorer la vie des personnes dans le besoin. Veuillez utiliser le lien ci-dessous pour choisir une date et une heure qui vous conviennent pour votre rendez-vous de don. Veuillez&hellip; <a class=\"text-nowrap\" href=\"https:\/\/giveplasma.ca\/fr\/donneurs\/devenez-donneur-de-plasma\/\">Continue reading<span class=\"sr-only\"> Devenez donneur de plasma<\/span><\/a><\/p>\n","protected":false},"author":1,"featured_media":0,"parent":188,"menu_order":6,"comment_status":"closed","ping_status":"closed","template":"","meta":{"_coblocks_attr":"","_coblocks_dimensions":"","_coblocks_responsive_height":"","_coblocks_accordion_ie_support":""},"acf":[],"yoast_head":"<!-- This site is optimized with the Yoast SEO plugin v19.4 - https:\/\/yoast.com\/wordpress\/plugins\/seo\/ -->\n<title>Devenez donneur de plasma - Grifols<\/title>\n<meta name=\"robots\" content=\"index, follow, max-snippet:-1, max-image-preview:large, max-video-preview:-1\" \/>\n<link rel=\"canonical\" href=\"https:\/\/giveplasma.ca\/fr\/donneurs\/devenez-donneur-de-plasma\/\" \/>\n<meta property=\"og:locale\" content=\"fr_FR\" \/>\n<meta property=\"og:type\" content=\"article\" \/>\n<meta property=\"og:title\" content=\"Devenez donneur de plasma - Grifols\" \/>\n<meta property=\"og:description\" content=\"Merci de l\u2019int\u00e9r\u00eat que vous portez au don de plasma avec Grifols. Nous vous remercions sinc\u00e8rement pour votre temps et pour votre volont\u00e9 de contribuer \u00e0 am\u00e9liorer la vie des personnes dans le besoin. Veuillez utiliser le lien ci-dessous pour choisir une date et une heure qui vous conviennent pour votre rendez-vous de don. Veuillez&hellip; Continue reading Devenez donneur de plasma\" \/>\n<meta property=\"og:url\" content=\"https:\/\/giveplasma.ca\/fr\/donneurs\/devenez-donneur-de-plasma\/\" \/>\n<meta property=\"og:site_name\" content=\"Grifols\" \/>\n<meta property=\"article:publisher\" content=\"https:\/\/www.facebook.com\/giveplasma\" \/>\n<meta property=\"article:modified_time\" content=\"2025-12-23T15:19:34+00:00\" \/>\n<meta name=\"twitter:card\" content=\"summary_large_image\" \/>\n<meta name=\"twitter:site\" content=\"@giveplasma\" \/>\n<meta name=\"twitter:label1\" content=\"Dur\u00e9e de lecture estim\u00e9e\" \/>\n\t<meta name=\"twitter:data1\" content=\"1 minute\" \/>\n<script type=\"application\/ld+json\" class=\"yoast-schema-graph\">{\"@context\":\"https:\/\/schema.org\",\"@graph\":[{\"@type\":\"Organization\",\"@id\":\"https:\/\/giveplasma.ca\/#organization\",\"name\":\"Grifols\",\"url\":\"https:\/\/giveplasma.ca\/\",\"sameAs\":[\"https:\/\/www.instagram.com\/giveplasma\/\",\"https:\/\/www.youtube.com\/channel\/UC-AZ6t3Ap4xP6C7JocUsnBA\",\"https:\/\/en.wikipedia.org\/wiki\/Canadian_Plasma_Resources\",\"https:\/\/www.facebook.com\/giveplasma\",\"https:\/\/twitter.com\/giveplasma\"],\"logo\":{\"@type\":\"ImageObject\",\"inLanguage\":\"fr-FR\",\"@id\":\"https:\/\/giveplasma.ca\/#\/schema\/logo\/image\/\",\"url\":\"https:\/\/giveplasma.ca\/wp-content\/uploads\/2024\/02\/Grifols-Plasma-Logo-High-Res-151.png\",\"contentUrl\":\"https:\/\/giveplasma.ca\/wp-content\/uploads\/2024\/02\/Grifols-Plasma-Logo-High-Res-151.png\",\"width\":151,\"height\":56,\"caption\":\"Grifols\"},\"image\":{\"@id\":\"https:\/\/giveplasma.ca\/#\/schema\/logo\/image\/\"}},{\"@type\":\"WebSite\",\"@id\":\"https:\/\/giveplasma.ca\/#website\",\"url\":\"https:\/\/giveplasma.ca\/\",\"name\":\"Grifols\",\"description\":\"Give Plasma, Give Life\",\"publisher\":{\"@id\":\"https:\/\/giveplasma.ca\/#organization\"},\"potentialAction\":[{\"@type\":\"SearchAction\",\"target\":{\"@type\":\"EntryPoint\",\"urlTemplate\":\"https:\/\/giveplasma.ca\/?s={search_term_string}\"},\"query-input\":\"required name=search_term_string\"}],\"inLanguage\":\"fr-FR\"},{\"@type\":\"WebPage\",\"@id\":\"https:\/\/giveplasma.ca\/fr\/donneurs\/devenez-donneur-de-plasma\/\",\"url\":\"https:\/\/giveplasma.ca\/fr\/donneurs\/devenez-donneur-de-plasma\/\",\"name\":\"Devenez donneur de plasma - Grifols\",\"isPartOf\":{\"@id\":\"https:\/\/giveplasma.ca\/#website\"},\"datePublished\":\"2020-05-12T18:04:43+00:00\",\"dateModified\":\"2025-12-23T15:19:34+00:00\",\"breadcrumb\":{\"@id\":\"https:\/\/giveplasma.ca\/fr\/donneurs\/devenez-donneur-de-plasma\/#breadcrumb\"},\"inLanguage\":\"fr-FR\",\"potentialAction\":[{\"@type\":\"ReadAction\",\"target\":[\"https:\/\/giveplasma.ca\/fr\/donneurs\/devenez-donneur-de-plasma\/\"]}]},{\"@type\":\"BreadcrumbList\",\"@id\":\"https:\/\/giveplasma.ca\/fr\/donneurs\/devenez-donneur-de-plasma\/#breadcrumb\",\"itemListElement\":[{\"@type\":\"ListItem\",\"position\":1,\"name\":\"Home\",\"item\":\"https:\/\/giveplasma.ca\/fr\/\"},{\"@type\":\"ListItem\",\"position\":2,\"name\":\"Donneurs\",\"item\":\"https:\/\/giveplasma.ca\/fr\/donneurs\/\"},{\"@type\":\"ListItem\",\"position\":3,\"name\":\"Devenez donneur de plasma\"}]}]}<\/script>\n<!-- \/ Yoast SEO plugin. -->","yoast_head_json":{"title":"Devenez donneur de plasma - Grifols","robots":{"index":"index","follow":"follow","max-snippet":"max-snippet:-1","max-image-preview":"max-image-preview:large","max-video-preview":"max-video-preview:-1"},"canonical":"https:\/\/giveplasma.ca\/fr\/donneurs\/devenez-donneur-de-plasma\/","og_locale":"fr_FR","og_type":"article","og_title":"Devenez donneur de plasma - Grifols","og_description":"Merci de l\u2019int\u00e9r\u00eat que vous portez au don de plasma avec Grifols. Nous vous remercions sinc\u00e8rement pour votre temps et pour votre volont\u00e9 de contribuer \u00e0 am\u00e9liorer la vie des personnes dans le besoin. Veuillez utiliser le lien ci-dessous pour choisir une date et une heure qui vous conviennent pour votre rendez-vous de don. Veuillez&hellip; Continue reading Devenez donneur de plasma","og_url":"https:\/\/giveplasma.ca\/fr\/donneurs\/devenez-donneur-de-plasma\/","og_site_name":"Grifols","article_publisher":"https:\/\/www.facebook.com\/giveplasma","article_modified_time":"2025-12-23T15:19:34+00:00","twitter_card":"summary_large_image","twitter_site":"@giveplasma","twitter_misc":{"Dur\u00e9e de lecture estim\u00e9e":"1 minute"},"schema":{"@context":"https:\/\/schema.org","@graph":[{"@type":"Organization","@id":"https:\/\/giveplasma.ca\/#organization","name":"Grifols","url":"https:\/\/giveplasma.ca\/","sameAs":["https:\/\/www.instagram.com\/giveplasma\/","https:\/\/www.youtube.com\/channel\/UC-AZ6t3Ap4xP6C7JocUsnBA","https:\/\/en.wikipedia.org\/wiki\/Canadian_Plasma_Resources","https:\/\/www.facebook.com\/giveplasma","https:\/\/twitter.com\/giveplasma"],"logo":{"@type":"ImageObject","inLanguage":"fr-FR","@id":"https:\/\/giveplasma.ca\/#\/schema\/logo\/image\/","url":"https:\/\/giveplasma.ca\/wp-content\/uploads\/2024\/02\/Grifols-Plasma-Logo-High-Res-151.png","contentUrl":"https:\/\/giveplasma.ca\/wp-content\/uploads\/2024\/02\/Grifols-Plasma-Logo-High-Res-151.png","width":151,"height":56,"caption":"Grifols"},"image":{"@id":"https:\/\/giveplasma.ca\/#\/schema\/logo\/image\/"}},{"@type":"WebSite","@id":"https:\/\/giveplasma.ca\/#website","url":"https:\/\/giveplasma.ca\/","name":"Grifols","description":"Give Plasma, Give Life","publisher":{"@id":"https:\/\/giveplasma.ca\/#organization"},"potentialAction":[{"@type":"SearchAction","target":{"@type":"EntryPoint","urlTemplate":"https:\/\/giveplasma.ca\/?s={search_term_string}"},"query-input":"required name=search_term_string"}],"inLanguage":"fr-FR"},{"@type":"WebPage","@id":"https:\/\/giveplasma.ca\/fr\/donneurs\/devenez-donneur-de-plasma\/","url":"https:\/\/giveplasma.ca\/fr\/donneurs\/devenez-donneur-de-plasma\/","name":"Devenez donneur de plasma - Grifols","isPartOf":{"@id":"https:\/\/giveplasma.ca\/#website"},"datePublished":"2020-05-12T18:04:43+00:00","dateModified":"2025-12-23T15:19:34+00:00","breadcrumb":{"@id":"https:\/\/giveplasma.ca\/fr\/donneurs\/devenez-donneur-de-plasma\/#breadcrumb"},"inLanguage":"fr-FR","potentialAction":[{"@type":"ReadAction","target":["https:\/\/giveplasma.ca\/fr\/donneurs\/devenez-donneur-de-plasma\/"]}]},{"@type":"BreadcrumbList","@id":"https:\/\/giveplasma.ca\/fr\/donneurs\/devenez-donneur-de-plasma\/#breadcrumb","itemListElement":[{"@type":"ListItem","position":1,"name":"Home","item":"https:\/\/giveplasma.ca\/fr\/"},{"@type":"ListItem","position":2,"name":"Donneurs","item":"https:\/\/giveplasma.ca\/fr\/donneurs\/"},{"@type":"ListItem","position":3,"name":"Devenez donneur de plasma"}]}]}},"_links":{"self":[{"href":"https:\/\/giveplasma.ca\/fr\/wp-json\/wp\/v2\/pages\/193"}],"collection":[{"href":"https:\/\/giveplasma.ca\/fr\/wp-json\/wp\/v2\/pages"}],"about":[{"href":"https:\/\/giveplasma.ca\/fr\/wp-json\/wp\/v2\/types\/page"}],"author":[{"embeddable":true,"href":"https:\/\/giveplasma.ca\/fr\/wp-json\/wp\/v2\/users\/1"}],"replies":[{"embeddable":true,"href":"https:\/\/giveplasma.ca\/fr\/wp-json\/wp\/v2\/comments?post=193"}],"version-history":[{"count":1,"href":"https:\/\/giveplasma.ca\/fr\/wp-json\/wp\/v2\/pages\/193\/revisions"}],"predecessor-version":[{"id":4156,"href":"https:\/\/giveplasma.ca\/fr\/wp-json\/wp\/v2\/pages\/193\/revisions\/4156"}],"up":[{"embeddable":true,"href":"https:\/\/giveplasma.ca\/fr\/wp-json\/wp\/v2\/pages\/188"}],"wp:attachment":[{"href":"https:\/\/giveplasma.ca\/fr\/wp-json\/wp\/v2\/media?parent=193"}],"curies":[{"name":"wp","href":"https:\/\/api.w.org\/{rel}","templated":true}]}}