{"id":191,"date":"2020-05-12T14:03:56","date_gmt":"2020-05-12T18:03:56","guid":{"rendered":"https:\/\/giveplasma.ca\/?page_id=191"},"modified":"2024-01-26T10:05:39","modified_gmt":"2024-01-26T15:05:39","slug":"points-de-recompense-pour-les-superheros","status":"publish","type":"page","link":"https:\/\/giveplasma.ca\/fr\/donateurs-actuels\/points-de-recompense-pour-les-superheros\/","title":{"rendered":"Points de r\u00e9compense pour les superh\u00e9ros"},"content":{"rendered":"\n<p>Merci d\u2019avoir fait un don de plasma! Pour nous, les donneurs sont des superh\u00e9ros puisqu\u2019ils donnent d\u2019eux-m\u00eames pour aider les autres. Nous estimons donc que les superh\u00e9ros devraient \u00eatre r\u00e9compens\u00e9s pour leur beau geste. C\u2019est pourquoi nous avons instaur\u00e9 notre Programme de points de r\u00e9compense pour les superh\u00e9ros.<\/p>\n\n\n\n<p>Ces points s\u2019ajoutent \u00e0 <a href=\"\/?page_id=49\">l\u2019indemnisation<\/a> que nous versons aux donneurs qualifi\u00e9s.<\/p>\n\n\n\n<div class=\"wp-block-coblocks-accordion\">\n<div class=\"wp-block-coblocks-accordion-item\"><details><summary class=\"wp-block-coblocks-accordion-item__title\">\u00a0Qu\u2019est-ce que le Programme de r\u00e9compense pour les superh\u00e9ros?<\/summary><div class=\"wp-block-coblocks-accordion-item__content\">\n<p>Le Programme de r\u00e9compense pour superh\u00e9ros est un programme de fid\u00e9lisation des donneurs qui leur permet de recevoir des points pour chaque don. Plus vous donnez de plasma, plus vous recevez de points et vous vous acheminez ainsi vers un niveau de r\u00e9compense plus \u00e9lev\u00e9.<\/p>\n<\/div><\/details><\/div>\n\n\n\n<div class=\"wp-block-coblocks-accordion-item\"><details><summary class=\"wp-block-coblocks-accordion-item__title\">Comment puis-je devenir membre du Programme de r\u00e9compense des superh\u00e9ros?<\/summary><div class=\"wp-block-coblocks-accordion-item__content\">\n<p>Quiconque donne du plasma apr\u00e8s le 1er janvier 2017 dans un \u00e9tablissement de Grifols devient d\u2019embl\u00e9e membre du Programme de r\u00e9compense des superh\u00e9ros.<\/p>\n<\/div><\/details><\/div>\n\n\n\n<div class=\"wp-block-coblocks-accordion-item\"><details><summary class=\"wp-block-coblocks-accordion-item__title\">Quels sont les niveaux de r\u00e9compense?<\/summary><div class=\"wp-block-coblocks-accordion-item__content\">\n<p>Tous les donneurs commencent au niveau Orange et peuvent ensuite gravir les \u00e9chelons jusqu\u2019au niveau Argent, puis au niveau Or en donnant du plasma plus souvent.<\/p>\n<\/div><\/details><\/div>\n\n\n\n<div class=\"wp-block-coblocks-accordion-item\"><details><summary class=\"wp-block-coblocks-accordion-item__title\">Quels sont les niveaux de r\u00e9compense?<\/summary><div class=\"wp-block-coblocks-accordion-item__content\">\n<p>Tous les donneurs commencent au niveau Orange et peuvent ensuite gravir les \u00e9chelons jusqu\u2019au niveau Argent, puis au niveau Or en donnant du plasma plus souvent.<\/p>\n<\/div><\/details><\/div>\n\n\n\n<div class=\"wp-block-coblocks-accordion-item\"><details><summary class=\"wp-block-coblocks-accordion-item__title\">Comment passe-t-on aux niveaux Argent et Or?<\/summary><div class=\"wp-block-coblocks-accordion-item__content\">\n<p>Si vous faites un don deux fois par semaine pendant deux semaines cons\u00e9cutives, vous monterez d\u2019un niveau. Par exemple, si vous commencez \u00e0 donner du plasma le 6 juillet 2020, vous commencerez au niveau Orange. Si vous donnez deux fois par semaine par la suite, vous atteindrez le niveau Argent au cours de la semaine du 20 juillet 2020.<\/p>\n\n\n\n<p><br>Pour atteindre le niveau Or, vous devez donner du plasma deux fois par semaine pendant deux autres semaines cons\u00e9cutives apr\u00e8s les deux premi\u00e8res semaines cons\u00e9cutives, bien qu\u2019il ne soit pas n\u00e9cessaire que ces dons se fassent l\u2019un apr\u00e8s l\u2019autre. En reprenant le m\u00eame exemple que ci dessus, si vous atteignez le niveau Argent la semaine du 20 juillet 2020, apr\u00e8s avoir donn\u00e9 deux fois par semaine pendant deux semaines cons\u00e9cutives, vous atteindrez le niveau Or la semaine du 3 ao\u00fbt en supposant que vous continuez \u00e0 donner du plasma au m\u00eame rythme. Si vous ne donnez du plasma qu\u2019une seule fois pendant la semaine du 20 juillet (apr\u00e8s avoir atteint le niveau Argent), puis que vous donnez du plasma deux fois par semaine pendant les deux semaines suivantes, vous atteindrez le niveau Or dans la semaine du 10 ao\u00fbt 2020.<\/p>\n<\/div><\/details><\/div>\n\n\n\n<div class=\"wp-block-coblocks-accordion-item\"><details><summary class=\"wp-block-coblocks-accordion-item__title\">Est-il possible que je perde le niveau Or ou le niveau Argent, une fois que je l\u2019ai atteint?<\/summary><div class=\"wp-block-coblocks-accordion-item__content\">\n<p>Si vous ne faites pas de don au cours d\u2019une semaine civile, vous retomberez au niveau Orange. Pour vous maintenir au m\u00eame niveau, vous devez faire un don au moins une fois par semaine civile.<\/p>\n<\/div><\/details><\/div>\n\n\n\n<div class=\"wp-block-coblocks-accordion-item\"><details><summary class=\"wp-block-coblocks-accordion-item__title\">Qui peut recevoir les r\u00e9compenses des superh\u00e9ros?<\/summary><div class=\"wp-block-coblocks-accordion-item__content\">\n<p>Tous les donateurs sont \u00e9ligibles \u00e0 recevoir une r\u00e9mun\u00e9ration bonus de super-h\u00e9ros, bas\u00e9e sur le niveau de super-h\u00e9ros des donateurs.<\/p>\n<\/div><\/details><\/div>\n\n\n\n<div class=\"wp-block-coblocks-accordion-item\"><details><summary class=\"wp-block-coblocks-accordion-item__title\">Est-ce que j\u2019accumule toujours des points dans le cadre du Programme de r\u00e9compense des superh\u00e9ros m\u00eame si j\u2019ai \u00e9t\u00e9 exclu?<\/summary><div class=\"wp-block-coblocks-accordion-item__content\">\n<p>Seuls les donneurs qui sont admissibles \u00e0 faire un don de plasma et qui r\u00e9ussissent \u00e0 faire un don peuvent accumuler des points dans le cadre du Programme de r\u00e9compense.<\/p>\n<\/div><\/details><\/div>\n\n\n\n<div class=\"wp-block-coblocks-accordion-item\"><details><summary class=\"wp-block-coblocks-accordion-item__title\">Puis-je transf\u00e9rer mes points \u00e0 quelqu\u2019un d\u2019autre?<\/summary><div class=\"wp-block-coblocks-accordion-item__content\">\n<p>Non. Ces points sont un des moyens que nous avons de vous remercier d\u2019avoir fait un don de plasma, un don de vie. Vos points ne peuvent donc pas \u00eatre transf\u00e9r\u00e9s \u00e0 une autre personne.<\/p>\n<\/div><\/details><\/div>\n<\/div>\n\n\n\n<div class=\"wp-block-coblocks-accordion\">\n<div class=\"wp-block-coblocks-accordion-item\"><\/div>\n<\/div>\n","protected":false},"excerpt":{"rendered":"<p>Merci d\u2019avoir fait un don de plasma! Pour nous, les donneurs sont des superh\u00e9ros puisqu\u2019ils donnent d\u2019eux-m\u00eames pour aider les autres. Nous estimons donc que les superh\u00e9ros devraient \u00eatre r\u00e9compens\u00e9s pour leur beau geste. C\u2019est pourquoi nous avons instaur\u00e9 notre Programme de points de r\u00e9compense pour les superh\u00e9ros. Ces points s\u2019ajoutent \u00e0 l\u2019indemnisation que nous&hellip; <a class=\"text-nowrap\" href=\"https:\/\/giveplasma.ca\/fr\/donateurs-actuels\/points-de-recompense-pour-les-superheros\/\">Continue reading<span class=\"sr-only\"> Points de r\u00e9compense pour les superh\u00e9ros<\/span><\/a><\/p>\n","protected":false},"author":1,"featured_media":0,"parent":3083,"menu_order":29,"comment_status":"closed","ping_status":"closed","template":"","meta":{"_coblocks_attr":"","_coblocks_dimensions":"","_coblocks_responsive_height":"","_coblocks_accordion_ie_support":""},"acf":[],"yoast_head":"<!-- This site is optimized with the Yoast SEO plugin v19.4 - https:\/\/yoast.com\/wordpress\/plugins\/seo\/ -->\n<title>Points de r\u00e9compense pour les superh\u00e9ros - Grifols<\/title>\n<meta name=\"robots\" content=\"index, follow, max-snippet:-1, max-image-preview:large, max-video-preview:-1\" \/>\n<link rel=\"canonical\" href=\"https:\/\/giveplasma.ca\/fr\/donateurs-actuels\/points-de-recompense-pour-les-superheros\/\" \/>\n<meta property=\"og:locale\" content=\"fr_FR\" \/>\n<meta property=\"og:type\" content=\"article\" \/>\n<meta property=\"og:title\" content=\"Points de r\u00e9compense pour les superh\u00e9ros - Grifols\" \/>\n<meta property=\"og:description\" content=\"Merci d\u2019avoir fait un don de plasma! Pour nous, les donneurs sont des superh\u00e9ros puisqu\u2019ils donnent d\u2019eux-m\u00eames pour aider les autres. Nous estimons donc que les superh\u00e9ros devraient \u00eatre r\u00e9compens\u00e9s pour leur beau geste. C\u2019est pourquoi nous avons instaur\u00e9 notre Programme de points de r\u00e9compense pour les superh\u00e9ros. Ces points s\u2019ajoutent \u00e0 l\u2019indemnisation que nous&hellip; Continue reading Points de r\u00e9compense pour les superh\u00e9ros\" \/>\n<meta property=\"og:url\" content=\"https:\/\/giveplasma.ca\/fr\/donateurs-actuels\/points-de-recompense-pour-les-superheros\/\" \/>\n<meta property=\"og:site_name\" content=\"Grifols\" \/>\n<meta property=\"article:publisher\" content=\"https:\/\/www.facebook.com\/giveplasma\" \/>\n<meta property=\"article:modified_time\" content=\"2024-01-26T15:05:39+00:00\" \/>\n<meta name=\"twitter:card\" content=\"summary_large_image\" \/>\n<meta name=\"twitter:site\" content=\"@giveplasma\" \/>\n<meta name=\"twitter:label1\" content=\"Dur\u00e9e de lecture estim\u00e9e\" \/>\n\t<meta name=\"twitter:data1\" content=\"3 minutes\" \/>\n<script type=\"application\/ld+json\" class=\"yoast-schema-graph\">{\"@context\":\"https:\/\/schema.org\",\"@graph\":[{\"@type\":\"Organization\",\"@id\":\"https:\/\/giveplasma.ca\/#organization\",\"name\":\"Grifols\",\"url\":\"https:\/\/giveplasma.ca\/\",\"sameAs\":[\"https:\/\/www.instagram.com\/giveplasma\/\",\"https:\/\/www.youtube.com\/channel\/UC-AZ6t3Ap4xP6C7JocUsnBA\",\"https:\/\/en.wikipedia.org\/wiki\/Canadian_Plasma_Resources\",\"https:\/\/www.facebook.com\/giveplasma\",\"https:\/\/twitter.com\/giveplasma\"],\"logo\":{\"@type\":\"ImageObject\",\"inLanguage\":\"fr-FR\",\"@id\":\"https:\/\/giveplasma.ca\/#\/schema\/logo\/image\/\",\"url\":\"https:\/\/giveplasma.ca\/wp-content\/uploads\/2024\/02\/Grifols-Plasma-Logo-High-Res-151.png\",\"contentUrl\":\"https:\/\/giveplasma.ca\/wp-content\/uploads\/2024\/02\/Grifols-Plasma-Logo-High-Res-151.png\",\"width\":151,\"height\":56,\"caption\":\"Grifols\"},\"image\":{\"@id\":\"https:\/\/giveplasma.ca\/#\/schema\/logo\/image\/\"}},{\"@type\":\"WebSite\",\"@id\":\"https:\/\/giveplasma.ca\/#website\",\"url\":\"https:\/\/giveplasma.ca\/\",\"name\":\"Grifols\",\"description\":\"Give Plasma, Give Life\",\"publisher\":{\"@id\":\"https:\/\/giveplasma.ca\/#organization\"},\"potentialAction\":[{\"@type\":\"SearchAction\",\"target\":{\"@type\":\"EntryPoint\",\"urlTemplate\":\"https:\/\/giveplasma.ca\/?s={search_term_string}\"},\"query-input\":\"required name=search_term_string\"}],\"inLanguage\":\"fr-FR\"},{\"@type\":\"WebPage\",\"@id\":\"https:\/\/giveplasma.ca\/fr\/donateurs-actuels\/points-de-recompense-pour-les-superheros\/\",\"url\":\"https:\/\/giveplasma.ca\/fr\/donateurs-actuels\/points-de-recompense-pour-les-superheros\/\",\"name\":\"Points de r\u00e9compense pour les superh\u00e9ros - Grifols\",\"isPartOf\":{\"@id\":\"https:\/\/giveplasma.ca\/#website\"},\"datePublished\":\"2020-05-12T18:03:56+00:00\",\"dateModified\":\"2024-01-26T15:05:39+00:00\",\"breadcrumb\":{\"@id\":\"https:\/\/giveplasma.ca\/fr\/donateurs-actuels\/points-de-recompense-pour-les-superheros\/#breadcrumb\"},\"inLanguage\":\"fr-FR\",\"potentialAction\":[{\"@type\":\"ReadAction\",\"target\":[\"https:\/\/giveplasma.ca\/fr\/donateurs-actuels\/points-de-recompense-pour-les-superheros\/\"]}]},{\"@type\":\"BreadcrumbList\",\"@id\":\"https:\/\/giveplasma.ca\/fr\/donateurs-actuels\/points-de-recompense-pour-les-superheros\/#breadcrumb\",\"itemListElement\":[{\"@type\":\"ListItem\",\"position\":1,\"name\":\"Home\",\"item\":\"https:\/\/giveplasma.ca\/fr\/\"},{\"@type\":\"ListItem\",\"position\":2,\"name\":\"Donateurs actuels\",\"item\":\"https:\/\/giveplasma.ca\/fr\/donateurs-actuels\/\"},{\"@type\":\"ListItem\",\"position\":3,\"name\":\"Points de r\u00e9compense pour les superh\u00e9ros\"}]}]}<\/script>\n<!-- \/ Yoast SEO plugin. -->","yoast_head_json":{"title":"Points de r\u00e9compense pour les superh\u00e9ros - Grifols","robots":{"index":"index","follow":"follow","max-snippet":"max-snippet:-1","max-image-preview":"max-image-preview:large","max-video-preview":"max-video-preview:-1"},"canonical":"https:\/\/giveplasma.ca\/fr\/donateurs-actuels\/points-de-recompense-pour-les-superheros\/","og_locale":"fr_FR","og_type":"article","og_title":"Points de r\u00e9compense pour les superh\u00e9ros - Grifols","og_description":"Merci d\u2019avoir fait un don de plasma! Pour nous, les donneurs sont des superh\u00e9ros puisqu\u2019ils donnent d\u2019eux-m\u00eames pour aider les autres. Nous estimons donc que les superh\u00e9ros devraient \u00eatre r\u00e9compens\u00e9s pour leur beau geste. C\u2019est pourquoi nous avons instaur\u00e9 notre Programme de points de r\u00e9compense pour les superh\u00e9ros. Ces points s\u2019ajoutent \u00e0 l\u2019indemnisation que nous&hellip; Continue reading Points de r\u00e9compense pour les superh\u00e9ros","og_url":"https:\/\/giveplasma.ca\/fr\/donateurs-actuels\/points-de-recompense-pour-les-superheros\/","og_site_name":"Grifols","article_publisher":"https:\/\/www.facebook.com\/giveplasma","article_modified_time":"2024-01-26T15:05:39+00:00","twitter_card":"summary_large_image","twitter_site":"@giveplasma","twitter_misc":{"Dur\u00e9e de lecture estim\u00e9e":"3 minutes"},"schema":{"@context":"https:\/\/schema.org","@graph":[{"@type":"Organization","@id":"https:\/\/giveplasma.ca\/#organization","name":"Grifols","url":"https:\/\/giveplasma.ca\/","sameAs":["https:\/\/www.instagram.com\/giveplasma\/","https:\/\/www.youtube.com\/channel\/UC-AZ6t3Ap4xP6C7JocUsnBA","https:\/\/en.wikipedia.org\/wiki\/Canadian_Plasma_Resources","https:\/\/www.facebook.com\/giveplasma","https:\/\/twitter.com\/giveplasma"],"logo":{"@type":"ImageObject","inLanguage":"fr-FR","@id":"https:\/\/giveplasma.ca\/#\/schema\/logo\/image\/","url":"https:\/\/giveplasma.ca\/wp-content\/uploads\/2024\/02\/Grifols-Plasma-Logo-High-Res-151.png","contentUrl":"https:\/\/giveplasma.ca\/wp-content\/uploads\/2024\/02\/Grifols-Plasma-Logo-High-Res-151.png","width":151,"height":56,"caption":"Grifols"},"image":{"@id":"https:\/\/giveplasma.ca\/#\/schema\/logo\/image\/"}},{"@type":"WebSite","@id":"https:\/\/giveplasma.ca\/#website","url":"https:\/\/giveplasma.ca\/","name":"Grifols","description":"Give Plasma, Give Life","publisher":{"@id":"https:\/\/giveplasma.ca\/#organization"},"potentialAction":[{"@type":"SearchAction","target":{"@type":"EntryPoint","urlTemplate":"https:\/\/giveplasma.ca\/?s={search_term_string}"},"query-input":"required name=search_term_string"}],"inLanguage":"fr-FR"},{"@type":"WebPage","@id":"https:\/\/giveplasma.ca\/fr\/donateurs-actuels\/points-de-recompense-pour-les-superheros\/","url":"https:\/\/giveplasma.ca\/fr\/donateurs-actuels\/points-de-recompense-pour-les-superheros\/","name":"Points de r\u00e9compense pour les superh\u00e9ros - Grifols","isPartOf":{"@id":"https:\/\/giveplasma.ca\/#website"},"datePublished":"2020-05-12T18:03:56+00:00","dateModified":"2024-01-26T15:05:39+00:00","breadcrumb":{"@id":"https:\/\/giveplasma.ca\/fr\/donateurs-actuels\/points-de-recompense-pour-les-superheros\/#breadcrumb"},"inLanguage":"fr-FR","potentialAction":[{"@type":"ReadAction","target":["https:\/\/giveplasma.ca\/fr\/donateurs-actuels\/points-de-recompense-pour-les-superheros\/"]}]},{"@type":"BreadcrumbList","@id":"https:\/\/giveplasma.ca\/fr\/donateurs-actuels\/points-de-recompense-pour-les-superheros\/#breadcrumb","itemListElement":[{"@type":"ListItem","position":1,"name":"Home","item":"https:\/\/giveplasma.ca\/fr\/"},{"@type":"ListItem","position":2,"name":"Donateurs actuels","item":"https:\/\/giveplasma.ca\/fr\/donateurs-actuels\/"},{"@type":"ListItem","position":3,"name":"Points de r\u00e9compense pour les superh\u00e9ros"}]}]}},"_links":{"self":[{"href":"https:\/\/giveplasma.ca\/fr\/wp-json\/wp\/v2\/pages\/191"}],"collection":[{"href":"https:\/\/giveplasma.ca\/fr\/wp-json\/wp\/v2\/pages"}],"about":[{"href":"https:\/\/giveplasma.ca\/fr\/wp-json\/wp\/v2\/types\/page"}],"author":[{"embeddable":true,"href":"https:\/\/giveplasma.ca\/fr\/wp-json\/wp\/v2\/users\/1"}],"replies":[{"embeddable":true,"href":"https:\/\/giveplasma.ca\/fr\/wp-json\/wp\/v2\/comments?post=191"}],"version-history":[{"count":11,"href":"https:\/\/giveplasma.ca\/fr\/wp-json\/wp\/v2\/pages\/191\/revisions"}],"predecessor-version":[{"id":3522,"href":"https:\/\/giveplasma.ca\/fr\/wp-json\/wp\/v2\/pages\/191\/revisions\/3522"}],"up":[{"embeddable":true,"href":"https:\/\/giveplasma.ca\/fr\/wp-json\/wp\/v2\/pages\/3083"}],"wp:attachment":[{"href":"https:\/\/giveplasma.ca\/fr\/wp-json\/wp\/v2\/media?parent=191"}],"curies":[{"name":"wp","href":"https:\/\/api.w.org\/{rel}","templated":true}]}}