{"id":185,"date":"2020-05-12T13:59:22","date_gmt":"2020-05-12T17:59:22","guid":{"rendered":"https:\/\/giveplasma.ca\/?page_id=185"},"modified":"2024-01-03T16:56:21","modified_gmt":"2024-01-03T21:56:21","slug":"carrieres","status":"publish","type":"page","link":"https:\/\/giveplasma.ca\/fr\/au-sujet-de\/carrieres\/","title":{"rendered":"Carri\u00e8res"},"content":{"rendered":"\n<p>Chez <meta charset=\"utf-8\">Grifols, nous avons une vision pour l\u2019avenir de l\u2019industrie du plasma au Canada.<\/p>\n\n\n\n<p>Nous sommes heureux d\u2019accueillir parmi nous des personnes certifi\u00e9es et d\u00e9vou\u00e9es qui partagent notre vision.<\/p>\n\n\n\n<p>Les nouveaux membres de notre \u00e9quipe re\u00e7oivent une formation pouss\u00e9e qui fait en sorte que nous puissions cr\u00e9er un environnement agr\u00e9able et s\u00e9curitaire pour notre personnel et les donneurs. La formation de notre personnel garantit aussi la s\u00e9curit\u00e9 de nos produits qui sont de la plus grande qualit\u00e9, valeur que recherche d\u2019abord et avant tout notre client\u00e8le.<\/p>\n\n\n\n<p>Avancez dans votre carri\u00e8re tout en faisant la diff\u00e9rence dans la vie de millions de personnes. Envoyez votre lettre de pr\u00e9sentation et votre curriculum vitae \u00e0 l\u2019adresse&nbsp;<a href=\"mailto:careers@giveplasma.ca\">careers@giveplasma.ca<\/a>.<\/p>\n\n\n\n<div class=\"wp-block-coblocks-accordion\">\n<div class=\"wp-block-coblocks-accordion-item\"><details><summary class=\"wp-block-coblocks-accordion-item__title\">Personnel du Service de la qualit\u00e9<\/summary><div class=\"wp-block-coblocks-accordion-item__content\">\n<p>Il incombe au personnel du Service de la qualit\u00e9 de veiller \u00e0 ce que tout le processus impliquant la collecte, les tests, le traitement, l\u2019\u00e9tiquetage, l\u2019emballage et l\u2019entreposage du plasma respecte les normes de qualit\u00e9 de l\u2019entreprise et de l\u2019industrie. Le personnel veille aussi \u00e0 ce que les processus, proc\u00e9d\u00e9s, \u00e9quipements et syst\u00e8mes avec lesquels il travaille fonctionnent selon les prescriptions et les attentes.<\/p>\n<\/div><\/details><\/div>\n\n\n\n<div class=\"wp-block-coblocks-accordion-item\"><details><summary class=\"wp-block-coblocks-accordion-item__title\">Personnel pr\u00e9pos\u00e9 \u00e0 l\u2019enregistrement et au d\u00e9pistage pr\u00e9liminaire<\/summary><div class=\"wp-block-coblocks-accordion-item__content\">\n<p>Les membres du personnel pr\u00e9pos\u00e9s \u00e0 l\u2019enregistrement et au d\u00e9pistage pr\u00e9liminaire doivent veiller \u00e0 l\u2019enregistrement et au d\u00e9pistage pr\u00e9liminaire de tous les donneurs; ils doivent dresser le calendrier des dons et ex\u00e9cuter des t\u00e2ches administratives g\u00e9n\u00e9rale tout en veillant \u00e0 la gestion efficace du personnel de la r\u00e9ception. Ils veillent \u00e0 ce que tous les donneurs satisfassent aux conditions \u00e9tablies d\u2019admissibilit\u00e9 pour le don du plasma, y compris l\u2019\u00e2ge, l\u2019\u00e9tat de sant\u00e9 g\u00e9n\u00e9ral et le lieu de r\u00e9sidence.<\/p>\n<\/div><\/details><\/div>\n\n\n\n<div class=\"wp-block-coblocks-accordion-item\"><details><summary class=\"wp-block-coblocks-accordion-item__title\">Personnel affect\u00e9 \u00e0 la salle de don<\/summary><div class=\"wp-block-coblocks-accordion-item__content\">\n<p>Les membres du personnel affect\u00e9s \u00e0 la salle de don sont ceux qui ex\u00e9cutent la plasmaph\u00e9r\u00e8se et veillent \u00e0 ce que la s\u00e9curit\u00e9 du donneur et ses soins soient optimums. Ils surveillent les donneurs tout au long de la proc\u00e9dure et r\u00e9agissent comme il se doit aux r\u00e9actions adverses ou aux erreurs de l\u2019\u00e9quipement et minimisent autant que possible les temps d\u2019attente tout en gardant \u00e0 l\u2019esprit les consid\u00e9rations touchant \u00e0 la qualit\u00e9 du produit.<\/p>\n<\/div><\/details><\/div>\n\n\n\n<div class=\"wp-block-coblocks-accordion-item\"><details><summary class=\"wp-block-coblocks-accordion-item__title\">Personnel pr\u00e9pos\u00e9 au traitement du plasma<\/summary><div class=\"wp-block-coblocks-accordion-item__content\">\n<p>Il appartient aux membres du personnel pr\u00e9pos\u00e9s au traitement du plasma de veiller \u00e0 tous les aspects du processus de production y compris le traitement, l\u2019\u00e9tiquetage, l\u2019emballage et l\u2019entreposage du plasma selon toutes les lignes de conduite r\u00e8glementaires de l\u2019entreprise, les r\u00e8glements et les modes op\u00e9ratoires normalis\u00e9s. Ils veillent \u00e0 l\u2019observation de bonnes m\u00e9thodes de fabrication tout au long du processus de production et \u00e0 maximiser le rendement du plasma provenant de tous les centres de l\u2019entreprise.<\/p>\n<\/div><\/details><\/div>\n\n\n\n<div class=\"wp-block-coblocks-accordion-item\"><\/div>\n<\/div>\n","protected":false},"excerpt":{"rendered":"<p>Chez Grifols, nous avons une vision pour l\u2019avenir de l\u2019industrie du plasma au Canada. Nous sommes heureux d\u2019accueillir parmi nous des personnes certifi\u00e9es et d\u00e9vou\u00e9es qui partagent notre vision. Les nouveaux membres de notre \u00e9quipe re\u00e7oivent une formation pouss\u00e9e qui fait en sorte que nous puissions cr\u00e9er un environnement agr\u00e9able et s\u00e9curitaire pour notre personnel&hellip; <a class=\"text-nowrap\" href=\"https:\/\/giveplasma.ca\/fr\/au-sujet-de\/carrieres\/\">Continue reading<span class=\"sr-only\"> Carri\u00e8res<\/span><\/a><\/p>\n","protected":false},"author":1,"featured_media":0,"parent":165,"menu_order":23,"comment_status":"closed","ping_status":"closed","template":"","meta":{"_coblocks_attr":"","_coblocks_dimensions":"","_coblocks_responsive_height":"","_coblocks_accordion_ie_support":""},"acf":[],"yoast_head":"<!-- This site is optimized with the Yoast SEO plugin v19.4 - https:\/\/yoast.com\/wordpress\/plugins\/seo\/ -->\n<title>Carri\u00e8res - Grifols<\/title>\n<meta name=\"robots\" content=\"index, follow, max-snippet:-1, max-image-preview:large, max-video-preview:-1\" \/>\n<link rel=\"canonical\" href=\"https:\/\/giveplasma.ca\/fr\/au-sujet-de\/carrieres\/\" \/>\n<meta property=\"og:locale\" content=\"fr_FR\" \/>\n<meta property=\"og:type\" content=\"article\" \/>\n<meta property=\"og:title\" content=\"Carri\u00e8res - Grifols\" \/>\n<meta property=\"og:description\" content=\"Chez Grifols, nous avons une vision pour l\u2019avenir de l\u2019industrie du plasma au Canada. Nous sommes heureux d\u2019accueillir parmi nous des personnes certifi\u00e9es et d\u00e9vou\u00e9es qui partagent notre vision. Les nouveaux membres de notre \u00e9quipe re\u00e7oivent une formation pouss\u00e9e qui fait en sorte que nous puissions cr\u00e9er un environnement agr\u00e9able et s\u00e9curitaire pour notre personnel&hellip; Continue reading Carri\u00e8res\" \/>\n<meta property=\"og:url\" content=\"https:\/\/giveplasma.ca\/fr\/au-sujet-de\/carrieres\/\" \/>\n<meta property=\"og:site_name\" content=\"Grifols\" \/>\n<meta property=\"article:publisher\" content=\"https:\/\/www.facebook.com\/giveplasma\" \/>\n<meta property=\"article:modified_time\" content=\"2024-01-03T21:56:21+00:00\" \/>\n<meta name=\"twitter:card\" content=\"summary_large_image\" \/>\n<meta name=\"twitter:site\" content=\"@giveplasma\" \/>\n<meta name=\"twitter:label1\" content=\"Dur\u00e9e de lecture estim\u00e9e\" \/>\n\t<meta name=\"twitter:data1\" content=\"2 minutes\" \/>\n<script type=\"application\/ld+json\" class=\"yoast-schema-graph\">{\"@context\":\"https:\/\/schema.org\",\"@graph\":[{\"@type\":\"Organization\",\"@id\":\"https:\/\/giveplasma.ca\/#organization\",\"name\":\"Grifols\",\"url\":\"https:\/\/giveplasma.ca\/\",\"sameAs\":[\"https:\/\/www.instagram.com\/giveplasma\/\",\"https:\/\/www.youtube.com\/channel\/UC-AZ6t3Ap4xP6C7JocUsnBA\",\"https:\/\/en.wikipedia.org\/wiki\/Canadian_Plasma_Resources\",\"https:\/\/www.facebook.com\/giveplasma\",\"https:\/\/twitter.com\/giveplasma\"],\"logo\":{\"@type\":\"ImageObject\",\"inLanguage\":\"fr-FR\",\"@id\":\"https:\/\/giveplasma.ca\/#\/schema\/logo\/image\/\",\"url\":\"https:\/\/giveplasma.ca\/wp-content\/uploads\/2024\/02\/Grifols-Plasma-Logo-High-Res-151.png\",\"contentUrl\":\"https:\/\/giveplasma.ca\/wp-content\/uploads\/2024\/02\/Grifols-Plasma-Logo-High-Res-151.png\",\"width\":151,\"height\":56,\"caption\":\"Grifols\"},\"image\":{\"@id\":\"https:\/\/giveplasma.ca\/#\/schema\/logo\/image\/\"}},{\"@type\":\"WebSite\",\"@id\":\"https:\/\/giveplasma.ca\/#website\",\"url\":\"https:\/\/giveplasma.ca\/\",\"name\":\"Grifols\",\"description\":\"Give Plasma, Give Life\",\"publisher\":{\"@id\":\"https:\/\/giveplasma.ca\/#organization\"},\"potentialAction\":[{\"@type\":\"SearchAction\",\"target\":{\"@type\":\"EntryPoint\",\"urlTemplate\":\"https:\/\/giveplasma.ca\/?s={search_term_string}\"},\"query-input\":\"required name=search_term_string\"}],\"inLanguage\":\"fr-FR\"},{\"@type\":\"WebPage\",\"@id\":\"https:\/\/giveplasma.ca\/fr\/au-sujet-de\/carrieres\/\",\"url\":\"https:\/\/giveplasma.ca\/fr\/au-sujet-de\/carrieres\/\",\"name\":\"Carri\u00e8res - Grifols\",\"isPartOf\":{\"@id\":\"https:\/\/giveplasma.ca\/#website\"},\"datePublished\":\"2020-05-12T17:59:22+00:00\",\"dateModified\":\"2024-01-03T21:56:21+00:00\",\"breadcrumb\":{\"@id\":\"https:\/\/giveplasma.ca\/fr\/au-sujet-de\/carrieres\/#breadcrumb\"},\"inLanguage\":\"fr-FR\",\"potentialAction\":[{\"@type\":\"ReadAction\",\"target\":[\"https:\/\/giveplasma.ca\/fr\/au-sujet-de\/carrieres\/\"]}]},{\"@type\":\"BreadcrumbList\",\"@id\":\"https:\/\/giveplasma.ca\/fr\/au-sujet-de\/carrieres\/#breadcrumb\",\"itemListElement\":[{\"@type\":\"ListItem\",\"position\":1,\"name\":\"Home\",\"item\":\"https:\/\/giveplasma.ca\/fr\/\"},{\"@type\":\"ListItem\",\"position\":2,\"name\":\"Au sujet de Grifols\",\"item\":\"https:\/\/giveplasma.ca\/fr\/au-sujet-de\/\"},{\"@type\":\"ListItem\",\"position\":3,\"name\":\"Carri\u00e8res\"}]}]}<\/script>\n<!-- \/ Yoast SEO plugin. -->","yoast_head_json":{"title":"Carri\u00e8res - Grifols","robots":{"index":"index","follow":"follow","max-snippet":"max-snippet:-1","max-image-preview":"max-image-preview:large","max-video-preview":"max-video-preview:-1"},"canonical":"https:\/\/giveplasma.ca\/fr\/au-sujet-de\/carrieres\/","og_locale":"fr_FR","og_type":"article","og_title":"Carri\u00e8res - Grifols","og_description":"Chez Grifols, nous avons une vision pour l\u2019avenir de l\u2019industrie du plasma au Canada. Nous sommes heureux d\u2019accueillir parmi nous des personnes certifi\u00e9es et d\u00e9vou\u00e9es qui partagent notre vision. Les nouveaux membres de notre \u00e9quipe re\u00e7oivent une formation pouss\u00e9e qui fait en sorte que nous puissions cr\u00e9er un environnement agr\u00e9able et s\u00e9curitaire pour notre personnel&hellip; Continue reading Carri\u00e8res","og_url":"https:\/\/giveplasma.ca\/fr\/au-sujet-de\/carrieres\/","og_site_name":"Grifols","article_publisher":"https:\/\/www.facebook.com\/giveplasma","article_modified_time":"2024-01-03T21:56:21+00:00","twitter_card":"summary_large_image","twitter_site":"@giveplasma","twitter_misc":{"Dur\u00e9e de lecture estim\u00e9e":"2 minutes"},"schema":{"@context":"https:\/\/schema.org","@graph":[{"@type":"Organization","@id":"https:\/\/giveplasma.ca\/#organization","name":"Grifols","url":"https:\/\/giveplasma.ca\/","sameAs":["https:\/\/www.instagram.com\/giveplasma\/","https:\/\/www.youtube.com\/channel\/UC-AZ6t3Ap4xP6C7JocUsnBA","https:\/\/en.wikipedia.org\/wiki\/Canadian_Plasma_Resources","https:\/\/www.facebook.com\/giveplasma","https:\/\/twitter.com\/giveplasma"],"logo":{"@type":"ImageObject","inLanguage":"fr-FR","@id":"https:\/\/giveplasma.ca\/#\/schema\/logo\/image\/","url":"https:\/\/giveplasma.ca\/wp-content\/uploads\/2024\/02\/Grifols-Plasma-Logo-High-Res-151.png","contentUrl":"https:\/\/giveplasma.ca\/wp-content\/uploads\/2024\/02\/Grifols-Plasma-Logo-High-Res-151.png","width":151,"height":56,"caption":"Grifols"},"image":{"@id":"https:\/\/giveplasma.ca\/#\/schema\/logo\/image\/"}},{"@type":"WebSite","@id":"https:\/\/giveplasma.ca\/#website","url":"https:\/\/giveplasma.ca\/","name":"Grifols","description":"Give Plasma, Give Life","publisher":{"@id":"https:\/\/giveplasma.ca\/#organization"},"potentialAction":[{"@type":"SearchAction","target":{"@type":"EntryPoint","urlTemplate":"https:\/\/giveplasma.ca\/?s={search_term_string}"},"query-input":"required name=search_term_string"}],"inLanguage":"fr-FR"},{"@type":"WebPage","@id":"https:\/\/giveplasma.ca\/fr\/au-sujet-de\/carrieres\/","url":"https:\/\/giveplasma.ca\/fr\/au-sujet-de\/carrieres\/","name":"Carri\u00e8res - Grifols","isPartOf":{"@id":"https:\/\/giveplasma.ca\/#website"},"datePublished":"2020-05-12T17:59:22+00:00","dateModified":"2024-01-03T21:56:21+00:00","breadcrumb":{"@id":"https:\/\/giveplasma.ca\/fr\/au-sujet-de\/carrieres\/#breadcrumb"},"inLanguage":"fr-FR","potentialAction":[{"@type":"ReadAction","target":["https:\/\/giveplasma.ca\/fr\/au-sujet-de\/carrieres\/"]}]},{"@type":"BreadcrumbList","@id":"https:\/\/giveplasma.ca\/fr\/au-sujet-de\/carrieres\/#breadcrumb","itemListElement":[{"@type":"ListItem","position":1,"name":"Home","item":"https:\/\/giveplasma.ca\/fr\/"},{"@type":"ListItem","position":2,"name":"Au sujet de Grifols","item":"https:\/\/giveplasma.ca\/fr\/au-sujet-de\/"},{"@type":"ListItem","position":3,"name":"Carri\u00e8res"}]}]}},"_links":{"self":[{"href":"https:\/\/giveplasma.ca\/fr\/wp-json\/wp\/v2\/pages\/185"}],"collection":[{"href":"https:\/\/giveplasma.ca\/fr\/wp-json\/wp\/v2\/pages"}],"about":[{"href":"https:\/\/giveplasma.ca\/fr\/wp-json\/wp\/v2\/types\/page"}],"author":[{"embeddable":true,"href":"https:\/\/giveplasma.ca\/fr\/wp-json\/wp\/v2\/users\/1"}],"replies":[{"embeddable":true,"href":"https:\/\/giveplasma.ca\/fr\/wp-json\/wp\/v2\/comments?post=185"}],"version-history":[{"count":3,"href":"https:\/\/giveplasma.ca\/fr\/wp-json\/wp\/v2\/pages\/185\/revisions"}],"predecessor-version":[{"id":3376,"href":"https:\/\/giveplasma.ca\/fr\/wp-json\/wp\/v2\/pages\/185\/revisions\/3376"}],"up":[{"embeddable":true,"href":"https:\/\/giveplasma.ca\/fr\/wp-json\/wp\/v2\/pages\/165"}],"wp:attachment":[{"href":"https:\/\/giveplasma.ca\/fr\/wp-json\/wp\/v2\/media?parent=185"}],"curies":[{"name":"wp","href":"https:\/\/api.w.org\/{rel}","templated":true}]}}