{"id":1736,"date":"2021-05-13T16:17:19","date_gmt":"2021-05-13T20:17:19","guid":{"rendered":"https:\/\/giveplasma.ca\/donneurs\/referral_rewards\/"},"modified":"2024-03-06T23:40:38","modified_gmt":"2024-03-07T04:40:38","slug":"referral_rewards","status":"publish","type":"page","link":"https:\/\/giveplasma.ca\/fr\/donateurs-actuels\/referral_rewards\/","title":{"rendered":"R\u00e9compenses pour Recommandations"},"content":{"rendered":"\n<div class=\"wp-block-coblocks-accordion\">\n<div class=\"wp-block-coblocks-accordion-item\"><\/div>\n<\/div>\n\n\n\n<p>Connaissez-vous quelqu&rsquo;un qui, selon vous, serait un <a href=\"https:\/\/giveplasma.ca\/fr\/donneurs\/admissibilite\/\" target=\"_blank\" rel=\"noreferrer noopener\">bon candidat <\/a>pour faire un don de plasma? Gr\u00e2ce au programme de r\u00e9compenses pour recommandation de donneurs de Grifols, vous pouvez faire une recommandation et gagner de l&rsquo;argent!<\/p>\n\n\n\n<p>Notre programme de recommandation de donneurs consiste en un processus simple en trois \u00e9tapes :<\/p>\n\n\n\n<ul><li>\u00c9tape 1 : Envoyez un message texte, un message WhatsApp, un message Facebook, un message priv\u00e9 sur Instagram ou sur Twitter \u00e0 la personne que vous recommandez.<\/li><li>\u00c9tape 2 : Indiquez votre nom complet dans le message.<\/li><li>\u00c9tape 3 : Demandez \u00e0 la personne recommand\u00e9e de montrer le message \u00e0 notre personnel d&rsquo;accueil apr\u00e8s son don.<\/li><\/ul>\n\n\n\n<p>Voici comment fonctionne le syst\u00e8me de r\u00e9compenses du programme de recommandation des donneurs du CPR :<\/p>\n\n\n\n<div class=\"wp-block-image\"><figure class=\"aligncenter size-full\"><img loading=\"lazy\" loading=\"lazy\" width=\"999\" height=\"384\" src=\"https:\/\/giveplasma.ca\/wp-content\/uploads\/2024\/03\/Backup_of_Referral-Rewards_Feb-2024.png\" alt=\"\" class=\"wp-image-3713\" srcset=\"https:\/\/giveplasma.ca\/wp-content\/uploads\/2024\/03\/Backup_of_Referral-Rewards_Feb-2024.png 999w, https:\/\/giveplasma.ca\/wp-content\/uploads\/2024\/03\/Backup_of_Referral-Rewards_Feb-2024-300x115.png 300w, https:\/\/giveplasma.ca\/wp-content\/uploads\/2024\/03\/Backup_of_Referral-Rewards_Feb-2024-768x295.png 768w\" sizes=\"(max-width: 999px) 100vw, 999px\" \/><\/figure><\/div>\n\n\n\n<p style=\"font-size:12px\">*Les donneurs recommand\u00e9s doivent effectuer leur don de plasma pour que le parrain re\u00e7oive sa r\u00e9compense.<br>*Si, pour obtenir une r\u00e9mun\u00e9ration plus \u00e9lev\u00e9e, vous recommandez plusieurs donneurs, ils doivent tous donner au cours du m\u00eame mois.<br>*Veuillez noter que Grifols se r\u00e9serve le droit de modifier ce syst\u00e8me de r\u00e9compenses \u00e0 tout moment et sans pr\u00e9avis.<\/p>\n\n\n\n<h3><strong>FAQ<\/strong><\/h3>\n\n\n\n<div class=\"wp-block-coblocks-accordion\">\n<div class=\"wp-block-coblocks-accordion-item\"><details><summary class=\"wp-block-coblocks-accordion-item__title\"><strong>Que se passe-t-il si je recommande un \u00e0 trois donneurs?<\/strong><\/summary><div class=\"wp-block-coblocks-accordion-item__content\">\n<p>Si vous recommandez un \u00e0 trois donneurs au cours d&rsquo;un mois donn\u00e9, vous recevrez 25 $ par donneur recommand\u00e9.<br>Pour un donneur parrain\u00e9, vous gagnerez 25 $.<br>Pour deux donneurs parrain\u00e9s, vous gagnerez 50 $.<br>Pour trois donneurs recommand\u00e9s, vous gagnerez 75 $.<\/p>\n<\/div><\/details><\/div>\n\n\n\n<div class=\"wp-block-coblocks-accordion-item\"><details><summary class=\"wp-block-coblocks-accordion-item__title\"><strong>Que se passe-t-il si je recommande quatre \u00e0 six donneurs?<\/strong><\/summary><div class=\"wp-block-coblocks-accordion-item__content\">\n<p>Si vous recommandez quatre \u00e0 six donneurs au cours d&rsquo;un mois donn\u00e9, vous gagnerez 35 $ par donneur recommand\u00e9.<br>Pour quatre donneurs recommand\u00e9s, vous gagnerez 140 $.<br>Pour cinq donneurs recommand\u00e9s, vous gagnerez 175 $.<br>Pour six donneurs recommand\u00e9s, vous gagnerez 210 $.<\/p>\n<\/div><\/details><\/div>\n\n\n\n<div class=\"wp-block-coblocks-accordion-item\"><details><summary class=\"wp-block-coblocks-accordion-item__title\"><strong>Que se passe-t-il si je recommande sept \u00e0 neuf donneurs?<\/strong><\/summary><div class=\"wp-block-coblocks-accordion-item__content\">\n<p>Si vous recommandez sept \u00e0 neuf donneurs au cours d&rsquo;un mois donn\u00e9, vous gagnerez 45 $ par donneur recommand\u00e9.<br>Pour sept donneurs recommand\u00e9s, vous gagnerez 315 $.<br>Pour huit donneurs recommand\u00e9s, vous gagnerez 360 $.<br>Pour neuf donneurs recommand\u00e9s, vous gagnerez 405 $.<\/p>\n<\/div><\/details><\/div>\n\n\n\n<div class=\"wp-block-coblocks-accordion-item\"><details><summary class=\"wp-block-coblocks-accordion-item__title\"><strong>Que se passe-t-il si je recommande dix donneurs et plus?<\/strong><\/summary><div class=\"wp-block-coblocks-accordion-item__content\">\n<p>Si vous recommandez plus de 10 donneurs au cours d&rsquo;un mois donn\u00e9, vous gagnerez 50 $ par donneur recommand\u00e9 : \u00ab <strong>nombre de donneurs recommand\u00e9s X 50 $ <\/strong>\u00bb.<br>Par exemple, pour dix donneurs recommand\u00e9s, vous gagnerez 500 $ ou pour 15 donneurs recommand\u00e9s, vous gagnerez 750 $.<\/p>\n<\/div><\/details><\/div>\n<\/div>\n\n\n\n<p><\/p>\n","protected":false},"excerpt":{"rendered":"<p>Connaissez-vous quelqu&rsquo;un qui, selon vous, serait un bon candidat pour faire un don de plasma? Gr\u00e2ce au programme de r\u00e9compenses pour recommandation de donneurs de Grifols, vous pouvez faire une recommandation et gagner de l&rsquo;argent! Notre programme de recommandation de donneurs consiste en un processus simple en trois \u00e9tapes : \u00c9tape 1 : Envoyez un&hellip; <a class=\"text-nowrap\" href=\"https:\/\/giveplasma.ca\/fr\/donateurs-actuels\/referral_rewards\/\">Continue reading<span class=\"sr-only\"> R\u00e9compenses pour Recommandations<\/span><\/a><\/p>\n","protected":false},"author":2,"featured_media":0,"parent":3083,"menu_order":30,"comment_status":"closed","ping_status":"closed","template":"","meta":{"_coblocks_attr":"","_coblocks_dimensions":"","_coblocks_responsive_height":"","_coblocks_accordion_ie_support":""},"acf":[],"yoast_head":"<!-- This site is optimized with the Yoast SEO plugin v19.4 - https:\/\/yoast.com\/wordpress\/plugins\/seo\/ -->\n<title>R\u00e9compenses pour Recommandations - Grifols<\/title>\n<meta name=\"robots\" content=\"index, follow, max-snippet:-1, max-image-preview:large, max-video-preview:-1\" \/>\n<link rel=\"canonical\" href=\"https:\/\/giveplasma.ca\/fr\/donateurs-actuels\/referral_rewards\/\" \/>\n<meta property=\"og:locale\" content=\"fr_FR\" \/>\n<meta property=\"og:type\" content=\"article\" \/>\n<meta property=\"og:title\" content=\"R\u00e9compenses pour Recommandations - Grifols\" \/>\n<meta property=\"og:description\" content=\"Connaissez-vous quelqu&rsquo;un qui, selon vous, serait un bon candidat pour faire un don de plasma? Gr\u00e2ce au programme de r\u00e9compenses pour recommandation de donneurs de Grifols, vous pouvez faire une recommandation et gagner de l&rsquo;argent! Notre programme de recommandation de donneurs consiste en un processus simple en trois \u00e9tapes : \u00c9tape 1 : Envoyez un&hellip; Continue reading R\u00e9compenses pour Recommandations\" \/>\n<meta property=\"og:url\" content=\"https:\/\/giveplasma.ca\/fr\/donateurs-actuels\/referral_rewards\/\" \/>\n<meta property=\"og:site_name\" content=\"Grifols\" \/>\n<meta property=\"article:publisher\" content=\"https:\/\/www.facebook.com\/giveplasma\" \/>\n<meta property=\"article:modified_time\" content=\"2024-03-07T04:40:38+00:00\" \/>\n<meta property=\"og:image\" content=\"https:\/\/giveplasma.ca\/wp-content\/uploads\/2024\/03\/Backup_of_Referral-Rewards_Feb-2024.png\" \/>\n<meta name=\"twitter:card\" content=\"summary_large_image\" \/>\n<meta name=\"twitter:site\" content=\"@giveplasma\" \/>\n<meta name=\"twitter:label1\" content=\"Dur\u00e9e de lecture estim\u00e9e\" \/>\n\t<meta name=\"twitter:data1\" content=\"2 minutes\" \/>\n<script type=\"application\/ld+json\" class=\"yoast-schema-graph\">{\"@context\":\"https:\/\/schema.org\",\"@graph\":[{\"@type\":\"Organization\",\"@id\":\"https:\/\/giveplasma.ca\/#organization\",\"name\":\"Grifols\",\"url\":\"https:\/\/giveplasma.ca\/\",\"sameAs\":[\"https:\/\/www.instagram.com\/giveplasma\/\",\"https:\/\/www.youtube.com\/channel\/UC-AZ6t3Ap4xP6C7JocUsnBA\",\"https:\/\/en.wikipedia.org\/wiki\/Canadian_Plasma_Resources\",\"https:\/\/www.facebook.com\/giveplasma\",\"https:\/\/twitter.com\/giveplasma\"],\"logo\":{\"@type\":\"ImageObject\",\"inLanguage\":\"fr-FR\",\"@id\":\"https:\/\/giveplasma.ca\/#\/schema\/logo\/image\/\",\"url\":\"https:\/\/giveplasma.ca\/wp-content\/uploads\/2024\/02\/Grifols-Plasma-Logo-High-Res-151.png\",\"contentUrl\":\"https:\/\/giveplasma.ca\/wp-content\/uploads\/2024\/02\/Grifols-Plasma-Logo-High-Res-151.png\",\"width\":151,\"height\":56,\"caption\":\"Grifols\"},\"image\":{\"@id\":\"https:\/\/giveplasma.ca\/#\/schema\/logo\/image\/\"}},{\"@type\":\"WebSite\",\"@id\":\"https:\/\/giveplasma.ca\/#website\",\"url\":\"https:\/\/giveplasma.ca\/\",\"name\":\"Grifols\",\"description\":\"Give Plasma, Give Life\",\"publisher\":{\"@id\":\"https:\/\/giveplasma.ca\/#organization\"},\"potentialAction\":[{\"@type\":\"SearchAction\",\"target\":{\"@type\":\"EntryPoint\",\"urlTemplate\":\"https:\/\/giveplasma.ca\/?s={search_term_string}\"},\"query-input\":\"required name=search_term_string\"}],\"inLanguage\":\"fr-FR\"},{\"@type\":\"WebPage\",\"@id\":\"https:\/\/giveplasma.ca\/fr\/donateurs-actuels\/referral_rewards\/\",\"url\":\"https:\/\/giveplasma.ca\/fr\/donateurs-actuels\/referral_rewards\/\",\"name\":\"R\u00e9compenses pour Recommandations - Grifols\",\"isPartOf\":{\"@id\":\"https:\/\/giveplasma.ca\/#website\"},\"datePublished\":\"2021-05-13T20:17:19+00:00\",\"dateModified\":\"2024-03-07T04:40:38+00:00\",\"breadcrumb\":{\"@id\":\"https:\/\/giveplasma.ca\/fr\/donateurs-actuels\/referral_rewards\/#breadcrumb\"},\"inLanguage\":\"fr-FR\",\"potentialAction\":[{\"@type\":\"ReadAction\",\"target\":[\"https:\/\/giveplasma.ca\/fr\/donateurs-actuels\/referral_rewards\/\"]}]},{\"@type\":\"BreadcrumbList\",\"@id\":\"https:\/\/giveplasma.ca\/fr\/donateurs-actuels\/referral_rewards\/#breadcrumb\",\"itemListElement\":[{\"@type\":\"ListItem\",\"position\":1,\"name\":\"Home\",\"item\":\"https:\/\/giveplasma.ca\/fr\/\"},{\"@type\":\"ListItem\",\"position\":2,\"name\":\"Donateurs actuels\",\"item\":\"https:\/\/giveplasma.ca\/fr\/donateurs-actuels\/\"},{\"@type\":\"ListItem\",\"position\":3,\"name\":\"R\u00e9compenses pour Recommandations\"}]}]}<\/script>\n<!-- \/ Yoast SEO plugin. -->","yoast_head_json":{"title":"R\u00e9compenses pour Recommandations - Grifols","robots":{"index":"index","follow":"follow","max-snippet":"max-snippet:-1","max-image-preview":"max-image-preview:large","max-video-preview":"max-video-preview:-1"},"canonical":"https:\/\/giveplasma.ca\/fr\/donateurs-actuels\/referral_rewards\/","og_locale":"fr_FR","og_type":"article","og_title":"R\u00e9compenses pour Recommandations - Grifols","og_description":"Connaissez-vous quelqu&rsquo;un qui, selon vous, serait un bon candidat pour faire un don de plasma? Gr\u00e2ce au programme de r\u00e9compenses pour recommandation de donneurs de Grifols, vous pouvez faire une recommandation et gagner de l&rsquo;argent! Notre programme de recommandation de donneurs consiste en un processus simple en trois \u00e9tapes : \u00c9tape 1 : Envoyez un&hellip; Continue reading R\u00e9compenses pour Recommandations","og_url":"https:\/\/giveplasma.ca\/fr\/donateurs-actuels\/referral_rewards\/","og_site_name":"Grifols","article_publisher":"https:\/\/www.facebook.com\/giveplasma","article_modified_time":"2024-03-07T04:40:38+00:00","og_image":[{"url":"https:\/\/giveplasma.ca\/wp-content\/uploads\/2024\/03\/Backup_of_Referral-Rewards_Feb-2024.png"}],"twitter_card":"summary_large_image","twitter_site":"@giveplasma","twitter_misc":{"Dur\u00e9e de lecture estim\u00e9e":"2 minutes"},"schema":{"@context":"https:\/\/schema.org","@graph":[{"@type":"Organization","@id":"https:\/\/giveplasma.ca\/#organization","name":"Grifols","url":"https:\/\/giveplasma.ca\/","sameAs":["https:\/\/www.instagram.com\/giveplasma\/","https:\/\/www.youtube.com\/channel\/UC-AZ6t3Ap4xP6C7JocUsnBA","https:\/\/en.wikipedia.org\/wiki\/Canadian_Plasma_Resources","https:\/\/www.facebook.com\/giveplasma","https:\/\/twitter.com\/giveplasma"],"logo":{"@type":"ImageObject","inLanguage":"fr-FR","@id":"https:\/\/giveplasma.ca\/#\/schema\/logo\/image\/","url":"https:\/\/giveplasma.ca\/wp-content\/uploads\/2024\/02\/Grifols-Plasma-Logo-High-Res-151.png","contentUrl":"https:\/\/giveplasma.ca\/wp-content\/uploads\/2024\/02\/Grifols-Plasma-Logo-High-Res-151.png","width":151,"height":56,"caption":"Grifols"},"image":{"@id":"https:\/\/giveplasma.ca\/#\/schema\/logo\/image\/"}},{"@type":"WebSite","@id":"https:\/\/giveplasma.ca\/#website","url":"https:\/\/giveplasma.ca\/","name":"Grifols","description":"Give Plasma, Give Life","publisher":{"@id":"https:\/\/giveplasma.ca\/#organization"},"potentialAction":[{"@type":"SearchAction","target":{"@type":"EntryPoint","urlTemplate":"https:\/\/giveplasma.ca\/?s={search_term_string}"},"query-input":"required name=search_term_string"}],"inLanguage":"fr-FR"},{"@type":"WebPage","@id":"https:\/\/giveplasma.ca\/fr\/donateurs-actuels\/referral_rewards\/","url":"https:\/\/giveplasma.ca\/fr\/donateurs-actuels\/referral_rewards\/","name":"R\u00e9compenses pour Recommandations - Grifols","isPartOf":{"@id":"https:\/\/giveplasma.ca\/#website"},"datePublished":"2021-05-13T20:17:19+00:00","dateModified":"2024-03-07T04:40:38+00:00","breadcrumb":{"@id":"https:\/\/giveplasma.ca\/fr\/donateurs-actuels\/referral_rewards\/#breadcrumb"},"inLanguage":"fr-FR","potentialAction":[{"@type":"ReadAction","target":["https:\/\/giveplasma.ca\/fr\/donateurs-actuels\/referral_rewards\/"]}]},{"@type":"BreadcrumbList","@id":"https:\/\/giveplasma.ca\/fr\/donateurs-actuels\/referral_rewards\/#breadcrumb","itemListElement":[{"@type":"ListItem","position":1,"name":"Home","item":"https:\/\/giveplasma.ca\/fr\/"},{"@type":"ListItem","position":2,"name":"Donateurs actuels","item":"https:\/\/giveplasma.ca\/fr\/donateurs-actuels\/"},{"@type":"ListItem","position":3,"name":"R\u00e9compenses pour Recommandations"}]}]}},"_links":{"self":[{"href":"https:\/\/giveplasma.ca\/fr\/wp-json\/wp\/v2\/pages\/1736"}],"collection":[{"href":"https:\/\/giveplasma.ca\/fr\/wp-json\/wp\/v2\/pages"}],"about":[{"href":"https:\/\/giveplasma.ca\/fr\/wp-json\/wp\/v2\/types\/page"}],"author":[{"embeddable":true,"href":"https:\/\/giveplasma.ca\/fr\/wp-json\/wp\/v2\/users\/2"}],"replies":[{"embeddable":true,"href":"https:\/\/giveplasma.ca\/fr\/wp-json\/wp\/v2\/comments?post=1736"}],"version-history":[{"count":10,"href":"https:\/\/giveplasma.ca\/fr\/wp-json\/wp\/v2\/pages\/1736\/revisions"}],"predecessor-version":[{"id":3715,"href":"https:\/\/giveplasma.ca\/fr\/wp-json\/wp\/v2\/pages\/1736\/revisions\/3715"}],"up":[{"embeddable":true,"href":"https:\/\/giveplasma.ca\/fr\/wp-json\/wp\/v2\/pages\/3083"}],"wp:attachment":[{"href":"https:\/\/giveplasma.ca\/fr\/wp-json\/wp\/v2\/media?parent=1736"}],"curies":[{"name":"wp","href":"https:\/\/api.w.org\/{rel}","templated":true}]}}