{"id":171,"date":"2020-05-12T13:51:57","date_gmt":"2020-05-12T17:51:57","guid":{"rendered":"https:\/\/giveplasma.ca\/?page_id=171"},"modified":"2025-11-05T16:26:08","modified_gmt":"2025-11-05T21:26:08","slug":"documentation","status":"publish","type":"page","link":"https:\/\/giveplasma.ca\/fr\/au-sujet-du-plasma\/documentation\/","title":{"rendered":"Documentation"},"content":{"rendered":"\n<h2>Files<\/h2>\n\n\n\n<div class=\"wp-block-columns\">\n<div class=\"wp-block-column\">\n<figure class=\"wp-block-image size-large\"><img loading=\"lazy\" loading=\"lazy\" width=\"1024\" height=\"689\" src=\"https:\/\/giveplasma.ca\/wp-content\/uploads\/2025\/11\/Medication-List_2025-1024x689.jpg\" alt=\"\" class=\"wp-image-4129\" srcset=\"https:\/\/giveplasma.ca\/wp-content\/uploads\/2025\/11\/Medication-List_2025-1024x689.jpg 1024w, https:\/\/giveplasma.ca\/wp-content\/uploads\/2025\/11\/Medication-List_2025-300x202.jpg 300w, https:\/\/giveplasma.ca\/wp-content\/uploads\/2025\/11\/Medication-List_2025-768x517.jpg 768w, https:\/\/giveplasma.ca\/wp-content\/uploads\/2025\/11\/Medication-List_2025-1536x1034.jpg 1536w, https:\/\/giveplasma.ca\/wp-content\/uploads\/2025\/11\/Medication-List_2025-2048x1379.jpg 2048w\" sizes=\"(max-width: 1024px) 100vw, 1024px\" \/><figcaption><a href=\"https:\/\/giveplasma.ca\/wp-content\/uploads\/2025\/11\/Medication-List_2025.pdf\">Medication List<\/a><\/figcaption><\/figure>\n<\/div>\n\n\n\n<div class=\"wp-block-column\">\n<figure class=\"wp-block-image size-large\"><img loading=\"lazy\" loading=\"lazy\" width=\"791\" height=\"1024\" src=\"https:\/\/giveplasma.ca\/wp-content\/uploads\/2024\/02\/Vaccination-List-2-Grifols-791x1024.png\" alt=\"\" class=\"wp-image-3566\" srcset=\"https:\/\/giveplasma.ca\/wp-content\/uploads\/2024\/02\/Vaccination-List-2-Grifols-791x1024.png 791w, https:\/\/giveplasma.ca\/wp-content\/uploads\/2024\/02\/Vaccination-List-2-Grifols-232x300.png 232w, https:\/\/giveplasma.ca\/wp-content\/uploads\/2024\/02\/Vaccination-List-2-Grifols-768x994.png 768w, https:\/\/giveplasma.ca\/wp-content\/uploads\/2024\/02\/Vaccination-List-2-Grifols-1187x1536.png 1187w, https:\/\/giveplasma.ca\/wp-content\/uploads\/2024\/02\/Vaccination-List-2-Grifols.png 1545w\" sizes=\"(max-width: 791px) 100vw, 791px\" \/><figcaption><a href=\"https:\/\/giveplasma.ca\/wp-content\/uploads\/2021\/11\/Vaccination_27.09.2021.pdf\" target=\"_blank\" rel=\"noreferrer noopener\">Vaccination List<\/a><\/figcaption><\/figure>\n\n\n\n<figure class=\"wp-block-image size-large\"><img loading=\"lazy\" loading=\"lazy\" width=\"835\" height=\"1024\" src=\"https:\/\/giveplasma.ca\/wp-content\/uploads\/2025\/11\/Risk-Poster_2025-1-835x1024.jpg\" alt=\"\" class=\"wp-image-4136\" srcset=\"https:\/\/giveplasma.ca\/wp-content\/uploads\/2025\/11\/Risk-Poster_2025-1-835x1024.jpg 835w, https:\/\/giveplasma.ca\/wp-content\/uploads\/2025\/11\/Risk-Poster_2025-1-245x300.jpg 245w, https:\/\/giveplasma.ca\/wp-content\/uploads\/2025\/11\/Risk-Poster_2025-1-768x941.jpg 768w, https:\/\/giveplasma.ca\/wp-content\/uploads\/2025\/11\/Risk-Poster_2025-1-1253x1536.jpg 1253w, https:\/\/giveplasma.ca\/wp-content\/uploads\/2025\/11\/Risk-Poster_2025-1.jpg 1298w\" sizes=\"(max-width: 835px) 100vw, 835px\" \/><figcaption><a href=\"https:\/\/giveplasma.ca\/wp-content\/uploads\/2025\/11\/Risk-Poster_25.pdf\" target=\"_blank\" rel=\"noreferrer noopener\">Risk Poster<\/a><\/figcaption><\/figure>\n<\/div>\n<\/div>\n\n\n\n<h2>Liens<\/h2>\n\n\n\n<h3>Direction des produits biologiques et des th\u00e9rapies g\u00e9n\u00e9tiques<\/h3>\n\n\n\n<p>La Direction des produits biologiques et des th\u00e9rapies g\u00e9n\u00e9tiques (DPBTG) de Sant\u00e9 Canada est l\u2019autorit\u00e9 f\u00e9d\u00e9rale qui r\u00e8glemente les m\u00e9dicaments biologiques y compris le plasma-aph\u00e9r\u00e8se. La DPBTG examine aussi les demandes de licence des \u00e9tablissements et, apr\u00e8s s\u2019\u00eatre assur\u00e9e de leur conformit\u00e9 avec les r\u00e8glements, elle remet des licences pour l\u2019exploitation des centres de collecte du plasma. La DPBTG, en collaboration avec l\u2019IDGPSA, surveille les activit\u00e9s des \u00e9tablissements de collecte du plasma pour veiller \u00e0 leur conformit\u00e9 aux r\u00e8glements.<\/p>\n\n\n\n<div class=\"wp-block-buttons\">\n<div class=\"wp-block-button\"><a class=\"wp-block-button__link has-white-color has-primary-background-color has-text-color has-background\" href=\"https:\/\/www.canada.ca\/fr\/sante-canada\/organisation\/a-propos-sante-canada\/directions-generales-agences\/direction-generale-produits-sante-aliments\/direction-produits-biologiques-therapies-genetiques.html\" target=\"_blank\" rel=\"noreferrer noopener\">Direction des produits biologiques et des th\u00e9rapies g\u00e9n\u00e9tiques<\/a><\/div>\n<\/div>\n\n\n\n<h3>Inspectorat de la Direction g\u00e9n\u00e9rale des produits de sant\u00e9 et des aliments<\/h3>\n\n\n\n<p>L\u2019Inspectorat de la Direction g\u00e9n\u00e9rale des produits de sant\u00e9 et des aliments (IDGPSA) est responsable des activit\u00e9s de conformit\u00e9 et d\u2019application de la loi. L\u2019IDGPSA de concert avec la DGBTG m\u00e8ne des inspections annuelles des centres de collecte de plasma.<\/p>\n\n\n\n<div class=\"wp-block-buttons\">\n<div class=\"wp-block-button\"><a class=\"wp-block-button__link has-white-color has-primary-background-color has-text-color has-background\" href=\"https:\/\/www.canada.ca\/fr\/sante-canada\/organisation\/a-propos-sante-canada\/directions-generales-agences\/direction-generale-produits-sante-aliments\/inspectorat-direction-generale-produits-sante-aliments.html\" target=\"_blank\" rel=\"noreferrer noopener\">Inspectorat de la Direction g\u00e9n\u00e9rale des produits de sant\u00e9 et des aliments<\/a><\/div>\n<\/div>\n\n\n\n<h3>International Quality Plasma Program (IQPP)<\/h3>\n\n\n\n<p class=\"has-small-font-size\">en anglais seulement<\/p>\n\n\n\n<p>Le International Quality Plasma Program (IQPP)&nbsp;est un programme international qui veille \u00e0 la s\u00e9curit\u00e9 des produits du plasma et qui a \u00e9t\u00e9 instaur\u00e9 par la PPTA (Plasma Protein Therapeutics Association) dans le cadre d\u2019un programme continu d\u2019am\u00e9lioration mettant l\u2019accent sur la gestion des donneurs et la qualit\u00e9 et la s\u00e9curit\u00e9 des produits. <\/p>\n\n\n\n<div class=\"wp-block-buttons\">\n<div class=\"wp-block-button\"><a class=\"wp-block-button__link has-white-color has-primary-background-color has-text-color has-background\" href=\"https:\/\/www.pptaglobal.org\/plasma\" target=\"_blank\" rel=\"noreferrer noopener\">International Quality Plasma Program (IQPP)<\/a><\/div>\n<\/div>\n\n\n\n<h3>Donating Plasma<\/h3>\n\n\n\n<p class=\"has-small-font-size\">en anglais seulement<\/p>\n\n\n\n<p>Donatingplasma.org &nbsp;est un site Web parrain\u00e9 par le PPTA qui contient une mine d\u2019informations sur les prot\u00e9ines plasmatiques qui peuvent sauver des vies et sur la n\u00e9cessit\u00e9 des dons de plasma.<\/p>\n\n\n\n<div class=\"wp-block-buttons\">\n<div class=\"wp-block-button\"><a class=\"wp-block-button__link has-white-color has-primary-background-color has-text-color has-background\" href=\"https:\/\/www.donatingplasma.org\/\" target=\"_blank\" rel=\"noreferrer noopener\">Donating Plasma<\/a><\/div>\n<\/div>\n\n\n\n<h3>Prot\u00e9ines plasmatiques<\/h3>\n\n\n\n<p>La Soci\u00e9t\u00e9 canadienne du sang (SCS) est l\u2019organisme canadien mandat\u00e9 pour g\u00e9rer tous les programmes d\u2019approvisionnement en sang, plasma et cellules souches de toutes les provinces et territoires du Canada, \u00e0 l\u2019exception du Qu\u00e9bec. Visitez le site du SCS pour plus d\u2019information sur les prot\u00e9ines plasmatiques.<\/p>\n\n\n\n<div class=\"wp-block-buttons\">\n<div class=\"wp-block-button\"><a class=\"wp-block-button__link has-white-color has-primary-background-color has-text-color has-background\" href=\"https:\/\/blood.ca\/fr\/hopitaux\/produits\/proteines-plasmatiques\" target=\"_blank\" rel=\"noreferrer noopener\">Prot\u00e9ines plasmatiques<\/a><\/div>\n<\/div>\n","protected":false},"excerpt":{"rendered":"<p>Files Liens Direction des produits biologiques et des th\u00e9rapies g\u00e9n\u00e9tiques La Direction des produits biologiques et des th\u00e9rapies g\u00e9n\u00e9tiques (DPBTG) de Sant\u00e9 Canada est l\u2019autorit\u00e9 f\u00e9d\u00e9rale qui r\u00e8glemente les m\u00e9dicaments biologiques y compris le plasma-aph\u00e9r\u00e8se. La DPBTG examine aussi les demandes de licence des \u00e9tablissements et, apr\u00e8s s\u2019\u00eatre assur\u00e9e de leur conformit\u00e9 avec les r\u00e8glements,&hellip; <a class=\"text-nowrap\" href=\"https:\/\/giveplasma.ca\/fr\/au-sujet-du-plasma\/documentation\/\">Continue reading<span class=\"sr-only\"> Documentation<\/span><\/a><\/p>\n","protected":false},"author":1,"featured_media":0,"parent":167,"menu_order":20,"comment_status":"closed","ping_status":"closed","template":"","meta":{"_coblocks_attr":"","_coblocks_dimensions":"","_coblocks_responsive_height":"","_coblocks_accordion_ie_support":""},"acf":[],"yoast_head":"<!-- This site is optimized with the Yoast SEO plugin v19.4 - https:\/\/yoast.com\/wordpress\/plugins\/seo\/ -->\n<title>Documentation - Grifols<\/title>\n<meta name=\"robots\" content=\"index, follow, max-snippet:-1, max-image-preview:large, max-video-preview:-1\" \/>\n<link rel=\"canonical\" href=\"https:\/\/giveplasma.ca\/fr\/au-sujet-du-plasma\/documentation\/\" \/>\n<meta property=\"og:locale\" content=\"fr_FR\" \/>\n<meta property=\"og:type\" content=\"article\" \/>\n<meta property=\"og:title\" content=\"Documentation - Grifols\" \/>\n<meta property=\"og:description\" content=\"Files Liens Direction des produits biologiques et des th\u00e9rapies g\u00e9n\u00e9tiques La Direction des produits biologiques et des th\u00e9rapies g\u00e9n\u00e9tiques (DPBTG) de Sant\u00e9 Canada est l\u2019autorit\u00e9 f\u00e9d\u00e9rale qui r\u00e8glemente les m\u00e9dicaments biologiques y compris le plasma-aph\u00e9r\u00e8se. La DPBTG examine aussi les demandes de licence des \u00e9tablissements et, apr\u00e8s s\u2019\u00eatre assur\u00e9e de leur conformit\u00e9 avec les r\u00e8glements,&hellip; Continue reading Documentation\" \/>\n<meta property=\"og:url\" content=\"https:\/\/giveplasma.ca\/fr\/au-sujet-du-plasma\/documentation\/\" \/>\n<meta property=\"og:site_name\" content=\"Grifols\" \/>\n<meta property=\"article:publisher\" content=\"https:\/\/www.facebook.com\/giveplasma\" \/>\n<meta property=\"article:modified_time\" content=\"2025-11-05T21:26:08+00:00\" \/>\n<meta property=\"og:image\" content=\"https:\/\/giveplasma.ca\/wp-content\/uploads\/2025\/11\/Medication-List_2025-1024x689.jpg\" \/>\n<meta name=\"twitter:card\" content=\"summary_large_image\" \/>\n<meta name=\"twitter:site\" content=\"@giveplasma\" \/>\n<meta name=\"twitter:label1\" content=\"Dur\u00e9e de lecture estim\u00e9e\" \/>\n\t<meta name=\"twitter:data1\" content=\"3 minutes\" \/>\n<script type=\"application\/ld+json\" class=\"yoast-schema-graph\">{\"@context\":\"https:\/\/schema.org\",\"@graph\":[{\"@type\":\"Organization\",\"@id\":\"https:\/\/giveplasma.ca\/#organization\",\"name\":\"Grifols\",\"url\":\"https:\/\/giveplasma.ca\/\",\"sameAs\":[\"https:\/\/www.instagram.com\/giveplasma\/\",\"https:\/\/www.youtube.com\/channel\/UC-AZ6t3Ap4xP6C7JocUsnBA\",\"https:\/\/en.wikipedia.org\/wiki\/Canadian_Plasma_Resources\",\"https:\/\/www.facebook.com\/giveplasma\",\"https:\/\/twitter.com\/giveplasma\"],\"logo\":{\"@type\":\"ImageObject\",\"inLanguage\":\"fr-FR\",\"@id\":\"https:\/\/giveplasma.ca\/#\/schema\/logo\/image\/\",\"url\":\"https:\/\/giveplasma.ca\/wp-content\/uploads\/2024\/02\/Grifols-Plasma-Logo-High-Res-151.png\",\"contentUrl\":\"https:\/\/giveplasma.ca\/wp-content\/uploads\/2024\/02\/Grifols-Plasma-Logo-High-Res-151.png\",\"width\":151,\"height\":56,\"caption\":\"Grifols\"},\"image\":{\"@id\":\"https:\/\/giveplasma.ca\/#\/schema\/logo\/image\/\"}},{\"@type\":\"WebSite\",\"@id\":\"https:\/\/giveplasma.ca\/#website\",\"url\":\"https:\/\/giveplasma.ca\/\",\"name\":\"Grifols\",\"description\":\"Give Plasma, Give Life\",\"publisher\":{\"@id\":\"https:\/\/giveplasma.ca\/#organization\"},\"potentialAction\":[{\"@type\":\"SearchAction\",\"target\":{\"@type\":\"EntryPoint\",\"urlTemplate\":\"https:\/\/giveplasma.ca\/?s={search_term_string}\"},\"query-input\":\"required name=search_term_string\"}],\"inLanguage\":\"fr-FR\"},{\"@type\":\"WebPage\",\"@id\":\"https:\/\/giveplasma.ca\/fr\/au-sujet-du-plasma\/documentation\/\",\"url\":\"https:\/\/giveplasma.ca\/fr\/au-sujet-du-plasma\/documentation\/\",\"name\":\"Documentation - Grifols\",\"isPartOf\":{\"@id\":\"https:\/\/giveplasma.ca\/#website\"},\"datePublished\":\"2020-05-12T17:51:57+00:00\",\"dateModified\":\"2025-11-05T21:26:08+00:00\",\"breadcrumb\":{\"@id\":\"https:\/\/giveplasma.ca\/fr\/au-sujet-du-plasma\/documentation\/#breadcrumb\"},\"inLanguage\":\"fr-FR\",\"potentialAction\":[{\"@type\":\"ReadAction\",\"target\":[\"https:\/\/giveplasma.ca\/fr\/au-sujet-du-plasma\/documentation\/\"]}]},{\"@type\":\"BreadcrumbList\",\"@id\":\"https:\/\/giveplasma.ca\/fr\/au-sujet-du-plasma\/documentation\/#breadcrumb\",\"itemListElement\":[{\"@type\":\"ListItem\",\"position\":1,\"name\":\"Home\",\"item\":\"https:\/\/giveplasma.ca\/fr\/\"},{\"@type\":\"ListItem\",\"position\":2,\"name\":\"Au sujet du plasma\",\"item\":\"https:\/\/giveplasma.ca\/fr\/au-sujet-du-plasma\/\"},{\"@type\":\"ListItem\",\"position\":3,\"name\":\"Documentation\"}]}]}<\/script>\n<!-- \/ Yoast SEO plugin. -->","yoast_head_json":{"title":"Documentation - Grifols","robots":{"index":"index","follow":"follow","max-snippet":"max-snippet:-1","max-image-preview":"max-image-preview:large","max-video-preview":"max-video-preview:-1"},"canonical":"https:\/\/giveplasma.ca\/fr\/au-sujet-du-plasma\/documentation\/","og_locale":"fr_FR","og_type":"article","og_title":"Documentation - Grifols","og_description":"Files Liens Direction des produits biologiques et des th\u00e9rapies g\u00e9n\u00e9tiques La Direction des produits biologiques et des th\u00e9rapies g\u00e9n\u00e9tiques (DPBTG) de Sant\u00e9 Canada est l\u2019autorit\u00e9 f\u00e9d\u00e9rale qui r\u00e8glemente les m\u00e9dicaments biologiques y compris le plasma-aph\u00e9r\u00e8se. La DPBTG examine aussi les demandes de licence des \u00e9tablissements et, apr\u00e8s s\u2019\u00eatre assur\u00e9e de leur conformit\u00e9 avec les r\u00e8glements,&hellip; Continue reading Documentation","og_url":"https:\/\/giveplasma.ca\/fr\/au-sujet-du-plasma\/documentation\/","og_site_name":"Grifols","article_publisher":"https:\/\/www.facebook.com\/giveplasma","article_modified_time":"2025-11-05T21:26:08+00:00","og_image":[{"url":"https:\/\/giveplasma.ca\/wp-content\/uploads\/2025\/11\/Medication-List_2025-1024x689.jpg"}],"twitter_card":"summary_large_image","twitter_site":"@giveplasma","twitter_misc":{"Dur\u00e9e de lecture estim\u00e9e":"3 minutes"},"schema":{"@context":"https:\/\/schema.org","@graph":[{"@type":"Organization","@id":"https:\/\/giveplasma.ca\/#organization","name":"Grifols","url":"https:\/\/giveplasma.ca\/","sameAs":["https:\/\/www.instagram.com\/giveplasma\/","https:\/\/www.youtube.com\/channel\/UC-AZ6t3Ap4xP6C7JocUsnBA","https:\/\/en.wikipedia.org\/wiki\/Canadian_Plasma_Resources","https:\/\/www.facebook.com\/giveplasma","https:\/\/twitter.com\/giveplasma"],"logo":{"@type":"ImageObject","inLanguage":"fr-FR","@id":"https:\/\/giveplasma.ca\/#\/schema\/logo\/image\/","url":"https:\/\/giveplasma.ca\/wp-content\/uploads\/2024\/02\/Grifols-Plasma-Logo-High-Res-151.png","contentUrl":"https:\/\/giveplasma.ca\/wp-content\/uploads\/2024\/02\/Grifols-Plasma-Logo-High-Res-151.png","width":151,"height":56,"caption":"Grifols"},"image":{"@id":"https:\/\/giveplasma.ca\/#\/schema\/logo\/image\/"}},{"@type":"WebSite","@id":"https:\/\/giveplasma.ca\/#website","url":"https:\/\/giveplasma.ca\/","name":"Grifols","description":"Give Plasma, Give Life","publisher":{"@id":"https:\/\/giveplasma.ca\/#organization"},"potentialAction":[{"@type":"SearchAction","target":{"@type":"EntryPoint","urlTemplate":"https:\/\/giveplasma.ca\/?s={search_term_string}"},"query-input":"required name=search_term_string"}],"inLanguage":"fr-FR"},{"@type":"WebPage","@id":"https:\/\/giveplasma.ca\/fr\/au-sujet-du-plasma\/documentation\/","url":"https:\/\/giveplasma.ca\/fr\/au-sujet-du-plasma\/documentation\/","name":"Documentation - Grifols","isPartOf":{"@id":"https:\/\/giveplasma.ca\/#website"},"datePublished":"2020-05-12T17:51:57+00:00","dateModified":"2025-11-05T21:26:08+00:00","breadcrumb":{"@id":"https:\/\/giveplasma.ca\/fr\/au-sujet-du-plasma\/documentation\/#breadcrumb"},"inLanguage":"fr-FR","potentialAction":[{"@type":"ReadAction","target":["https:\/\/giveplasma.ca\/fr\/au-sujet-du-plasma\/documentation\/"]}]},{"@type":"BreadcrumbList","@id":"https:\/\/giveplasma.ca\/fr\/au-sujet-du-plasma\/documentation\/#breadcrumb","itemListElement":[{"@type":"ListItem","position":1,"name":"Home","item":"https:\/\/giveplasma.ca\/fr\/"},{"@type":"ListItem","position":2,"name":"Au sujet du plasma","item":"https:\/\/giveplasma.ca\/fr\/au-sujet-du-plasma\/"},{"@type":"ListItem","position":3,"name":"Documentation"}]}]}},"_links":{"self":[{"href":"https:\/\/giveplasma.ca\/fr\/wp-json\/wp\/v2\/pages\/171"}],"collection":[{"href":"https:\/\/giveplasma.ca\/fr\/wp-json\/wp\/v2\/pages"}],"about":[{"href":"https:\/\/giveplasma.ca\/fr\/wp-json\/wp\/v2\/types\/page"}],"author":[{"embeddable":true,"href":"https:\/\/giveplasma.ca\/fr\/wp-json\/wp\/v2\/users\/1"}],"replies":[{"embeddable":true,"href":"https:\/\/giveplasma.ca\/fr\/wp-json\/wp\/v2\/comments?post=171"}],"version-history":[{"count":26,"href":"https:\/\/giveplasma.ca\/fr\/wp-json\/wp\/v2\/pages\/171\/revisions"}],"predecessor-version":[{"id":4140,"href":"https:\/\/giveplasma.ca\/fr\/wp-json\/wp\/v2\/pages\/171\/revisions\/4140"}],"up":[{"embeddable":true,"href":"https:\/\/giveplasma.ca\/fr\/wp-json\/wp\/v2\/pages\/167"}],"wp:attachment":[{"href":"https:\/\/giveplasma.ca\/fr\/wp-json\/wp\/v2\/media?parent=171"}],"curies":[{"name":"wp","href":"https:\/\/api.w.org\/{rel}","templated":true}]}}