{"id":169,"date":"2020-05-12T13:47:11","date_gmt":"2020-05-12T17:47:11","guid":{"rendered":"https:\/\/giveplasma.ca\/?page_id=169"},"modified":"2024-01-03T16:27:46","modified_gmt":"2024-01-03T21:27:46","slug":"securite","status":"publish","type":"page","link":"https:\/\/giveplasma.ca\/fr\/au-sujet-du-plasma\/securite\/","title":{"rendered":"S\u00e9curit\u00e9"},"content":{"rendered":"\n<p>Des m\u00e9dicaments dont les ingr\u00e9dients comprennent des tissus humains ou d\u2019autres substances biologiques sont des produits biologiques. Les prot\u00e9ines plasmatiques sont parmi les produits pharmaceutiques biologiques les plus s\u00e9curitaires qui soient.<\/p>\n\n\n\n<p>La <a href=\"http:\/\/www.hemophilia.ca\/files\/SUMMARY%20-%20Draft%20Policy%20on%20Paid%20Plasma%20Donations%2011-03-2013.pdf\">Soci\u00e9t\u00e9 canadienne de l\u2019h\u00e9mophilie<\/a>&nbsp;et&nbsp;<a href=\"http:\/\/www.hc-sc.gc.ca\/dhp-mps\/brgtherap\/activit\/fs-fi\/plasma-eng.php\">Sant\u00e9 Canada<\/a>&nbsp;d\u00e9clarent qu\u2019aucun cas de SIDA, ni d\u2019h\u00e9patite B, ni d\u2019h\u00e9patite C n\u2019a \u00e9t\u00e9 transmis par les produits d\u00e9riv\u00e9s du plasma en plus de vingt ans.<\/p>\n\n\n\n<p>Gr\u00e2ce au d\u00e9pistage et \u00e0 des tests rigoureux effectu\u00e9s sur les donneurs et gr\u00e2ce aux techniques de fabrication de pointe, Grifols fait tout en son pouvoir pour garantir que nous demeurons un chef de file en mati\u00e8re de s\u00e9curit\u00e9.<\/p>\n\n\n\n<h2><b>Pr\u00e9cautions du c\u00f4t\u00e9 des donneurs<\/b><\/h2>\n\n\n\n<p>Nos donneurs sont assujettis \u00e0 quatre \u00e9tapes de d\u00e9pistage afin d\u2019assurer que seules des personnes en sant\u00e9 deviennent des donneurs :<\/p>\n\n\n\n<ul><li>\u00c0 chaque visite, le donneur doit satisfaire aux exigences de base de la liste d\u2019admissibilit\u00e9.<\/li><li>\u00c0 chaque visite, le donneur doit r\u00e9pondre au questionnaire sur les ant\u00e9c\u00e9dents m\u00e9dicaux et l\u2019\u00e9tat de sant\u00e9 et satisfaire aux crit\u00e8res sur l\u2019\u00e9tat de sant\u00e9 actuel.<\/li><li>Lors de la premi\u00e8re visite et \u00e0 toutes 16 semaines par la suite, le donneur doit subir un d\u00e9pistage intensif y compris une \u00e9valuation des prot\u00e9ines s\u00e9riques.<\/li><li>\u00c0 chaque visite, le donneur subit des tests de r\u00e9activit\u00e9 aux marqueurs de maladies transmissibles \u00e0 l\u2019aide de technologies de pointe.<\/li><\/ul>\n\n\n\n<p>Grifols v\u00e9rifie aussi que les donneurs ne sont pas inscrits au Registre national des donneurs exclus, lequel Registre recense les donneurs potentiels qui ont eu des r\u00e9sultats positifs pour le SIDA, l\u2019h\u00e9patite B ou l\u2019h\u00e9patite C.<\/p>\n\n\n\n<figure class=\"wp-block-embed is-type-video is-provider-youtube wp-block-embed-youtube wp-embed-aspect-4-3 wp-has-aspect-ratio\"><div class=\"wp-block-embed__wrapper\">\n<div class=\"embed-responsive embed-responsive-16by9 mb-3\"><iframe loading=\"lazy\" title=\"Plasma Donor Safety\" width=\"500\" height=\"375\" src=\"https:\/\/www.youtube.com\/embed\/u-FPZz15DjY?feature=oembed\" frameborder=\"0\" allow=\"accelerometer; autoplay; clipboard-write; encrypted-media; gyroscope; picture-in-picture\" allowfullscreen><\/iframe><\/div>\n<\/div><\/figure>\n\n\n\n<h2><b>Pr\u00e9cautions du c\u00f4t\u00e9 de la fabrication <\/b><\/h2>\n\n\n\n<p>Seul le plasma obtenu de donneurs qualifi\u00e9s sert \u00e0 l\u2019\u00e9laboration de th\u00e9rapies \u00e0 base de plasma.<\/p>\n\n\n\n<p>Les donneurs qualifi\u00e9s sont ceux qui sont jug\u00e9s admissibles \u00e0 faire un don de plasma deux fois en une p\u00e9riode de 6 mois et qui ont obtenu chaque fois un r\u00e9sultat n\u00e9gatif pour des maladies transmissibles y compris le SIDA, l\u2019h\u00e9patite B ou l\u2019h\u00e9patite C.<\/p>\n\n\n\n<p>Le d\u00e9pistage de maladies transmissibles chez nos donneurs ne se limite pas au jour du don. Chaque lot de plasma qui a \u00e9t\u00e9 donn\u00e9 est gard\u00e9 en quarantaine pendant au moins 60 jours au cas o\u00f9 nous recevrions plus tard de l\u2019information susceptible de disqualifier le donneur.<\/p>\n\n\n\n<p>Ainsi, si un donneur r\u00e9gulier obtient un test positif pour une maladie transmissible lors d\u2019une de ses r\u00e9centes visites, tout le plasma qu\u2019il a donn\u00e9 auparavant et qui \u00e9tait gard\u00e9 en quarantaine sera enlev\u00e9 du lot de plasma destin\u00e9 \u00e0 la production.<\/p>\n\n\n\n<p>Pendant le processus de fabrication, le plasma est aussi assujetti \u00e0 des \u00e9tapes de filtration et d\u2019inactivation virale.<\/p>\n\n\n\n<figure class=\"wp-block-embed is-type-video is-provider-youtube wp-block-embed-youtube wp-embed-aspect-4-3 wp-has-aspect-ratio\"><div class=\"wp-block-embed__wrapper\">\n<div class=\"embed-responsive embed-responsive-16by9 mb-3\"><iframe loading=\"lazy\" title=\"Safe Manufacturing of Plasma Therapies\" width=\"500\" height=\"375\" src=\"https:\/\/www.youtube.com\/embed\/wGq6-zgxPN0?feature=oembed\" frameborder=\"0\" allow=\"accelerometer; autoplay; clipboard-write; encrypted-media; gyroscope; picture-in-picture\" allowfullscreen><\/iframe><\/div>\n<\/div><\/figure>\n","protected":false},"excerpt":{"rendered":"<p>Des m\u00e9dicaments dont les ingr\u00e9dients comprennent des tissus humains ou d\u2019autres substances biologiques sont des produits biologiques. Les prot\u00e9ines plasmatiques sont parmi les produits pharmaceutiques biologiques les plus s\u00e9curitaires qui soient. La Soci\u00e9t\u00e9 canadienne de l\u2019h\u00e9mophilie&nbsp;et&nbsp;Sant\u00e9 Canada&nbsp;d\u00e9clarent qu\u2019aucun cas de SIDA, ni d\u2019h\u00e9patite B, ni d\u2019h\u00e9patite C n\u2019a \u00e9t\u00e9 transmis par les produits d\u00e9riv\u00e9s du&hellip; <a class=\"text-nowrap\" href=\"https:\/\/giveplasma.ca\/fr\/au-sujet-du-plasma\/securite\/\">Continue reading<span class=\"sr-only\"> S\u00e9curit\u00e9<\/span><\/a><\/p>\n","protected":false},"author":1,"featured_media":0,"parent":167,"menu_order":19,"comment_status":"closed","ping_status":"closed","template":"","meta":{"_coblocks_attr":"","_coblocks_dimensions":"","_coblocks_responsive_height":"","_coblocks_accordion_ie_support":""},"acf":[],"yoast_head":"<!-- This site is optimized with the Yoast SEO plugin v19.4 - https:\/\/yoast.com\/wordpress\/plugins\/seo\/ -->\n<title>S\u00e9curit\u00e9 - Grifols<\/title>\n<meta name=\"robots\" content=\"index, follow, max-snippet:-1, max-image-preview:large, max-video-preview:-1\" \/>\n<link rel=\"canonical\" href=\"https:\/\/giveplasma.ca\/fr\/au-sujet-du-plasma\/securite\/\" \/>\n<meta property=\"og:locale\" content=\"fr_FR\" \/>\n<meta property=\"og:type\" content=\"article\" \/>\n<meta property=\"og:title\" content=\"S\u00e9curit\u00e9 - Grifols\" \/>\n<meta property=\"og:description\" content=\"Des m\u00e9dicaments dont les ingr\u00e9dients comprennent des tissus humains ou d\u2019autres substances biologiques sont des produits biologiques. Les prot\u00e9ines plasmatiques sont parmi les produits pharmaceutiques biologiques les plus s\u00e9curitaires qui soient. La Soci\u00e9t\u00e9 canadienne de l\u2019h\u00e9mophilie&nbsp;et&nbsp;Sant\u00e9 Canada&nbsp;d\u00e9clarent qu\u2019aucun cas de SIDA, ni d\u2019h\u00e9patite B, ni d\u2019h\u00e9patite C n\u2019a \u00e9t\u00e9 transmis par les produits d\u00e9riv\u00e9s du&hellip; Continue reading S\u00e9curit\u00e9\" \/>\n<meta property=\"og:url\" content=\"https:\/\/giveplasma.ca\/fr\/au-sujet-du-plasma\/securite\/\" \/>\n<meta property=\"og:site_name\" content=\"Grifols\" \/>\n<meta property=\"article:publisher\" content=\"https:\/\/www.facebook.com\/giveplasma\" \/>\n<meta property=\"article:modified_time\" content=\"2024-01-03T21:27:46+00:00\" \/>\n<meta name=\"twitter:card\" content=\"summary_large_image\" \/>\n<meta name=\"twitter:site\" content=\"@giveplasma\" \/>\n<meta name=\"twitter:label1\" content=\"Dur\u00e9e de lecture estim\u00e9e\" \/>\n\t<meta name=\"twitter:data1\" content=\"2 minutes\" \/>\n<script type=\"application\/ld+json\" class=\"yoast-schema-graph\">{\"@context\":\"https:\/\/schema.org\",\"@graph\":[{\"@type\":\"Organization\",\"@id\":\"https:\/\/giveplasma.ca\/#organization\",\"name\":\"Grifols\",\"url\":\"https:\/\/giveplasma.ca\/\",\"sameAs\":[\"https:\/\/www.instagram.com\/giveplasma\/\",\"https:\/\/www.youtube.com\/channel\/UC-AZ6t3Ap4xP6C7JocUsnBA\",\"https:\/\/en.wikipedia.org\/wiki\/Canadian_Plasma_Resources\",\"https:\/\/www.facebook.com\/giveplasma\",\"https:\/\/twitter.com\/giveplasma\"],\"logo\":{\"@type\":\"ImageObject\",\"inLanguage\":\"fr-FR\",\"@id\":\"https:\/\/giveplasma.ca\/#\/schema\/logo\/image\/\",\"url\":\"https:\/\/giveplasma.ca\/wp-content\/uploads\/2024\/02\/Grifols-Plasma-Logo-High-Res-151.png\",\"contentUrl\":\"https:\/\/giveplasma.ca\/wp-content\/uploads\/2024\/02\/Grifols-Plasma-Logo-High-Res-151.png\",\"width\":151,\"height\":56,\"caption\":\"Grifols\"},\"image\":{\"@id\":\"https:\/\/giveplasma.ca\/#\/schema\/logo\/image\/\"}},{\"@type\":\"WebSite\",\"@id\":\"https:\/\/giveplasma.ca\/#website\",\"url\":\"https:\/\/giveplasma.ca\/\",\"name\":\"Grifols\",\"description\":\"Give Plasma, Give Life\",\"publisher\":{\"@id\":\"https:\/\/giveplasma.ca\/#organization\"},\"potentialAction\":[{\"@type\":\"SearchAction\",\"target\":{\"@type\":\"EntryPoint\",\"urlTemplate\":\"https:\/\/giveplasma.ca\/?s={search_term_string}\"},\"query-input\":\"required name=search_term_string\"}],\"inLanguage\":\"fr-FR\"},{\"@type\":\"WebPage\",\"@id\":\"https:\/\/giveplasma.ca\/fr\/au-sujet-du-plasma\/securite\/\",\"url\":\"https:\/\/giveplasma.ca\/fr\/au-sujet-du-plasma\/securite\/\",\"name\":\"S\u00e9curit\u00e9 - Grifols\",\"isPartOf\":{\"@id\":\"https:\/\/giveplasma.ca\/#website\"},\"datePublished\":\"2020-05-12T17:47:11+00:00\",\"dateModified\":\"2024-01-03T21:27:46+00:00\",\"breadcrumb\":{\"@id\":\"https:\/\/giveplasma.ca\/fr\/au-sujet-du-plasma\/securite\/#breadcrumb\"},\"inLanguage\":\"fr-FR\",\"potentialAction\":[{\"@type\":\"ReadAction\",\"target\":[\"https:\/\/giveplasma.ca\/fr\/au-sujet-du-plasma\/securite\/\"]}]},{\"@type\":\"BreadcrumbList\",\"@id\":\"https:\/\/giveplasma.ca\/fr\/au-sujet-du-plasma\/securite\/#breadcrumb\",\"itemListElement\":[{\"@type\":\"ListItem\",\"position\":1,\"name\":\"Home\",\"item\":\"https:\/\/giveplasma.ca\/fr\/\"},{\"@type\":\"ListItem\",\"position\":2,\"name\":\"Au sujet du plasma\",\"item\":\"https:\/\/giveplasma.ca\/fr\/au-sujet-du-plasma\/\"},{\"@type\":\"ListItem\",\"position\":3,\"name\":\"S\u00e9curit\u00e9\"}]}]}<\/script>\n<!-- \/ Yoast SEO plugin. -->","yoast_head_json":{"title":"S\u00e9curit\u00e9 - Grifols","robots":{"index":"index","follow":"follow","max-snippet":"max-snippet:-1","max-image-preview":"max-image-preview:large","max-video-preview":"max-video-preview:-1"},"canonical":"https:\/\/giveplasma.ca\/fr\/au-sujet-du-plasma\/securite\/","og_locale":"fr_FR","og_type":"article","og_title":"S\u00e9curit\u00e9 - Grifols","og_description":"Des m\u00e9dicaments dont les ingr\u00e9dients comprennent des tissus humains ou d\u2019autres substances biologiques sont des produits biologiques. Les prot\u00e9ines plasmatiques sont parmi les produits pharmaceutiques biologiques les plus s\u00e9curitaires qui soient. La Soci\u00e9t\u00e9 canadienne de l\u2019h\u00e9mophilie&nbsp;et&nbsp;Sant\u00e9 Canada&nbsp;d\u00e9clarent qu\u2019aucun cas de SIDA, ni d\u2019h\u00e9patite B, ni d\u2019h\u00e9patite C n\u2019a \u00e9t\u00e9 transmis par les produits d\u00e9riv\u00e9s du&hellip; Continue reading S\u00e9curit\u00e9","og_url":"https:\/\/giveplasma.ca\/fr\/au-sujet-du-plasma\/securite\/","og_site_name":"Grifols","article_publisher":"https:\/\/www.facebook.com\/giveplasma","article_modified_time":"2024-01-03T21:27:46+00:00","twitter_card":"summary_large_image","twitter_site":"@giveplasma","twitter_misc":{"Dur\u00e9e de lecture estim\u00e9e":"2 minutes"},"schema":{"@context":"https:\/\/schema.org","@graph":[{"@type":"Organization","@id":"https:\/\/giveplasma.ca\/#organization","name":"Grifols","url":"https:\/\/giveplasma.ca\/","sameAs":["https:\/\/www.instagram.com\/giveplasma\/","https:\/\/www.youtube.com\/channel\/UC-AZ6t3Ap4xP6C7JocUsnBA","https:\/\/en.wikipedia.org\/wiki\/Canadian_Plasma_Resources","https:\/\/www.facebook.com\/giveplasma","https:\/\/twitter.com\/giveplasma"],"logo":{"@type":"ImageObject","inLanguage":"fr-FR","@id":"https:\/\/giveplasma.ca\/#\/schema\/logo\/image\/","url":"https:\/\/giveplasma.ca\/wp-content\/uploads\/2024\/02\/Grifols-Plasma-Logo-High-Res-151.png","contentUrl":"https:\/\/giveplasma.ca\/wp-content\/uploads\/2024\/02\/Grifols-Plasma-Logo-High-Res-151.png","width":151,"height":56,"caption":"Grifols"},"image":{"@id":"https:\/\/giveplasma.ca\/#\/schema\/logo\/image\/"}},{"@type":"WebSite","@id":"https:\/\/giveplasma.ca\/#website","url":"https:\/\/giveplasma.ca\/","name":"Grifols","description":"Give Plasma, Give Life","publisher":{"@id":"https:\/\/giveplasma.ca\/#organization"},"potentialAction":[{"@type":"SearchAction","target":{"@type":"EntryPoint","urlTemplate":"https:\/\/giveplasma.ca\/?s={search_term_string}"},"query-input":"required name=search_term_string"}],"inLanguage":"fr-FR"},{"@type":"WebPage","@id":"https:\/\/giveplasma.ca\/fr\/au-sujet-du-plasma\/securite\/","url":"https:\/\/giveplasma.ca\/fr\/au-sujet-du-plasma\/securite\/","name":"S\u00e9curit\u00e9 - Grifols","isPartOf":{"@id":"https:\/\/giveplasma.ca\/#website"},"datePublished":"2020-05-12T17:47:11+00:00","dateModified":"2024-01-03T21:27:46+00:00","breadcrumb":{"@id":"https:\/\/giveplasma.ca\/fr\/au-sujet-du-plasma\/securite\/#breadcrumb"},"inLanguage":"fr-FR","potentialAction":[{"@type":"ReadAction","target":["https:\/\/giveplasma.ca\/fr\/au-sujet-du-plasma\/securite\/"]}]},{"@type":"BreadcrumbList","@id":"https:\/\/giveplasma.ca\/fr\/au-sujet-du-plasma\/securite\/#breadcrumb","itemListElement":[{"@type":"ListItem","position":1,"name":"Home","item":"https:\/\/giveplasma.ca\/fr\/"},{"@type":"ListItem","position":2,"name":"Au sujet du plasma","item":"https:\/\/giveplasma.ca\/fr\/au-sujet-du-plasma\/"},{"@type":"ListItem","position":3,"name":"S\u00e9curit\u00e9"}]}]}},"_links":{"self":[{"href":"https:\/\/giveplasma.ca\/fr\/wp-json\/wp\/v2\/pages\/169"}],"collection":[{"href":"https:\/\/giveplasma.ca\/fr\/wp-json\/wp\/v2\/pages"}],"about":[{"href":"https:\/\/giveplasma.ca\/fr\/wp-json\/wp\/v2\/types\/page"}],"author":[{"embeddable":true,"href":"https:\/\/giveplasma.ca\/fr\/wp-json\/wp\/v2\/users\/1"}],"replies":[{"embeddable":true,"href":"https:\/\/giveplasma.ca\/fr\/wp-json\/wp\/v2\/comments?post=169"}],"version-history":[{"count":3,"href":"https:\/\/giveplasma.ca\/fr\/wp-json\/wp\/v2\/pages\/169\/revisions"}],"predecessor-version":[{"id":3362,"href":"https:\/\/giveplasma.ca\/fr\/wp-json\/wp\/v2\/pages\/169\/revisions\/3362"}],"up":[{"embeddable":true,"href":"https:\/\/giveplasma.ca\/fr\/wp-json\/wp\/v2\/pages\/167"}],"wp:attachment":[{"href":"https:\/\/giveplasma.ca\/fr\/wp-json\/wp\/v2\/media?parent=169"}],"curies":[{"name":"wp","href":"https:\/\/api.w.org\/{rel}","templated":true}]}}