{"id":162,"date":"2020-05-11T14:30:54","date_gmt":"2020-05-11T18:30:54","guid":{"rendered":"https:\/\/giveplasma.ca\/reasons-to-donate\/"},"modified":"2024-03-06T23:25:17","modified_gmt":"2024-03-07T04:25:17","slug":"pourquoi-faire-un-don","status":"publish","type":"page","link":"https:\/\/giveplasma.ca\/fr\/au-sujet-du-plasma\/pourquoi-faire-un-don\/","title":{"rendered":"Pourquoi faire un don"},"content":{"rendered":"<p>La raison principale pour laquelle faire un <strong>don<\/strong>?\u00a0Le plasma de donneurs en sant\u00e9 peut vraiment <strong>aider<\/strong>\u00a0les autres.<\/p>\n\n\n<p>Le plasma de grande qualit\u00e9 et s\u00e9curitaire est transform\u00e9 pour en faire des th\u00e9rapies servant \u00e0 traiter tout un \u00e9ventail de maladies. Des dizaines de milliers de patients canadiens et des millions partout dans le monde peuvent en profiter, notamment les personnes qui souffrent des maladies suivantes&nbsp;:<\/p>\n\n\n\n<ul><li>Les d\u00e9ficiences immunitaires.<\/li><li>Les maladies auto-immunes.<\/li><li>Les troubles respiratoires.<\/li><li>L\u2019h\u00e9mophilie.<\/li><li>Les maladies du foie.<\/li><li>Les saignements pendant les chirurgies.<\/li><li>Les cas de br\u00fblures et de choc.<\/li><\/ul>\n\n\n\n<p>Certains patients ont besoin de traitements r\u00e9guliers puisqu\u2019ils souffrent de maladies g\u00e9n\u00e9tiques chroniques. Dans certains cas, il peut falloir environ <strong>1&nbsp;000<\/strong>&nbsp;dons par ann\u00e9e pour cr\u00e9er suffisamment de th\u00e9rapies pour un seul patient.<\/p>\n\n\n\n<p>Le don de plasma prend du temps, et nous savons \u00e0 quel point votre temps est pr\u00e9cieux.&nbsp;Dans l\u2019industrie du plasma, il est courant <a href=\"https:\/\/giveplasma.ca\/become-a-donor\/compensation\/?lang=fr\">d\u2019indemniser<\/a> les donneurs pour leur temps. Sant\u00e9 Canada estime que le fait d\u2019avoir des donneurs pay\u00e9s est un aspect primordial pour atteindre l\u2019auto-suffisance du Canada dans l\u2019approvisionnement en produits sanguins.<\/p>\n","protected":false},"excerpt":{"rendered":"<p>La raison principale pour laquelle faire un don?\u00a0Le plasma de donneurs en sant\u00e9 peut vraiment aider\u00a0les autres. Le plasma de grande qualit\u00e9 et s\u00e9curitaire est transform\u00e9 pour en faire des th\u00e9rapies servant \u00e0 traiter tout un \u00e9ventail de maladies. Des dizaines de milliers de patients canadiens et des millions partout dans le monde peuvent en&hellip; <a class=\"text-nowrap\" href=\"https:\/\/giveplasma.ca\/fr\/au-sujet-du-plasma\/pourquoi-faire-un-don\/\">Continue reading<span class=\"sr-only\"> Pourquoi faire un don<\/span><\/a><\/p>\n","protected":false},"author":1,"featured_media":0,"parent":167,"menu_order":18,"comment_status":"closed","ping_status":"closed","template":"","meta":{"_coblocks_attr":"","_coblocks_dimensions":"","_coblocks_responsive_height":"","_coblocks_accordion_ie_support":""},"acf":[],"yoast_head":"<!-- This site is optimized with the Yoast SEO plugin v19.4 - https:\/\/yoast.com\/wordpress\/plugins\/seo\/ -->\n<title>Pourquoi faire un don - Grifols<\/title>\n<meta name=\"robots\" content=\"index, follow, max-snippet:-1, max-image-preview:large, max-video-preview:-1\" \/>\n<link rel=\"canonical\" href=\"https:\/\/giveplasma.ca\/fr\/au-sujet-du-plasma\/pourquoi-faire-un-don\/\" \/>\n<meta property=\"og:locale\" content=\"fr_FR\" \/>\n<meta property=\"og:type\" content=\"article\" \/>\n<meta property=\"og:title\" content=\"Pourquoi faire un don - Grifols\" \/>\n<meta property=\"og:description\" content=\"La raison principale pour laquelle faire un don?\u00a0Le plasma de donneurs en sant\u00e9 peut vraiment aider\u00a0les autres. Le plasma de grande qualit\u00e9 et s\u00e9curitaire est transform\u00e9 pour en faire des th\u00e9rapies servant \u00e0 traiter tout un \u00e9ventail de maladies. Des dizaines de milliers de patients canadiens et des millions partout dans le monde peuvent en&hellip; Continue reading Pourquoi faire un don\" \/>\n<meta property=\"og:url\" content=\"https:\/\/giveplasma.ca\/fr\/au-sujet-du-plasma\/pourquoi-faire-un-don\/\" \/>\n<meta property=\"og:site_name\" content=\"Grifols\" \/>\n<meta property=\"article:publisher\" content=\"https:\/\/www.facebook.com\/giveplasma\" \/>\n<meta property=\"article:modified_time\" content=\"2024-03-07T04:25:17+00:00\" \/>\n<meta name=\"twitter:card\" content=\"summary_large_image\" \/>\n<meta name=\"twitter:site\" content=\"@giveplasma\" \/>\n<meta name=\"twitter:label1\" content=\"Dur\u00e9e de lecture estim\u00e9e\" \/>\n\t<meta name=\"twitter:data1\" content=\"1 minute\" \/>\n<script type=\"application\/ld+json\" class=\"yoast-schema-graph\">{\"@context\":\"https:\/\/schema.org\",\"@graph\":[{\"@type\":\"Organization\",\"@id\":\"https:\/\/giveplasma.ca\/#organization\",\"name\":\"Grifols\",\"url\":\"https:\/\/giveplasma.ca\/\",\"sameAs\":[\"https:\/\/www.instagram.com\/giveplasma\/\",\"https:\/\/www.youtube.com\/channel\/UC-AZ6t3Ap4xP6C7JocUsnBA\",\"https:\/\/en.wikipedia.org\/wiki\/Canadian_Plasma_Resources\",\"https:\/\/www.facebook.com\/giveplasma\",\"https:\/\/twitter.com\/giveplasma\"],\"logo\":{\"@type\":\"ImageObject\",\"inLanguage\":\"fr-FR\",\"@id\":\"https:\/\/giveplasma.ca\/#\/schema\/logo\/image\/\",\"url\":\"https:\/\/giveplasma.ca\/wp-content\/uploads\/2024\/02\/Grifols-Plasma-Logo-High-Res-151.png\",\"contentUrl\":\"https:\/\/giveplasma.ca\/wp-content\/uploads\/2024\/02\/Grifols-Plasma-Logo-High-Res-151.png\",\"width\":151,\"height\":56,\"caption\":\"Grifols\"},\"image\":{\"@id\":\"https:\/\/giveplasma.ca\/#\/schema\/logo\/image\/\"}},{\"@type\":\"WebSite\",\"@id\":\"https:\/\/giveplasma.ca\/#website\",\"url\":\"https:\/\/giveplasma.ca\/\",\"name\":\"Grifols\",\"description\":\"Give Plasma, Give Life\",\"publisher\":{\"@id\":\"https:\/\/giveplasma.ca\/#organization\"},\"potentialAction\":[{\"@type\":\"SearchAction\",\"target\":{\"@type\":\"EntryPoint\",\"urlTemplate\":\"https:\/\/giveplasma.ca\/?s={search_term_string}\"},\"query-input\":\"required name=search_term_string\"}],\"inLanguage\":\"fr-FR\"},{\"@type\":\"WebPage\",\"@id\":\"https:\/\/giveplasma.ca\/fr\/au-sujet-du-plasma\/pourquoi-faire-un-don\/\",\"url\":\"https:\/\/giveplasma.ca\/fr\/au-sujet-du-plasma\/pourquoi-faire-un-don\/\",\"name\":\"Pourquoi faire un don - Grifols\",\"isPartOf\":{\"@id\":\"https:\/\/giveplasma.ca\/#website\"},\"datePublished\":\"2020-05-11T18:30:54+00:00\",\"dateModified\":\"2024-03-07T04:25:17+00:00\",\"breadcrumb\":{\"@id\":\"https:\/\/giveplasma.ca\/fr\/au-sujet-du-plasma\/pourquoi-faire-un-don\/#breadcrumb\"},\"inLanguage\":\"fr-FR\",\"potentialAction\":[{\"@type\":\"ReadAction\",\"target\":[\"https:\/\/giveplasma.ca\/fr\/au-sujet-du-plasma\/pourquoi-faire-un-don\/\"]}]},{\"@type\":\"BreadcrumbList\",\"@id\":\"https:\/\/giveplasma.ca\/fr\/au-sujet-du-plasma\/pourquoi-faire-un-don\/#breadcrumb\",\"itemListElement\":[{\"@type\":\"ListItem\",\"position\":1,\"name\":\"Home\",\"item\":\"https:\/\/giveplasma.ca\/fr\/\"},{\"@type\":\"ListItem\",\"position\":2,\"name\":\"Au sujet du plasma\",\"item\":\"https:\/\/giveplasma.ca\/fr\/au-sujet-du-plasma\/\"},{\"@type\":\"ListItem\",\"position\":3,\"name\":\"Pourquoi faire un don\"}]}]}<\/script>\n<!-- \/ Yoast SEO plugin. -->","yoast_head_json":{"title":"Pourquoi faire un don - Grifols","robots":{"index":"index","follow":"follow","max-snippet":"max-snippet:-1","max-image-preview":"max-image-preview:large","max-video-preview":"max-video-preview:-1"},"canonical":"https:\/\/giveplasma.ca\/fr\/au-sujet-du-plasma\/pourquoi-faire-un-don\/","og_locale":"fr_FR","og_type":"article","og_title":"Pourquoi faire un don - Grifols","og_description":"La raison principale pour laquelle faire un don?\u00a0Le plasma de donneurs en sant\u00e9 peut vraiment aider\u00a0les autres. Le plasma de grande qualit\u00e9 et s\u00e9curitaire est transform\u00e9 pour en faire des th\u00e9rapies servant \u00e0 traiter tout un \u00e9ventail de maladies. Des dizaines de milliers de patients canadiens et des millions partout dans le monde peuvent en&hellip; Continue reading Pourquoi faire un don","og_url":"https:\/\/giveplasma.ca\/fr\/au-sujet-du-plasma\/pourquoi-faire-un-don\/","og_site_name":"Grifols","article_publisher":"https:\/\/www.facebook.com\/giveplasma","article_modified_time":"2024-03-07T04:25:17+00:00","twitter_card":"summary_large_image","twitter_site":"@giveplasma","twitter_misc":{"Dur\u00e9e de lecture estim\u00e9e":"1 minute"},"schema":{"@context":"https:\/\/schema.org","@graph":[{"@type":"Organization","@id":"https:\/\/giveplasma.ca\/#organization","name":"Grifols","url":"https:\/\/giveplasma.ca\/","sameAs":["https:\/\/www.instagram.com\/giveplasma\/","https:\/\/www.youtube.com\/channel\/UC-AZ6t3Ap4xP6C7JocUsnBA","https:\/\/en.wikipedia.org\/wiki\/Canadian_Plasma_Resources","https:\/\/www.facebook.com\/giveplasma","https:\/\/twitter.com\/giveplasma"],"logo":{"@type":"ImageObject","inLanguage":"fr-FR","@id":"https:\/\/giveplasma.ca\/#\/schema\/logo\/image\/","url":"https:\/\/giveplasma.ca\/wp-content\/uploads\/2024\/02\/Grifols-Plasma-Logo-High-Res-151.png","contentUrl":"https:\/\/giveplasma.ca\/wp-content\/uploads\/2024\/02\/Grifols-Plasma-Logo-High-Res-151.png","width":151,"height":56,"caption":"Grifols"},"image":{"@id":"https:\/\/giveplasma.ca\/#\/schema\/logo\/image\/"}},{"@type":"WebSite","@id":"https:\/\/giveplasma.ca\/#website","url":"https:\/\/giveplasma.ca\/","name":"Grifols","description":"Give Plasma, Give Life","publisher":{"@id":"https:\/\/giveplasma.ca\/#organization"},"potentialAction":[{"@type":"SearchAction","target":{"@type":"EntryPoint","urlTemplate":"https:\/\/giveplasma.ca\/?s={search_term_string}"},"query-input":"required name=search_term_string"}],"inLanguage":"fr-FR"},{"@type":"WebPage","@id":"https:\/\/giveplasma.ca\/fr\/au-sujet-du-plasma\/pourquoi-faire-un-don\/","url":"https:\/\/giveplasma.ca\/fr\/au-sujet-du-plasma\/pourquoi-faire-un-don\/","name":"Pourquoi faire un don - Grifols","isPartOf":{"@id":"https:\/\/giveplasma.ca\/#website"},"datePublished":"2020-05-11T18:30:54+00:00","dateModified":"2024-03-07T04:25:17+00:00","breadcrumb":{"@id":"https:\/\/giveplasma.ca\/fr\/au-sujet-du-plasma\/pourquoi-faire-un-don\/#breadcrumb"},"inLanguage":"fr-FR","potentialAction":[{"@type":"ReadAction","target":["https:\/\/giveplasma.ca\/fr\/au-sujet-du-plasma\/pourquoi-faire-un-don\/"]}]},{"@type":"BreadcrumbList","@id":"https:\/\/giveplasma.ca\/fr\/au-sujet-du-plasma\/pourquoi-faire-un-don\/#breadcrumb","itemListElement":[{"@type":"ListItem","position":1,"name":"Home","item":"https:\/\/giveplasma.ca\/fr\/"},{"@type":"ListItem","position":2,"name":"Au sujet du plasma","item":"https:\/\/giveplasma.ca\/fr\/au-sujet-du-plasma\/"},{"@type":"ListItem","position":3,"name":"Pourquoi faire un don"}]}]}},"_links":{"self":[{"href":"https:\/\/giveplasma.ca\/fr\/wp-json\/wp\/v2\/pages\/162"}],"collection":[{"href":"https:\/\/giveplasma.ca\/fr\/wp-json\/wp\/v2\/pages"}],"about":[{"href":"https:\/\/giveplasma.ca\/fr\/wp-json\/wp\/v2\/types\/page"}],"author":[{"embeddable":true,"href":"https:\/\/giveplasma.ca\/fr\/wp-json\/wp\/v2\/users\/1"}],"replies":[{"embeddable":true,"href":"https:\/\/giveplasma.ca\/fr\/wp-json\/wp\/v2\/comments?post=162"}],"version-history":[{"count":7,"href":"https:\/\/giveplasma.ca\/fr\/wp-json\/wp\/v2\/pages\/162\/revisions"}],"predecessor-version":[{"id":3708,"href":"https:\/\/giveplasma.ca\/fr\/wp-json\/wp\/v2\/pages\/162\/revisions\/3708"}],"up":[{"embeddable":true,"href":"https:\/\/giveplasma.ca\/fr\/wp-json\/wp\/v2\/pages\/167"}],"wp:attachment":[{"href":"https:\/\/giveplasma.ca\/fr\/wp-json\/wp\/v2\/media?parent=162"}],"curies":[{"name":"wp","href":"https:\/\/api.w.org\/{rel}","templated":true}]}}