{"id":160,"date":"2020-05-11T14:30:54","date_gmt":"2020-05-11T18:30:54","guid":{"rendered":"https:\/\/giveplasma.ca\/what-is-plasma\/"},"modified":"2024-02-21T10:02:21","modified_gmt":"2024-02-21T15:02:21","slug":"quest-ce-que-le-plasma","status":"publish","type":"page","link":"https:\/\/giveplasma.ca\/fr\/au-sujet-du-plasma\/quest-ce-que-le-plasma\/","title":{"rendered":"Qu\u2019est-ce que le plasma?"},"content":{"rendered":"\n<p>Le plasma est l\u2019une des principales composantes du sang. C\u2019est la partie du sang, couleur de paille, dans laquelle les cellules sanguines sont en suspension.<\/p>\n\n\n\n<p>Le plasma constitue environ&nbsp;<strong>55 pour cent<\/strong>&nbsp;du volume total de sang humain.<\/p>\n\n\n\n<p>Le plasma en soi est largement compos\u00e9 d\u2019eau (<strong>92 pour cent<\/strong>), de prot\u00e9ines plasmatiques&nbsp;(<strong>7 pour cent<\/strong>)&nbsp;et de solut\u00e9s&nbsp;(<strong>1 pour cent<\/strong>)&nbsp;comme des \u00e9lectrolytes, les nutriments organiques et des d\u00e9chets.<\/p>\n\n\n\n<p>La partie du plasma riche en prot\u00e9ines sert \u00e0 la fabrication de th\u00e9rapies vitales.<\/p>\n\n\n\n<div class=\"wp-block-image\"><figure class=\"aligncenter size-large\"><img loading=\"lazy\" loading=\"lazy\" width=\"1024\" height=\"682\" src=\"https:\/\/giveplasma.ca\/wp-content\/uploads\/2024\/02\/what-we-collect-eng-1310-1-1-1024x682.webp\" alt=\"\" class=\"wp-image-3592\" srcset=\"https:\/\/giveplasma.ca\/wp-content\/uploads\/2024\/02\/what-we-collect-eng-1310-1-1-1024x682.webp 1024w, https:\/\/giveplasma.ca\/wp-content\/uploads\/2024\/02\/what-we-collect-eng-1310-1-1-300x200.webp 300w, https:\/\/giveplasma.ca\/wp-content\/uploads\/2024\/02\/what-we-collect-eng-1310-1-1-768x512.webp 768w, https:\/\/giveplasma.ca\/wp-content\/uploads\/2024\/02\/what-we-collect-eng-1310-1-1.webp 1310w\" sizes=\"(max-width: 1024px) 100vw, 1024px\" \/><\/figure><\/div>\n","protected":false},"excerpt":{"rendered":"<p>Le plasma est l\u2019une des principales composantes du sang. C\u2019est la partie du sang, couleur de paille, dans laquelle les cellules sanguines sont en suspension. Le plasma constitue environ&nbsp;55 pour cent&nbsp;du volume total de sang humain. Le plasma en soi est largement compos\u00e9 d\u2019eau (92 pour cent), de prot\u00e9ines plasmatiques&nbsp;(7 pour cent)&nbsp;et de solut\u00e9s&nbsp;(1 pour&hellip; <a class=\"text-nowrap\" href=\"https:\/\/giveplasma.ca\/fr\/au-sujet-du-plasma\/quest-ce-que-le-plasma\/\">Continue reading<span class=\"sr-only\"> Qu\u2019est-ce que le plasma?<\/span><\/a><\/p>\n","protected":false},"author":1,"featured_media":0,"parent":167,"menu_order":17,"comment_status":"closed","ping_status":"closed","template":"","meta":{"_coblocks_attr":"","_coblocks_dimensions":"","_coblocks_responsive_height":"","_coblocks_accordion_ie_support":""},"acf":[],"yoast_head":"<!-- This site is optimized with the Yoast SEO plugin v19.4 - https:\/\/yoast.com\/wordpress\/plugins\/seo\/ -->\n<title>Qu\u2019est-ce que le plasma? - Grifols<\/title>\n<meta name=\"robots\" content=\"index, follow, max-snippet:-1, max-image-preview:large, max-video-preview:-1\" \/>\n<link rel=\"canonical\" href=\"https:\/\/giveplasma.ca\/fr\/au-sujet-du-plasma\/quest-ce-que-le-plasma\/\" \/>\n<meta property=\"og:locale\" content=\"fr_FR\" \/>\n<meta property=\"og:type\" content=\"article\" \/>\n<meta property=\"og:title\" content=\"Qu\u2019est-ce que le plasma? - Grifols\" \/>\n<meta property=\"og:description\" content=\"Le plasma est l\u2019une des principales composantes du sang. C\u2019est la partie du sang, couleur de paille, dans laquelle les cellules sanguines sont en suspension. Le plasma constitue environ&nbsp;55 pour cent&nbsp;du volume total de sang humain. Le plasma en soi est largement compos\u00e9 d\u2019eau (92 pour cent), de prot\u00e9ines plasmatiques&nbsp;(7 pour cent)&nbsp;et de solut\u00e9s&nbsp;(1 pour&hellip; Continue reading Qu\u2019est-ce que le plasma?\" \/>\n<meta property=\"og:url\" content=\"https:\/\/giveplasma.ca\/fr\/au-sujet-du-plasma\/quest-ce-que-le-plasma\/\" \/>\n<meta property=\"og:site_name\" content=\"Grifols\" \/>\n<meta property=\"article:publisher\" content=\"https:\/\/www.facebook.com\/giveplasma\" \/>\n<meta property=\"article:modified_time\" content=\"2024-02-21T15:02:21+00:00\" \/>\n<meta property=\"og:image\" content=\"https:\/\/giveplasma.ca\/wp-content\/uploads\/2024\/02\/what-we-collect-eng-1310-1-1-1024x682.webp\" \/>\n<meta name=\"twitter:card\" content=\"summary_large_image\" \/>\n<meta name=\"twitter:site\" content=\"@giveplasma\" \/>\n<meta name=\"twitter:label1\" content=\"Dur\u00e9e de lecture estim\u00e9e\" \/>\n\t<meta name=\"twitter:data1\" content=\"1 minute\" \/>\n<script type=\"application\/ld+json\" class=\"yoast-schema-graph\">{\"@context\":\"https:\/\/schema.org\",\"@graph\":[{\"@type\":\"Organization\",\"@id\":\"https:\/\/giveplasma.ca\/#organization\",\"name\":\"Grifols\",\"url\":\"https:\/\/giveplasma.ca\/\",\"sameAs\":[\"https:\/\/www.instagram.com\/giveplasma\/\",\"https:\/\/www.youtube.com\/channel\/UC-AZ6t3Ap4xP6C7JocUsnBA\",\"https:\/\/en.wikipedia.org\/wiki\/Canadian_Plasma_Resources\",\"https:\/\/www.facebook.com\/giveplasma\",\"https:\/\/twitter.com\/giveplasma\"],\"logo\":{\"@type\":\"ImageObject\",\"inLanguage\":\"fr-FR\",\"@id\":\"https:\/\/giveplasma.ca\/#\/schema\/logo\/image\/\",\"url\":\"https:\/\/giveplasma.ca\/wp-content\/uploads\/2024\/02\/Grifols-Plasma-Logo-High-Res-151.png\",\"contentUrl\":\"https:\/\/giveplasma.ca\/wp-content\/uploads\/2024\/02\/Grifols-Plasma-Logo-High-Res-151.png\",\"width\":151,\"height\":56,\"caption\":\"Grifols\"},\"image\":{\"@id\":\"https:\/\/giveplasma.ca\/#\/schema\/logo\/image\/\"}},{\"@type\":\"WebSite\",\"@id\":\"https:\/\/giveplasma.ca\/#website\",\"url\":\"https:\/\/giveplasma.ca\/\",\"name\":\"Grifols\",\"description\":\"Give Plasma, Give Life\",\"publisher\":{\"@id\":\"https:\/\/giveplasma.ca\/#organization\"},\"potentialAction\":[{\"@type\":\"SearchAction\",\"target\":{\"@type\":\"EntryPoint\",\"urlTemplate\":\"https:\/\/giveplasma.ca\/?s={search_term_string}\"},\"query-input\":\"required name=search_term_string\"}],\"inLanguage\":\"fr-FR\"},{\"@type\":\"WebPage\",\"@id\":\"https:\/\/giveplasma.ca\/fr\/au-sujet-du-plasma\/quest-ce-que-le-plasma\/\",\"url\":\"https:\/\/giveplasma.ca\/fr\/au-sujet-du-plasma\/quest-ce-que-le-plasma\/\",\"name\":\"Qu\u2019est-ce que le plasma? - Grifols\",\"isPartOf\":{\"@id\":\"https:\/\/giveplasma.ca\/#website\"},\"datePublished\":\"2020-05-11T18:30:54+00:00\",\"dateModified\":\"2024-02-21T15:02:21+00:00\",\"breadcrumb\":{\"@id\":\"https:\/\/giveplasma.ca\/fr\/au-sujet-du-plasma\/quest-ce-que-le-plasma\/#breadcrumb\"},\"inLanguage\":\"fr-FR\",\"potentialAction\":[{\"@type\":\"ReadAction\",\"target\":[\"https:\/\/giveplasma.ca\/fr\/au-sujet-du-plasma\/quest-ce-que-le-plasma\/\"]}]},{\"@type\":\"BreadcrumbList\",\"@id\":\"https:\/\/giveplasma.ca\/fr\/au-sujet-du-plasma\/quest-ce-que-le-plasma\/#breadcrumb\",\"itemListElement\":[{\"@type\":\"ListItem\",\"position\":1,\"name\":\"Home\",\"item\":\"https:\/\/giveplasma.ca\/fr\/\"},{\"@type\":\"ListItem\",\"position\":2,\"name\":\"Au sujet du plasma\",\"item\":\"https:\/\/giveplasma.ca\/fr\/au-sujet-du-plasma\/\"},{\"@type\":\"ListItem\",\"position\":3,\"name\":\"Qu\u2019est-ce que le plasma?\"}]}]}<\/script>\n<!-- \/ Yoast SEO plugin. -->","yoast_head_json":{"title":"Qu\u2019est-ce que le plasma? - Grifols","robots":{"index":"index","follow":"follow","max-snippet":"max-snippet:-1","max-image-preview":"max-image-preview:large","max-video-preview":"max-video-preview:-1"},"canonical":"https:\/\/giveplasma.ca\/fr\/au-sujet-du-plasma\/quest-ce-que-le-plasma\/","og_locale":"fr_FR","og_type":"article","og_title":"Qu\u2019est-ce que le plasma? - Grifols","og_description":"Le plasma est l\u2019une des principales composantes du sang. C\u2019est la partie du sang, couleur de paille, dans laquelle les cellules sanguines sont en suspension. Le plasma constitue environ&nbsp;55 pour cent&nbsp;du volume total de sang humain. Le plasma en soi est largement compos\u00e9 d\u2019eau (92 pour cent), de prot\u00e9ines plasmatiques&nbsp;(7 pour cent)&nbsp;et de solut\u00e9s&nbsp;(1 pour&hellip; Continue reading Qu\u2019est-ce que le plasma?","og_url":"https:\/\/giveplasma.ca\/fr\/au-sujet-du-plasma\/quest-ce-que-le-plasma\/","og_site_name":"Grifols","article_publisher":"https:\/\/www.facebook.com\/giveplasma","article_modified_time":"2024-02-21T15:02:21+00:00","og_image":[{"url":"https:\/\/giveplasma.ca\/wp-content\/uploads\/2024\/02\/what-we-collect-eng-1310-1-1-1024x682.webp"}],"twitter_card":"summary_large_image","twitter_site":"@giveplasma","twitter_misc":{"Dur\u00e9e de lecture estim\u00e9e":"1 minute"},"schema":{"@context":"https:\/\/schema.org","@graph":[{"@type":"Organization","@id":"https:\/\/giveplasma.ca\/#organization","name":"Grifols","url":"https:\/\/giveplasma.ca\/","sameAs":["https:\/\/www.instagram.com\/giveplasma\/","https:\/\/www.youtube.com\/channel\/UC-AZ6t3Ap4xP6C7JocUsnBA","https:\/\/en.wikipedia.org\/wiki\/Canadian_Plasma_Resources","https:\/\/www.facebook.com\/giveplasma","https:\/\/twitter.com\/giveplasma"],"logo":{"@type":"ImageObject","inLanguage":"fr-FR","@id":"https:\/\/giveplasma.ca\/#\/schema\/logo\/image\/","url":"https:\/\/giveplasma.ca\/wp-content\/uploads\/2024\/02\/Grifols-Plasma-Logo-High-Res-151.png","contentUrl":"https:\/\/giveplasma.ca\/wp-content\/uploads\/2024\/02\/Grifols-Plasma-Logo-High-Res-151.png","width":151,"height":56,"caption":"Grifols"},"image":{"@id":"https:\/\/giveplasma.ca\/#\/schema\/logo\/image\/"}},{"@type":"WebSite","@id":"https:\/\/giveplasma.ca\/#website","url":"https:\/\/giveplasma.ca\/","name":"Grifols","description":"Give Plasma, Give Life","publisher":{"@id":"https:\/\/giveplasma.ca\/#organization"},"potentialAction":[{"@type":"SearchAction","target":{"@type":"EntryPoint","urlTemplate":"https:\/\/giveplasma.ca\/?s={search_term_string}"},"query-input":"required name=search_term_string"}],"inLanguage":"fr-FR"},{"@type":"WebPage","@id":"https:\/\/giveplasma.ca\/fr\/au-sujet-du-plasma\/quest-ce-que-le-plasma\/","url":"https:\/\/giveplasma.ca\/fr\/au-sujet-du-plasma\/quest-ce-que-le-plasma\/","name":"Qu\u2019est-ce que le plasma? - Grifols","isPartOf":{"@id":"https:\/\/giveplasma.ca\/#website"},"datePublished":"2020-05-11T18:30:54+00:00","dateModified":"2024-02-21T15:02:21+00:00","breadcrumb":{"@id":"https:\/\/giveplasma.ca\/fr\/au-sujet-du-plasma\/quest-ce-que-le-plasma\/#breadcrumb"},"inLanguage":"fr-FR","potentialAction":[{"@type":"ReadAction","target":["https:\/\/giveplasma.ca\/fr\/au-sujet-du-plasma\/quest-ce-que-le-plasma\/"]}]},{"@type":"BreadcrumbList","@id":"https:\/\/giveplasma.ca\/fr\/au-sujet-du-plasma\/quest-ce-que-le-plasma\/#breadcrumb","itemListElement":[{"@type":"ListItem","position":1,"name":"Home","item":"https:\/\/giveplasma.ca\/fr\/"},{"@type":"ListItem","position":2,"name":"Au sujet du plasma","item":"https:\/\/giveplasma.ca\/fr\/au-sujet-du-plasma\/"},{"@type":"ListItem","position":3,"name":"Qu\u2019est-ce que le plasma?"}]}]}},"_links":{"self":[{"href":"https:\/\/giveplasma.ca\/fr\/wp-json\/wp\/v2\/pages\/160"}],"collection":[{"href":"https:\/\/giveplasma.ca\/fr\/wp-json\/wp\/v2\/pages"}],"about":[{"href":"https:\/\/giveplasma.ca\/fr\/wp-json\/wp\/v2\/types\/page"}],"author":[{"embeddable":true,"href":"https:\/\/giveplasma.ca\/fr\/wp-json\/wp\/v2\/users\/1"}],"replies":[{"embeddable":true,"href":"https:\/\/giveplasma.ca\/fr\/wp-json\/wp\/v2\/comments?post=160"}],"version-history":[{"count":4,"href":"https:\/\/giveplasma.ca\/fr\/wp-json\/wp\/v2\/pages\/160\/revisions"}],"predecessor-version":[{"id":3596,"href":"https:\/\/giveplasma.ca\/fr\/wp-json\/wp\/v2\/pages\/160\/revisions\/3596"}],"up":[{"embeddable":true,"href":"https:\/\/giveplasma.ca\/fr\/wp-json\/wp\/v2\/pages\/167"}],"wp:attachment":[{"href":"https:\/\/giveplasma.ca\/fr\/wp-json\/wp\/v2\/media?parent=160"}],"curies":[{"name":"wp","href":"https:\/\/api.w.org\/{rel}","templated":true}]}}